{"id":98,"date":"2021-07-23T11:03:57","date_gmt":"2021-07-23T11:03:57","guid":{"rendered":"https:\/\/ecomuseu-corvo.cultura.azores.gov.pt\/?page_id=98"},"modified":"2025-11-26T16:29:58","modified_gmt":"2025-11-26T17:29:58","slug":"educational-service","status":"publish","type":"page","link":"https:\/\/ecomuseu-corvo.cultura.azores.gov.pt\/en\/educational-service\/","title":{"rendered":"Educa\u00e7\u00e3o Patrimonial"},"content":{"rendered":"<p>O servi\u00e7o educativo do Ecomuseu promove uma maior liga\u00e7\u00e3o do p\u00fablico  escolar ao patrim\u00f3nio da ilha do Corvo, atrav\u00e9s de atividades programadas de car\u00e1cter pedag\u00f3gico e l\u00fadico. <\/p>\n\n\n\n<p><strong>Jogos Did\u00e1ticos &#8211; Casa do Tempo<\/strong><\/p>\n\n\n\n<div class=\"wp-block-columns is-layout-flex wp-container-core-columns-is-layout-9d6595d7 wp-block-columns-is-layout-flex\">\n<div class=\"wp-block-column is-layout-flow wp-block-column-is-layout-flow\">\n<figure class=\"wp-block-image size-full\"><a href=\"https:\/\/ecomuseu-corvo.cultura.azores.gov.pt\/wp-content\/uploads\/2024\/12\/enigma-2.pdf\" target=\"_blank\" rel=\"noreferrer noopener\"><img loading=\"lazy\" decoding=\"async\" width=\"785\" height=\"763\" src=\"https:\/\/ecomuseu-corvo.cultura.azores.gov.pt\/wp-content\/uploads\/2022\/03\/EnigmadaFechadura_FolhadeJogo_PTeEN_novo_page-000-1.jpg\" alt=\"\" class=\"wp-image-1000\" srcset=\"https:\/\/ecomuseu-corvo.cultura.azores.gov.pt\/wp-content\/uploads\/2022\/03\/EnigmadaFechadura_FolhadeJogo_PTeEN_novo_page-000-1.jpg 785w, https:\/\/ecomuseu-corvo.cultura.azores.gov.pt\/wp-content\/uploads\/2022\/03\/EnigmadaFechadura_FolhadeJogo_PTeEN_novo_page-000-1-300x292.jpg 300w, https:\/\/ecomuseu-corvo.cultura.azores.gov.pt\/wp-content\/uploads\/2022\/03\/EnigmadaFechadura_FolhadeJogo_PTeEN_novo_page-000-1-768x746.jpg 768w, https:\/\/ecomuseu-corvo.cultura.azores.gov.pt\/wp-content\/uploads\/2022\/03\/EnigmadaFechadura_FolhadeJogo_PTeEN_novo_page-000-1-12x12.jpg 12w\" sizes=\"auto, (max-width: 785px) 100vw, 785px\" \/><\/a><figcaption class=\"wp-element-caption\">O Enigma da Fechadura<\/figcaption><\/figure>\n<\/div>\n\n\n\n<div class=\"wp-block-column is-layout-flow wp-block-column-is-layout-flow\">\n<figure class=\"wp-block-image size-full\"><a href=\"https:\/\/ecomuseu-corvo.cultura.azores.gov.pt\/wp-content\/uploads\/2024\/12\/Polignos_PT_EN-2.pdf\" target=\"_blank\" rel=\"noopener\"><img loading=\"lazy\" decoding=\"async\" width=\"600\" height=\"600\" src=\"https:\/\/ecomuseu-corvo.cultura.azores.gov.pt\/wp-content\/uploads\/2022\/03\/img36.jpg\" alt=\"\" class=\"wp-image-1261\" srcset=\"https:\/\/ecomuseu-corvo.cultura.azores.gov.pt\/wp-content\/uploads\/2022\/03\/img36.jpg 600w, https:\/\/ecomuseu-corvo.cultura.azores.gov.pt\/wp-content\/uploads\/2022\/03\/img36-300x300.jpg 300w, https:\/\/ecomuseu-corvo.cultura.azores.gov.pt\/wp-content\/uploads\/2022\/03\/img36-150x150.jpg 150w, https:\/\/ecomuseu-corvo.cultura.azores.gov.pt\/wp-content\/uploads\/2022\/03\/img36-12x12.jpg 12w\" sizes=\"auto, (max-width: 600px) 100vw, 600px\" \/><\/a><figcaption class=\"wp-element-caption\">Pol\u00edgonos do Patrim\u00f3nio<\/figcaption><\/figure>\n<\/div>\n\n\n\n<div class=\"wp-block-column is-layout-flow wp-block-column-is-layout-flow\">\n<figure class=\"wp-block-gallery has-nested-images columns-default is-cropped wp-block-gallery-1 is-layout-flex wp-block-gallery-is-layout-flex\">\n<figure class=\"wp-block-image size-full\"><a href=\"https:\/\/ecomuseu-corvo.cultura.azores.gov.pt\/wp-content\/uploads\/2024\/12\/jarmo_PT_En.pdf\" target=\"_blank\" rel=\"noopener\"><img decoding=\"async\" data-id=\"1269\" src=\"https:\/\/ecomuseu-corvo.cultura.azores.gov.pt\/wp-content\/uploads\/2022\/03\/JARMO_TABUL_page-0001-5-1.jpg\" alt=\"\" class=\"wp-image-1269\"\/><\/a><figcaption class=\"wp-element-caption\">Jarmo Corvino<\/figcaption><\/figure>\n<\/figure>\n<\/div>\n<\/div>\n\n\n\n<figure class=\"wp-block-embed is-type-wp-embed is-provider-genially wp-block-embed-genially\"><div class=\"wp-block-embed__wrapper\">\n<iframe class=\"wp-embedded-content\" sandbox=\"allow-scripts\" security=\"restricted\" title=\"Jogo do Ecomuseu\" frameborder='0' width='1200' height='675' src='https:\/\/view.genially.com\/62de75e21dec650011a91f4b#?secret=ANYGOnKB26' data-secret='ANYGOnKB26' scrolling='yes'><\/iframe>\n<\/div><figcaption class=\"wp-element-caption\">Jogo de Tabuleiro Digital &#8211; Ecomuseu do Corvo<\/figcaption><\/figure>\n\n\n\n<div class=\"wp-block-columns is-layout-flex wp-container-core-columns-is-layout-9d6595d7 wp-block-columns-is-layout-flex\">\n<div class=\"wp-block-column is-layout-flow wp-block-column-is-layout-flow\">\n<figure class=\"wp-block-embed is-type-wp-embed is-provider-wordwall wp-block-embed-wordwall\"><div class=\"wp-block-embed__wrapper\">\n<iframe loading=\"lazy\" class=\"wp-embedded-content\" sandbox=\"allow-scripts\" security=\"restricted\" title=\"Hist\u00f3ria do Corvo\" src=\"https:\/\/wordwall.net\/pt\/embed\/04927ed31096403cb4869168fe39803d?themeId=44&#038;ref=oembed#?secret=bbeLuKumkM\" data-secret=\"bbeLuKumkM\" width=\"500\" height=\"380\" frameborder=\"0\"><\/iframe>\n<\/div><figcaption class=\"wp-element-caption\">Jogo &#8220;Hist\u00f3ria do Corvo&#8221;<\/figcaption><\/figure>\n<\/div>\n\n\n\n<div class=\"wp-block-column is-layout-flow wp-block-column-is-layout-flow\">\n<figure class=\"wp-block-embed is-type-wp-embed is-provider-wordwall wp-block-embed-wordwall\"><div class=\"wp-block-embed__wrapper\">\n<iframe loading=\"lazy\" class=\"wp-embedded-content\" sandbox=\"allow-scripts\" security=\"restricted\" title=\"Jogo de Mem\u00f3ria\" src=\"https:\/\/wordwall.net\/pt\/embed\/3c937e5643b645859ae4e4924c8be3e6?themeId=50&#038;ref=oembed#?secret=aOSBZdvdDV\" data-secret=\"aOSBZdvdDV\" width=\"500\" height=\"380\" frameborder=\"0\"><\/iframe>\n<\/div><figcaption class=\"wp-element-caption\">Jogo de Mem\u00f3ria<\/figcaption><\/figure>\n<\/div>\n<\/div>\n\n\n\n<div class=\"wp-block-columns is-layout-flex wp-container-core-columns-is-layout-9d6595d7 wp-block-columns-is-layout-flex\">\n<div class=\"wp-block-column is-layout-flow wp-block-column-is-layout-flow\">\n<figure class=\"wp-block-embed is-type-wp-embed is-provider-wordwall wp-block-embed-wordwall\"><div class=\"wp-block-embed__wrapper\">\n<iframe loading=\"lazy\" class=\"wp-embedded-content\" sandbox=\"allow-scripts\" security=\"restricted\" title=\"Sopa de Letras do Patrim\u00f3nio\" src=\"https:\/\/wordwall.net\/pt\/embed\/8747e29006ed4daeb353caa20a06b65d?themeId=44&#038;ref=oembed#?secret=3bhQjKUmqT\" data-secret=\"3bhQjKUmqT\" width=\"500\" height=\"380\" frameborder=\"0\"><\/iframe>\n<\/div><figcaption class=\"wp-element-caption\"><strong>Sopa de Letras do Patrim\u00f3nio<\/strong><\/figcaption><\/figure>\n<\/div>\n\n\n\n<div class=\"wp-block-column is-layout-flow wp-block-column-is-layout-flow\">\n<figure class=\"wp-block-embed is-type-wp-embed is-provider-wordwall wp-block-embed-wordwall\"><div class=\"wp-block-embed__wrapper\">\n<iframe loading=\"lazy\" class=\"wp-embedded-content\" sandbox=\"allow-scripts\" security=\"restricted\" title=\"Anagrama do Ecomuseu\" src=\"https:\/\/wordwall.net\/pt\/embed\/4ccbd00fe11042cc91ba11dc1e953f02?themeId=4&#038;ref=oembed#?secret=rulsRxpYj1\" data-secret=\"rulsRxpYj1\" width=\"500\" height=\"380\" frameborder=\"0\"><\/iframe>\n<\/div><figcaption class=\"wp-element-caption\"><strong>Anagrama do Ecomuseu<\/strong><\/figcaption><\/figure>\n<\/div>\n<\/div>\n\n\n<div class=\"wp-block-image\">\n<figure class=\"aligncenter size-full\"><a href=\"https:\/\/view.genially.com\/683838503a35285a523c7d96\/interactive-content-millionaire\" target=\"_blank\" rel=\"noreferrer noopener\"><img loading=\"lazy\" decoding=\"async\" width=\"567\" height=\"293\" src=\"https:\/\/ecomuseu-corvo.cultura.azores.gov.pt\/wp-content\/uploads\/2025\/05\/Imagem1.png\" alt=\"\" class=\"wp-image-4473\" srcset=\"https:\/\/ecomuseu-corvo.cultura.azores.gov.pt\/wp-content\/uploads\/2025\/05\/Imagem1.png 567w, https:\/\/ecomuseu-corvo.cultura.azores.gov.pt\/wp-content\/uploads\/2025\/05\/Imagem1-300x155.png 300w, https:\/\/ecomuseu-corvo.cultura.azores.gov.pt\/wp-content\/uploads\/2025\/05\/Imagem1-18x9.png 18w\" sizes=\"auto, (max-width: 567px) 100vw, 567px\" \/><\/a><\/figure>\n<\/div>\n\n<div class=\"wp-block-image\">\n<figure class=\"aligncenter size-full is-resized\"><a href=\"https:\/\/ecomuseu-corvo.cultura.azores.gov.pt\/wp-content\/uploads\/2025\/05\/quiz_falar_corvino_final_visual.html\" target=\"_blank\" rel=\"noreferrer noopener\"><img loading=\"lazy\" decoding=\"async\" width=\"567\" height=\"232\" src=\"https:\/\/ecomuseu-corvo.cultura.azores.gov.pt\/wp-content\/uploads\/2025\/05\/Imagem2.png\" alt=\"\" class=\"wp-image-4482\" style=\"width:610px;height:auto\" srcset=\"https:\/\/ecomuseu-corvo.cultura.azores.gov.pt\/wp-content\/uploads\/2025\/05\/Imagem2.png 567w, https:\/\/ecomuseu-corvo.cultura.azores.gov.pt\/wp-content\/uploads\/2025\/05\/Imagem2-300x123.png 300w, https:\/\/ecomuseu-corvo.cultura.azores.gov.pt\/wp-content\/uploads\/2025\/05\/Imagem2-18x7.png 18w\" sizes=\"auto, (max-width: 567px) 100vw, 567px\" \/><\/a><\/figure>\n<\/div>\n\n<div class=\"wp-block-image\">\n<figure class=\"aligncenter size-large\"><a href=\"https:\/\/view.genially.com\/673c66b77a5906b5a8b108c1\/interactive-content-quiz-trivial-emigracao-e-imigracao\" target=\"_blank\" rel=\"noreferrer noopener\"><img loading=\"lazy\" decoding=\"async\" width=\"1024\" height=\"531\" src=\"https:\/\/ecomuseu-corvo.cultura.azores.gov.pt\/wp-content\/uploads\/2024\/12\/imagem-1024x531.png\" alt=\"\" class=\"wp-image-4134\" srcset=\"https:\/\/ecomuseu-corvo.cultura.azores.gov.pt\/wp-content\/uploads\/2024\/12\/imagem-1024x531.png 1024w, https:\/\/ecomuseu-corvo.cultura.azores.gov.pt\/wp-content\/uploads\/2024\/12\/imagem-300x156.png 300w, https:\/\/ecomuseu-corvo.cultura.azores.gov.pt\/wp-content\/uploads\/2024\/12\/imagem-768x398.png 768w, https:\/\/ecomuseu-corvo.cultura.azores.gov.pt\/wp-content\/uploads\/2024\/12\/imagem-18x9.png 18w, https:\/\/ecomuseu-corvo.cultura.azores.gov.pt\/wp-content\/uploads\/2024\/12\/imagem-1200x623.png 1200w, https:\/\/ecomuseu-corvo.cultura.azores.gov.pt\/wp-content\/uploads\/2024\/12\/imagem.png 1459w\" sizes=\"auto, (max-width: 1024px) 100vw, 1024px\" \/><\/a><\/figure>\n<\/div>\n\n\n<p><\/p>\n\n\n\n<p class=\"has-text-align-center\"><\/p>\n\n\n\n<p class=\"has-text-align-left\"><strong>Atividades Regulares<\/strong><\/p>\n\n\n\n<div class=\"wp-block-columns alignwide is-layout-flex wp-container-core-columns-is-layout-9d6595d7 wp-block-columns-is-layout-flex\">\n<div class=\"wp-block-column is-layout-flow wp-block-column-is-layout-flow\">\n<div class=\"wp-block-group has-background\" style=\"background-color:#ffffff\"><div class=\"wp-block-group__inner-container is-layout-flow wp-block-group-is-layout-flow\">\n<figure class=\"wp-block-image size-full\"><img loading=\"lazy\" decoding=\"async\" width=\"600\" height=\"437\" src=\"https:\/\/ecomuseu-corvo.cultura.azores.gov.pt\/wp-content\/uploads\/2022\/03\/Imagem2-1-1.png\" alt=\"\" class=\"wp-image-1249\" srcset=\"https:\/\/ecomuseu-corvo.cultura.azores.gov.pt\/wp-content\/uploads\/2022\/03\/Imagem2-1-1.png 600w, https:\/\/ecomuseu-corvo.cultura.azores.gov.pt\/wp-content\/uploads\/2022\/03\/Imagem2-1-1-300x219.png 300w, https:\/\/ecomuseu-corvo.cultura.azores.gov.pt\/wp-content\/uploads\/2022\/03\/Imagem2-1-1-16x12.png 16w\" sizes=\"auto, (max-width: 600px) 100vw, 600px\" \/><\/figure>\n\n\n\n<h4 class=\"wp-block-heading has-text-align-center\">F\u00e9rias no Ecomuseu<\/h4>\n\n\n\n<p class=\"has-text-align-center\">Jogos did\u00e1ticos, apresenta\u00e7\u00e3o de v\u00eddeos, visitas virtuais a museus nacionais e internacionais, pequenas sess\u00f5es   criativas (trabalhos art\u00edsticos), sess\u00f5es de leitura orientada e atividades relacionadas com a Hist\u00f3ria,  divulga\u00e7\u00e3o e preserva\u00e7\u00e3o do Patrim\u00f3nio.<\/p>\n\n\n\n<p>Ver mais:<a rel=\"noreferrer noopener\" href=\"https:\/\/ecomuseu-corvo.cultura.azores.gov.pt\/en\/evento\/ferias-de-natal-no-ecomuseu\/\" target=\"_blank\"> F\u00e9rias no Ecomuseu 2021 Natal<\/a> \u00bb\u00bb<\/p>\n\n\n\n<p>Ver mais:<a rel=\"noreferrer noopener\" href=\"https:\/\/ecomuseu-corvo.cultura.azores.gov.pt\/en\/evento\/ferias-no-ecomuseu-pascoa\/\" target=\"_blank\"> F\u00e9rias no Ecomuseu 2021 P\u00e1scoa<\/a> \u00bb\u00bb<\/p>\n\n\n\n<div class=\"wp-block-buttons is-content-justification-center is-layout-flex wp-container-core-buttons-is-layout-16018d1d wp-block-buttons-is-layout-flex\"><\/div>\n<\/div><\/div>\n<\/div>\n\n\n\n<div class=\"wp-block-column is-layout-flow wp-block-column-is-layout-flow\">\n<div class=\"wp-block-group has-background\" style=\"background-color:#ffffff\"><div class=\"wp-block-group__inner-container is-layout-flow wp-block-group-is-layout-flow\">\n<figure class=\"wp-block-image size-full\"><img loading=\"lazy\" decoding=\"async\" width=\"600\" height=\"483\" src=\"https:\/\/ecomuseu-corvo.cultura.azores.gov.pt\/wp-content\/uploads\/2022\/03\/Imagem3-1-1.png\" alt=\"\" class=\"wp-image-1250\" srcset=\"https:\/\/ecomuseu-corvo.cultura.azores.gov.pt\/wp-content\/uploads\/2022\/03\/Imagem3-1-1.png 600w, https:\/\/ecomuseu-corvo.cultura.azores.gov.pt\/wp-content\/uploads\/2022\/03\/Imagem3-1-1-300x242.png 300w, https:\/\/ecomuseu-corvo.cultura.azores.gov.pt\/wp-content\/uploads\/2022\/03\/Imagem3-1-1-15x12.png 15w\" sizes=\"auto, (max-width: 600px) 100vw, 600px\" \/><\/figure>\n\n\n\n<h4 class=\"wp-block-heading has-text-align-center\">Dias com Hist\u00f3ria<\/h4>\n\n\n\n<p class=\"has-text-align-center\">Comemora\u00e7\u00f5es do 25 de Abril e do 1.\u00ba de Dezembro. Desafios para assinalar as datas e, assim, dar a conhecer factos da Hist\u00f3ria de Portugal.<\/p>\n\n\n\n<p>Ver mais: <a rel=\"noreferrer noopener\" href=\"https:\/\/ecomuseu-corvo.cultura.azores.gov.pt\/en\/evento\/dias-com-historia-1-de-dezembro\/\" target=\"_blank\">Dias com Hist\u00f3ria &#8211; 1 de Dezembro 2021<\/a> \u00bb\u00bb<\/p>\n\n\n\n<p>Ver mais: <a rel=\"noreferrer noopener\" href=\"https:\/\/ecomuseu-corvo.cultura.azores.gov.pt\/en\/evento\/dias-com-historia-25-de-abril\/\" target=\"_blank\">Dias com Hist\u00f3ria &#8211; 25 de Abril 2021<\/a> \u00bb\u00bb<\/p>\n\n\n\n<div class=\"wp-block-buttons is-content-justification-center is-layout-flex wp-container-core-buttons-is-layout-16018d1d wp-block-buttons-is-layout-flex\"><\/div>\n<\/div><\/div>\n<\/div>\n<\/div>\n\n\n\n<div class=\"wp-block-columns alignwide is-layout-flex wp-container-core-columns-is-layout-9d6595d7 wp-block-columns-is-layout-flex\">\n<div class=\"wp-block-column is-layout-flow wp-block-column-is-layout-flow\">\n<div class=\"wp-block-group has-background\" style=\"background-color:#ffffff\"><div class=\"wp-block-group__inner-container is-layout-flow wp-block-group-is-layout-flow\">\n<figure class=\"wp-block-image size-full\"><img loading=\"lazy\" decoding=\"async\" width=\"600\" height=\"399\" src=\"https:\/\/ecomuseu-corvo.cultura.azores.gov.pt\/wp-content\/uploads\/2022\/03\/tools-g26f397119_1280-1.png\" alt=\"\" class=\"wp-image-1256\" srcset=\"https:\/\/ecomuseu-corvo.cultura.azores.gov.pt\/wp-content\/uploads\/2022\/03\/tools-g26f397119_1280-1.png 600w, https:\/\/ecomuseu-corvo.cultura.azores.gov.pt\/wp-content\/uploads\/2022\/03\/tools-g26f397119_1280-1-300x200.png 300w, https:\/\/ecomuseu-corvo.cultura.azores.gov.pt\/wp-content\/uploads\/2022\/03\/tools-g26f397119_1280-1-18x12.png 18w\" sizes=\"auto, (max-width: 600px) 100vw, 600px\" \/><\/figure>\n\n\n\n<h4 class=\"wp-block-heading has-text-align-center\">Oficina &#8220;Of\u00edcios e Ferramentas de Antigamente&#8221;<\/h4>\n\n\n\n<p class=\"has-text-align-center\">Contacto com v\u00e1rios instrumentos antigos de alfaia agr\u00edcola Explica\u00e7\u00e3o dos v\u00e1rios processos associados \u00e0 inventaria\u00e7\u00e3o, por meio de jogos did\u00e1ticos e atividades pr\u00e1ticas.<\/p>\n\n\n\n<p>Ver mais em: <a href=\"https:\/\/ecomuseu-corvo.cultura.azores.gov.pt\/en\/2022\/02\/01\/oficina-e-ferramentas-de-antigamente\/\">Oficina <\/a>\u00bb\u00bb<\/p>\n\n\n\n<div class=\"wp-block-buttons is-content-justification-center is-layout-flex wp-container-core-buttons-is-layout-16018d1d wp-block-buttons-is-layout-flex\"><\/div>\n<\/div><\/div>\n<\/div>\n\n\n\n<div class=\"wp-block-column is-layout-flow wp-block-column-is-layout-flow\">\n<div class=\"wp-block-group has-background\" style=\"background-color:#ffffff\"><div class=\"wp-block-group__inner-container is-layout-flow wp-block-group-is-layout-flow\">\n<figure class=\"wp-block-image size-full\"><img loading=\"lazy\" decoding=\"async\" width=\"600\" height=\"338\" src=\"https:\/\/ecomuseu-corvo.cultura.azores.gov.pt\/wp-content\/uploads\/2022\/03\/kahoot-1.jpg\" alt=\"\" class=\"wp-image-1257\" srcset=\"https:\/\/ecomuseu-corvo.cultura.azores.gov.pt\/wp-content\/uploads\/2022\/03\/kahoot-1.jpg 600w, https:\/\/ecomuseu-corvo.cultura.azores.gov.pt\/wp-content\/uploads\/2022\/03\/kahoot-1-300x169.jpg 300w, https:\/\/ecomuseu-corvo.cultura.azores.gov.pt\/wp-content\/uploads\/2022\/03\/kahoot-1-18x10.jpg 18w\" sizes=\"auto, (max-width: 600px) 100vw, 600px\" \/><\/figure>\n\n\n\n<h4 class=\"wp-block-heading has-text-align-center\">Desafios Kahoot<\/h4>\n\n\n\n<p class=\"has-text-align-center\">\u201c\u00c0 descoberta do Patrim\u00f3nio Corvino\u201d<\/p>\n\n\n\n<p>Ver mais: <a href=\"https:\/\/ecomuseu-corvo.cultura.azores.gov.pt\/en\/evento\/dia-internacional-dos-museus\/\">Dia Internacional dos Museus<\/a> \u00bb\u00bb<\/p>\n\n\n\n<div class=\"wp-block-buttons is-content-justification-center is-layout-flex wp-container-core-buttons-is-layout-16018d1d wp-block-buttons-is-layout-flex\"><\/div>\n<\/div><\/div>\n<\/div>\n<\/div>\n\n\n\n<div class=\"wp-block-media-text alignwide is-stacked-on-mobile\"><figure class=\"wp-block-media-text__media\"><img loading=\"lazy\" decoding=\"async\" width=\"600\" height=\"450\" src=\"https:\/\/ecomuseu-corvo.cultura.azores.gov.pt\/wp-content\/uploads\/2022\/03\/IMG_1509.jpg\" alt=\"\" class=\"wp-image-1246 size-full\" srcset=\"https:\/\/ecomuseu-corvo.cultura.azores.gov.pt\/wp-content\/uploads\/2022\/03\/IMG_1509.jpg 600w, https:\/\/ecomuseu-corvo.cultura.azores.gov.pt\/wp-content\/uploads\/2022\/03\/IMG_1509-300x225.jpg 300w, https:\/\/ecomuseu-corvo.cultura.azores.gov.pt\/wp-content\/uploads\/2022\/03\/IMG_1509-16x12.jpg 16w\" sizes=\"auto, (max-width: 600px) 100vw, 600px\" \/><\/figure><div class=\"wp-block-media-text__content\">\n<ul class=\"wp-block-list\">\n<li>Divulga\u00e7\u00e3o das cole\u00e7\u00f5es;<\/li>\n\n\n\n<li>Descodifica\u00e7\u00e3o e explora\u00e7\u00e3o did\u00e1tica dos conte\u00fados.<\/li>\n<\/ul>\n<\/div><\/div>\n\n\n\n<p>O Ecomuseu tem ainda um conjunto de &#8220;Fichas de Explora\u00e7\u00e3o&#8221; que podem ser utilizadas na prepara\u00e7\u00e3o,  durante a realiza\u00e7\u00e3o ou ap\u00f3s a sua visita, como complemento da mesma.<\/p>\n\n\n\n<p>Fichas de Explora\u00e7\u00e3o Pedag\u00f3gica<\/p>\n\n\n\n<ul class=\"wp-block-list\">\n<li><a href=\"https:\/\/acrobat.adobe.com\/link\/review?uri=urn:aaid:scds:US:8dae9520-6074-3f37-89a0-ea04f7166c56\" target=\"_blank\" rel=\"noreferrer noopener\">2\u00ba ciclo<\/a><\/li>\n\n\n\n<li><a href=\"https:\/\/acrobat.adobe.com\/link\/review?uri=urn:aaid:scds:US:53cf65e2-4048-335a-8b65-8d24d77b2e49\" target=\"_blank\" rel=\"noreferrer noopener\">3\u00ba ciclo<\/a><\/li>\n\n\n\n<li><a href=\"https:\/\/acrobat.adobe.com\/link\/review?uri=urn:aaid:scds:US:7191b571-a7d9-3407-a21a-3b07443f6f9d\" target=\"_blank\" rel=\"noreferrer noopener\">Ensino Secund\u00e1rio<\/a><\/li>\n<\/ul>\n\n\n\n<figure class=\"wp-block-gallery has-nested-images columns-default is-cropped wp-block-gallery-2 is-layout-flex wp-block-gallery-is-layout-flex\">\n<figure class=\"wp-block-image size-large\"><img loading=\"lazy\" decoding=\"async\" width=\"338\" height=\"450\" data-id=\"1048\" src=\"https:\/\/ecomuseu-corvo.cultura.azores.gov.pt\/wp-content\/uploads\/2022\/03\/IMG_2941-rotated.jpg\" alt=\"\" class=\"wp-image-1048\" srcset=\"https:\/\/ecomuseu-corvo.cultura.azores.gov.pt\/wp-content\/uploads\/2022\/03\/IMG_2941-rotated.jpg 338w, https:\/\/ecomuseu-corvo.cultura.azores.gov.pt\/wp-content\/uploads\/2022\/03\/IMG_2941-225x300.jpg 225w, https:\/\/ecomuseu-corvo.cultura.azores.gov.pt\/wp-content\/uploads\/2022\/03\/IMG_2941-9x12.jpg 9w\" sizes=\"auto, (max-width: 338px) 100vw, 338px\" \/><\/figure>\n\n\n\n<figure class=\"wp-block-image size-large\"><img loading=\"lazy\" decoding=\"async\" width=\"450\" height=\"600\" data-id=\"965\" src=\"https:\/\/ecomuseu-corvo.cultura.azores.gov.pt\/wp-content\/uploads\/2022\/03\/242152005_220121733498821_4415889151096828898_n-1.jpg\" alt=\"\" class=\"wp-image-965\" srcset=\"https:\/\/ecomuseu-corvo.cultura.azores.gov.pt\/wp-content\/uploads\/2022\/03\/242152005_220121733498821_4415889151096828898_n-1.jpg 450w, https:\/\/ecomuseu-corvo.cultura.azores.gov.pt\/wp-content\/uploads\/2022\/03\/242152005_220121733498821_4415889151096828898_n-1-225x300.jpg 225w, https:\/\/ecomuseu-corvo.cultura.azores.gov.pt\/wp-content\/uploads\/2022\/03\/242152005_220121733498821_4415889151096828898_n-1-9x12.jpg 9w\" sizes=\"auto, (max-width: 450px) 100vw, 450px\" \/><\/figure>\n\n\n\n<figure class=\"wp-block-image size-large\"><img loading=\"lazy\" decoding=\"async\" width=\"450\" height=\"600\" data-id=\"967\" src=\"https:\/\/ecomuseu-corvo.cultura.azores.gov.pt\/wp-content\/uploads\/2022\/03\/242209411_220121886832139_5882843863619460416_n-1.jpg\" alt=\"\" class=\"wp-image-967\" srcset=\"https:\/\/ecomuseu-corvo.cultura.azores.gov.pt\/wp-content\/uploads\/2022\/03\/242209411_220121886832139_5882843863619460416_n-1.jpg 450w, https:\/\/ecomuseu-corvo.cultura.azores.gov.pt\/wp-content\/uploads\/2022\/03\/242209411_220121886832139_5882843863619460416_n-1-225x300.jpg 225w, https:\/\/ecomuseu-corvo.cultura.azores.gov.pt\/wp-content\/uploads\/2022\/03\/242209411_220121886832139_5882843863619460416_n-1-9x12.jpg 9w\" sizes=\"auto, (max-width: 450px) 100vw, 450px\" \/><\/figure>\n<\/figure>\n\n\n\n<div class=\"wp-block-group\"><div class=\"wp-block-group__inner-container is-layout-constrained wp-block-group-is-layout-constrained\"><\/div><\/div>\n\n\n\n<p class=\"has-text-align-left\">Todas as atividades podem ser agendadas mediante marca\u00e7\u00e3o pr\u00e9via, por telefone ou por correio eletr\u00f3nico:<\/p>\n\n\n\n<p><strong>Endere\u00e7o de e-mail<\/strong><br><a href=\"mailto:ecomuseu.corvo.info@azores.gov.pt\">ecomuseu.corvo.info@azores.gov.pt<\/a><\/p>\n\n\n\n<p><strong>Telefone<\/strong><br><a href=\"tel:+351 292 596 063\">+351 292 596 063<\/a> <\/p>","protected":false},"excerpt":{"rendered":"<p>O servi\u00e7o educativo do Ecomuseu promove uma maior liga\u00e7\u00e3o do p\u00fablico escolar ao patrim\u00f3nio da ilha do Corvo, atrav\u00e9s de atividades programadas de car\u00e1cter pedag\u00f3gico e l\u00fadico. Jogos Did\u00e1ticos &#8211; [&hellip;]<\/p>\n","protected":false},"author":6,"featured_media":0,"parent":0,"menu_order":0,"comment_status":"closed","ping_status":"closed","template":"templates\/template-full-width.php","meta":{"footnotes":""},"class_list":["post-98","page","type-page","status-publish","hentry"],"_links":{"self":[{"href":"https:\/\/ecomuseu-corvo.cultura.azores.gov.pt\/en\/wp-json\/wp\/v2\/pages\/98","targetHints":{"allow":["GET"]}}],"collection":[{"href":"https:\/\/ecomuseu-corvo.cultura.azores.gov.pt\/en\/wp-json\/wp\/v2\/pages"}],"about":[{"href":"https:\/\/ecomuseu-corvo.cultura.azores.gov.pt\/en\/wp-json\/wp\/v2\/types\/page"}],"author":[{"embeddable":true,"href":"https:\/\/ecomuseu-corvo.cultura.azores.gov.pt\/en\/wp-json\/wp\/v2\/users\/6"}],"replies":[{"embeddable":true,"href":"https:\/\/ecomuseu-corvo.cultura.azores.gov.pt\/en\/wp-json\/wp\/v2\/comments?post=98"}],"version-history":[{"count":57,"href":"https:\/\/ecomuseu-corvo.cultura.azores.gov.pt\/en\/wp-json\/wp\/v2\/pages\/98\/revisions"}],"predecessor-version":[{"id":4919,"href":"https:\/\/ecomuseu-corvo.cultura.azores.gov.pt\/en\/wp-json\/wp\/v2\/pages\/98\/revisions\/4919"}],"wp:attachment":[{"href":"https:\/\/ecomuseu-corvo.cultura.azores.gov.pt\/en\/wp-json\/wp\/v2\/media?parent=98"}],"curies":[{"name":"wp","href":"https:\/\/api.w.org\/{rel}","templated":true}]}}