{"id":94,"date":"2021-07-23T10:57:53","date_gmt":"2021-07-23T10:57:53","guid":{"rendered":"https:\/\/ecomuseu-corvo.cultura.azores.gov.pt\/?page_id=94"},"modified":"2026-04-01T15:05:09","modified_gmt":"2026-04-01T15:05:09","slug":"ecomuseological-guide","status":"publish","type":"page","link":"https:\/\/ecomuseu-corvo.cultura.azores.gov.pt\/en\/ecomuseological-guide\/","title":{"rendered":"Programa\u00e7\u00e3o ecomuseol\u00f3gica"},"content":{"rendered":"<p class=\"has-text-align-center\"><a href=\"https:\/\/ecomuseu-corvo.cultura.azores.gov.pt\/wp-content\/uploads\/2021\/08\/activity_report_2020-1.pdf\" target=\"_blank\" rel=\"noreferrer noopener\">Relat\u00f3rio de atividades de 2020<\/a><\/p>\n\n\n\n<p class=\"has-text-align-center\"><a rel=\"noreferrer noopener\" href=\"https:\/\/ecomuseu-corvo.cultura.azores.gov.pt\/wp-content\/uploads\/2021\/08\/activity_plan_2021.pdf\" target=\"_blank\">Plano de atividades de 2021<\/a><\/p>\n\n\n\n<p class=\"has-text-align-center ticss-fa1e5ca0\"><a href=\"https:\/\/ecomuseu-corvo.cultura.azores.gov.pt\/wp-content\/uploads\/2022\/09\/Relatorio-de-atividades_2021.pdf\" target=\"_blank\" rel=\"noreferrer noopener\">Relat\u00f3rio de atividades 2021<\/a><\/p>\n\n\n\n<p class=\"has-text-align-center\"><a rel=\"noreferrer noopener\" href=\"https:\/\/ecomuseu-corvo.cultura.azores.gov.pt\/wp-content\/uploads\/2022\/03\/PAEMC_2022_final.pdf\" target=\"_blank\">Plano de Atividades 2022<\/a><\/p>\n\n\n\n<p class=\"has-text-align-center\"><a href=\"https:\/\/ecomuseu-corvo.cultura.azores.gov.pt\/wp-content\/uploads\/2023\/12\/Relatorio-de-atividades_2022_.pdf\" data-type=\"link\" data-id=\"https:\/\/ecomuseu-corvo.cultura.azores.gov.pt\/wp-content\/uploads\/2023\/12\/Relatorio-de-atividades_2022_.pdf\">Relat\u00f3rio de Atividades 2022<\/a><\/p>\n\n\n\n<p class=\"has-text-align-center\"><a href=\"https:\/\/ecomuseu-corvo.cultura.azores.gov.pt\/wp-content\/uploads\/2023\/12\/PAEMC_2023.pdf\" data-type=\"link\" data-id=\"https:\/\/ecomuseu-corvo.cultura.azores.gov.pt\/wp-content\/uploads\/2023\/12\/PAEMC_2023.pdf\">Plano de Atividades 2023<\/a><\/p>\n\n\n\n<p class=\"has-text-align-center\"><a href=\"https:\/\/ecomuseu-corvo.cultura.azores.gov.pt\/wp-content\/uploads\/2024\/07\/Relatorio_atividades_2023.pdf\" data-type=\"link\" data-id=\"https:\/\/ecomuseu-corvo.cultura.azores.gov.pt\/wp-content\/uploads\/2024\/07\/Relatorio_atividades_2023.pdf\" target=\"_blank\" rel=\"noreferrer noopener\">Relat\u00f3rio de Atividades 2023 <\/a><\/p>\n\n\n\n<p class=\"has-text-align-center\">                                     <a href=\"https:\/\/ecomuseu-corvo.cultura.azores.gov.pt\/wp-content\/uploads\/2024\/07\/PAEMC_2024_F.pdf\" data-type=\"link\" data-id=\"https:\/\/ecomuseu-corvo.cultura.azores.gov.pt\/wp-content\/uploads\/2024\/07\/PAEMC_2024_F.pdf\" target=\"_blank\" rel=\"noreferrer noopener\">  Plano de Atividades 2024<\/a><\/p>\n\n\n\n<p class=\"has-text-align-center\"><a href=\"https:\/\/ecomuseu-corvo.cultura.azores.gov.pt\/wp-content\/uploads\/2025\/06\/Relatorio_atividades_2024_VF.pdf\">Relat\u00f3rio de Atividades 2024<\/a><\/p>\n\n\n\n<p class=\"has-text-align-center\"><a href=\"https:\/\/ecomuseu-corvo.cultura.azores.gov.pt\/wp-content\/uploads\/2026\/01\/PA_EMC_2025.pdf\" data-type=\"link\" data-id=\"https:\/\/ecomuseu-corvo.cultura.azores.gov.pt\/wp-content\/uploads\/2026\/01\/PA_EMC_2025.pdf\" target=\"_blank\" rel=\"noreferrer noopener\">Plano de Atividades 2025<\/a><\/p>\n\n\n\n<p class=\"has-text-align-center\">                                  <a href=\"https:\/\/ecomuseu-corvo.cultura.azores.gov.pt\/wp-content\/uploads\/2026\/04\/Relatorio-de-Atividades_2025_Doc_FINAL.pdf\" data-type=\"link\" data-id=\"https:\/\/ecomuseu-corvo.cultura.azores.gov.pt\/wp-content\/uploads\/2026\/04\/Relatorio-de-Atividades_2025_Doc_FINAL.pdf\">   Relat\u00f3rio de Atividades 2025<\/a><\/p>\n\n\n\n<p>\u00c9 atrav\u00e9s de um Programa de A\u00e7\u00e3o Museol\u00f3gica, (que deve ser concebido, executado e avaliado de forma participativa) que o Ecomuseu se materializa. O conhecimento cr\u00edtico e a apropria\u00e7\u00e3o consciente por parte das pessoas do Corvo do seu patrim\u00f3nio, s\u00e3o fatores indispens\u00e1veis no processo de preserva\u00e7\u00e3o sustent\u00e1vel desses bens, assim como no fortalecimento dos sentimentos de identidade e cidadania.<br>Do ponto de vista da a\u00e7\u00e3o museal, o Ecomuseu do Corvo realiza a cadeia operat\u00f3ria seguindo uma metodologia que lhe \u00e9 pr\u00f3pria, tendo sempre em conta as din\u00e2micas que as pessoas e as coletividades estruturadas do territ\u00f3rio v\u00e3o estabelecendo:<br>1.\u00ba &#8211; conhecer o patrim\u00f3nio (invent\u00e1rio compartilhado);<br>2.\u00ba &#8211; determinar os usos do patrim\u00f3nio (forma participada);<br>3.\u00ba &#8211; organizar a a\u00e7\u00e3o patrimonial (planear e programar em conjunto);<br>4.\u00ba &#8211; executar as a\u00e7\u00f5es patrimoniais (forma participada);<br>5.\u00ba &#8211; avaliar as a\u00e7\u00f5es desenvolvidas (forma participada).<\/p>\n\n\n\n<p><\/p>","protected":false},"excerpt":{"rendered":"<p>Relat\u00f3rio de atividades de 2020 Plano de atividades de 2021 Relat\u00f3rio de atividades 2021 Plano de Atividades 2022 Relat\u00f3rio de Atividades 2022 Plano de Atividades 2023 Relat\u00f3rio de Atividades 2023 [&hellip;]<\/p>\n","protected":false},"author":6,"featured_media":0,"parent":0,"menu_order":0,"comment_status":"closed","ping_status":"closed","template":"templates\/template-full-width.php","meta":{"footnotes":""},"class_list":["post-94","page","type-page","status-publish","hentry"],"_links":{"self":[{"href":"https:\/\/ecomuseu-corvo.cultura.azores.gov.pt\/en\/wp-json\/wp\/v2\/pages\/94","targetHints":{"allow":["GET"]}}],"collection":[{"href":"https:\/\/ecomuseu-corvo.cultura.azores.gov.pt\/en\/wp-json\/wp\/v2\/pages"}],"about":[{"href":"https:\/\/ecomuseu-corvo.cultura.azores.gov.pt\/en\/wp-json\/wp\/v2\/types\/page"}],"author":[{"embeddable":true,"href":"https:\/\/ecomuseu-corvo.cultura.azores.gov.pt\/en\/wp-json\/wp\/v2\/users\/6"}],"replies":[{"embeddable":true,"href":"https:\/\/ecomuseu-corvo.cultura.azores.gov.pt\/en\/wp-json\/wp\/v2\/comments?post=94"}],"version-history":[{"count":20,"href":"https:\/\/ecomuseu-corvo.cultura.azores.gov.pt\/en\/wp-json\/wp\/v2\/pages\/94\/revisions"}],"predecessor-version":[{"id":5194,"href":"https:\/\/ecomuseu-corvo.cultura.azores.gov.pt\/en\/wp-json\/wp\/v2\/pages\/94\/revisions\/5194"}],"wp:attachment":[{"href":"https:\/\/ecomuseu-corvo.cultura.azores.gov.pt\/en\/wp-json\/wp\/v2\/media?parent=94"}],"curies":[{"name":"wp","href":"https:\/\/api.w.org\/{rel}","templated":true}]}}