{"id":93,"date":"2021-07-23T10:56:07","date_gmt":"2021-07-23T10:56:07","guid":{"rendered":"https:\/\/ecomuseu-corvo.cultura.azores.gov.pt\/?page_id=93"},"modified":"2026-03-08T23:56:46","modified_gmt":"2026-03-09T00:56:46","slug":"ecomuseology","status":"publish","type":"page","link":"https:\/\/ecomuseu-corvo.cultura.azores.gov.pt\/en\/ecomuseology\/","title":{"rendered":"Ecomuseologia"},"content":{"rendered":"<p class=\"has-text-align-left\">O Ecomuseu do Corvo \u00e9 um museu de territ\u00f3rio, composto por um sistema de redes multirrelacionais que articula p\u00f3los, recursos e complexos de valor patrimonial, geridos nos respetivos contextos ecol\u00f3gicos e numa perspetiva de desenvolvimento social e local.<\/p>\n\n\n\n<p>Os complexos patrimoniais s\u00e3o valores da natureza e da cultura existentes num determinado espa\u00e7o ecol\u00f3gico e que podem ser objeto de promo\u00e7\u00e3o e divulga\u00e7\u00e3o conjunta.<\/p>\n\n\n\n<div class=\"wp-block-media-text alignwide has-media-on-the-right is-stacked-on-mobile\" style=\"grid-template-columns:auto 31%\"><div class=\"wp-block-media-text__content\">\n<p class=\"has-large-font-size\">O Ecomuseu do Corvo visa garantir a salvaguarda e a afirma\u00e7\u00e3o do patrim\u00f3nio natural, hist\u00f3rico, paisag\u00edstico e cultural da ilha do Corvo, na sua dimens\u00e3o material ou imaterial, m\u00f3vel ou im\u00f3vel, p\u00fablico ou privado, e assim promover o desenvolvimento local e a qualidade de vida da popula\u00e7\u00e3o, numa perspetiva de desenvolvimento sustent\u00e1vel.<\/p>\n<\/div><figure class=\"wp-block-media-text__media\"><img loading=\"lazy\" decoding=\"async\" width=\"359\" height=\"566\" src=\"https:\/\/ecomuseu-corvo.cultura.azores.gov.pt\/wp-content\/uploads\/2022\/03\/CORVO-ICONS-DO-PATRIMONIO.png\" alt=\"\" class=\"wp-image-1456 size-full\" srcset=\"https:\/\/ecomuseu-corvo.cultura.azores.gov.pt\/wp-content\/uploads\/2022\/03\/CORVO-ICONS-DO-PATRIMONIO.png 359w, https:\/\/ecomuseu-corvo.cultura.azores.gov.pt\/wp-content\/uploads\/2022\/03\/CORVO-ICONS-DO-PATRIMONIO-190x300.png 190w, https:\/\/ecomuseu-corvo.cultura.azores.gov.pt\/wp-content\/uploads\/2022\/03\/CORVO-ICONS-DO-PATRIMONIO-8x12.png 8w\" sizes=\"auto, (max-width: 359px) 100vw, 359px\" \/><\/figure><\/div>\n\n\n\n<p>Deste modo, o Ecomuseu do Corvo \u00e9 fundamentalmente um processo din\u00e2mico atrav\u00e9s do qual a comunidade corvina preserva, interpreta e gere o seu patrim\u00f3nio para o desenvolvimento sustent\u00e1vel. Por esse motivo, assume a valoriza\u00e7\u00e3o dos recursos humanos e do seu patrim\u00f3nio, num processo criador de uma nova imagem do territ\u00f3rio e dos produtos locais, aumentando a sua rentabilidade.<br>O Ecomuseu, que funciona como um &#8220;espelho&#8221; para a popula\u00e7\u00e3o, pretende afirmar-se, tamb\u00e9m, como espa\u00e7o de representa\u00e7\u00e3o identit\u00e1ria, de forma\u00e7\u00e3o, de participa\u00e7\u00e3o e de cidadania, de concerta\u00e7\u00e3o e de coopera\u00e7\u00e3o, de promo\u00e7\u00e3o e divulga\u00e7\u00e3o, de inova\u00e7\u00e3o e de mobiliza\u00e7\u00e3o das pessoas para novas atividades, comportando-se como um <strong>museu vivo<\/strong>.<\/p>\n\n\n<div class=\"wp-block-image\">\n<figure class=\"aligncenter size-full is-resized\"><img loading=\"lazy\" decoding=\"async\" width=\"508\" height=\"501\" src=\"https:\/\/ecomuseu-corvo.cultura.azores.gov.pt\/wp-content\/uploads\/2022\/03\/Imagem15-1.png\" alt=\"\" class=\"wp-image-1461\" style=\"width:354px;height:349px\" srcset=\"https:\/\/ecomuseu-corvo.cultura.azores.gov.pt\/wp-content\/uploads\/2022\/03\/Imagem15-1.png 508w, https:\/\/ecomuseu-corvo.cultura.azores.gov.pt\/wp-content\/uploads\/2022\/03\/Imagem15-1-300x296.png 300w, https:\/\/ecomuseu-corvo.cultura.azores.gov.pt\/wp-content\/uploads\/2022\/03\/Imagem15-1-12x12.png 12w\" sizes=\"auto, (max-width: 508px) 100vw, 508px\" \/><\/figure>\n<\/div>\n\n\n<p><strong>Estudos sobre o Ecomuseu do Corvo<\/strong><\/p>\n\n\n\n<ul class=\"wp-block-list\">\n<li>Disserta\u00e7\u00e3o de mestrado: <a href=\"https:\/\/repositorio.iscte-iul.pt\/bitstream\/10071\/24420\/1\/master_martinho_nobrega_coelho.pdf\" data-type=\"link\" data-id=\"https:\/\/repositorio.iscte-iul.pt\/bitstream\/10071\/24420\/1\/master_martinho_nobrega_coelho.pdf\">&#8220;O surgimento da ecomuseologia nos A\u00e7ores: O caso do Ecomuseu do Corvo&#8221;<\/a> (ISCTE &#8211; Instituto Universit\u00e1rio de Lisboa)<\/li>\n<\/ul>\n\n\n\n<ul class=\"wp-block-list\">\n<li>Estudo de Caso &#8211; <a href=\"https:\/\/learning.ecoheritage.eu\/case-studies\/corvo-ecomuseum\" target=\"_blank\" rel=\"noreferrer noopener\">EcoHeritage<\/a> &#8211; Projeto financiado pela Comiss\u00e3o Europeia (ECOHERITAGE PROJECT | 2020-1-ES01-KA204-082769)<\/li>\n<\/ul>\n\n\n\n<div class=\"wp-block-group\"><div class=\"wp-block-group__inner-container is-layout-constrained wp-block-group-is-layout-constrained\">\n<figure class=\"wp-block-image size-full\"><img loading=\"lazy\" decoding=\"async\" width=\"151\" height=\"156\" src=\"https:\/\/ecomuseu-corvo.cultura.azores.gov.pt\/wp-content\/uploads\/2024\/07\/logo.png\" alt=\"\" class=\"wp-image-3924\" srcset=\"https:\/\/ecomuseu-corvo.cultura.azores.gov.pt\/wp-content\/uploads\/2024\/07\/logo.png 151w, https:\/\/ecomuseu-corvo.cultura.azores.gov.pt\/wp-content\/uploads\/2024\/07\/logo-12x12.png 12w\" sizes=\"auto, (max-width: 151px) 100vw, 151px\" \/><\/figure>\n<\/div><\/div>\n\n\n\n<p>Estudo de caso &#8211; <a href=\"https:\/\/highres-project.eu\/results-resources\" data-type=\"link\" data-id=\"https:\/\/highres-project.eu\/results-resources\">HIGRHES <\/a>&#8211; Projeto N\u00ba 2023-1-LV01-KA220-ADU-000160743 &#8211; Financiado pela Uni\u00e3o Europeia.<\/p>\n\n\n\n<figure class=\"wp-block-image size-large\"><a href=\"https:\/\/platform.highres-project.eu\/good-practice\/corvo-ecomuseum-engaging-communities-in-heritage-preservation-and-education\"><img loading=\"lazy\" decoding=\"async\" width=\"1024\" height=\"295\" src=\"https:\/\/ecomuseu-corvo.cultura.azores.gov.pt\/wp-content\/uploads\/2026\/03\/higres-1024x295.png\" alt=\"\" class=\"wp-image-5112\" srcset=\"https:\/\/ecomuseu-corvo.cultura.azores.gov.pt\/wp-content\/uploads\/2026\/03\/higres-1024x295.png 1024w, https:\/\/ecomuseu-corvo.cultura.azores.gov.pt\/wp-content\/uploads\/2026\/03\/higres-300x86.png 300w, https:\/\/ecomuseu-corvo.cultura.azores.gov.pt\/wp-content\/uploads\/2026\/03\/higres-768x221.png 768w, https:\/\/ecomuseu-corvo.cultura.azores.gov.pt\/wp-content\/uploads\/2026\/03\/higres-1536x442.png 1536w, https:\/\/ecomuseu-corvo.cultura.azores.gov.pt\/wp-content\/uploads\/2026\/03\/higres-18x5.png 18w, https:\/\/ecomuseu-corvo.cultura.azores.gov.pt\/wp-content\/uploads\/2026\/03\/higres-1200x345.png 1200w, https:\/\/ecomuseu-corvo.cultura.azores.gov.pt\/wp-content\/uploads\/2026\/03\/higres-1980x569.png 1980w, https:\/\/ecomuseu-corvo.cultura.azores.gov.pt\/wp-content\/uploads\/2026\/03\/higres.png 2048w\" sizes=\"auto, (max-width: 1024px) 100vw, 1024px\" \/><\/a><\/figure>","protected":false},"excerpt":{"rendered":"<p>O Ecomuseu do Corvo \u00e9 um museu de territ\u00f3rio, composto por um sistema de redes multirrelacionais que articula p\u00f3los, recursos e complexos de valor patrimonial, geridos nos respetivos contextos ecol\u00f3gicos [&hellip;]<\/p>\n","protected":false},"author":6,"featured_media":0,"parent":0,"menu_order":0,"comment_status":"closed","ping_status":"closed","template":"","meta":{"footnotes":""},"class_list":["post-93","page","type-page","status-publish","hentry"],"_links":{"self":[{"href":"https:\/\/ecomuseu-corvo.cultura.azores.gov.pt\/en\/wp-json\/wp\/v2\/pages\/93","targetHints":{"allow":["GET"]}}],"collection":[{"href":"https:\/\/ecomuseu-corvo.cultura.azores.gov.pt\/en\/wp-json\/wp\/v2\/pages"}],"about":[{"href":"https:\/\/ecomuseu-corvo.cultura.azores.gov.pt\/en\/wp-json\/wp\/v2\/types\/page"}],"author":[{"embeddable":true,"href":"https:\/\/ecomuseu-corvo.cultura.azores.gov.pt\/en\/wp-json\/wp\/v2\/users\/6"}],"replies":[{"embeddable":true,"href":"https:\/\/ecomuseu-corvo.cultura.azores.gov.pt\/en\/wp-json\/wp\/v2\/comments?post=93"}],"version-history":[{"count":21,"href":"https:\/\/ecomuseu-corvo.cultura.azores.gov.pt\/en\/wp-json\/wp\/v2\/pages\/93\/revisions"}],"predecessor-version":[{"id":5114,"href":"https:\/\/ecomuseu-corvo.cultura.azores.gov.pt\/en\/wp-json\/wp\/v2\/pages\/93\/revisions\/5114"}],"wp:attachment":[{"href":"https:\/\/ecomuseu-corvo.cultura.azores.gov.pt\/en\/wp-json\/wp\/v2\/media?parent=93"}],"curies":[{"name":"wp","href":"https:\/\/api.w.org\/{rel}","templated":true}]}}