{"id":90,"date":"2021-07-23T10:51:39","date_gmt":"2021-07-23T10:51:39","guid":{"rendered":"https:\/\/ecomuseu-corvo.cultura.azores.gov.pt\/?page_id=90"},"modified":"2022-03-16T10:15:16","modified_gmt":"2022-03-16T11:15:16","slug":"mission-and-goals","status":"publish","type":"page","link":"https:\/\/ecomuseu-corvo.cultura.azores.gov.pt\/en\/mission-and-goals\/","title":{"rendered":"Miss\u00e3o e Objetivos"},"content":{"rendered":"<figure class=\"wp-block-image size-full\"><img loading=\"lazy\" decoding=\"async\" width=\"896\" height=\"501\" src=\"https:\/\/ecomuseu-corvo.cultura.azores.gov.pt\/wp-content\/uploads\/2021\/10\/Imagem1.jpg\" alt=\"\" class=\"wp-image-518\" srcset=\"https:\/\/ecomuseu-corvo.cultura.azores.gov.pt\/wp-content\/uploads\/2021\/10\/Imagem1.jpg 896w, https:\/\/ecomuseu-corvo.cultura.azores.gov.pt\/wp-content\/uploads\/2021\/10\/Imagem1-300x168.jpg 300w, https:\/\/ecomuseu-corvo.cultura.azores.gov.pt\/wp-content\/uploads\/2021\/10\/Imagem1-768x429.jpg 768w, https:\/\/ecomuseu-corvo.cultura.azores.gov.pt\/wp-content\/uploads\/2021\/10\/Imagem1-18x10.jpg 18w\" sizes=\"auto, (max-width: 896px) 100vw, 896px\" \/><\/figure>\n\n\n\n<p>O Ecomuseu do Corvo consubstancia um projeto de interven\u00e7\u00e3o museol\u00f3gica que visa garantir a salvaguarda e a afirma\u00e7\u00e3o do patrim\u00f3nio natural, cultural, hist\u00f3rico e paisag\u00edstico, nas suas dimens\u00f5es tang\u00edvel e intang\u00edvel e, concomitantemente, promover o desenvolvimento local e a qualidade de vida da popula\u00e7\u00e3o da ilha do Corvo.\u00a0\u00a0<\/p>\n\n\n\n<p>Trata-se assim de um processo din\u00e2mico atrav\u00e9s do qual a comunidade preserva, interpreta e gere o seu patrim\u00f3nio para o desenvolvimento sustent\u00e1vel. Promove, desta forma, o reconhecimento e a afirma\u00e7\u00e3o da identidade do lugar&nbsp;e atua&nbsp;como instrumento catalisador do desenvolvimento socioecon\u00f3mico local, capaz de gerar riqueza e de servir os interesses da comunidade.&nbsp;<o-anim-typing>&nbsp;&nbsp;<\/o-anim-typing><\/p>","protected":false},"excerpt":{"rendered":"<p>O Ecomuseu do Corvo consubstancia um projeto de interven\u00e7\u00e3o museol\u00f3gica que visa garantir a salvaguarda e a afirma\u00e7\u00e3o do patrim\u00f3nio natural, cultural, hist\u00f3rico e paisag\u00edstico, nas suas dimens\u00f5es tang\u00edvel e [&hellip;]<\/p>\n","protected":false},"author":6,"featured_media":0,"parent":0,"menu_order":0,"comment_status":"closed","ping_status":"closed","template":"templates\/template-full-width.php","meta":{"footnotes":""},"class_list":["post-90","page","type-page","status-publish","hentry"],"_links":{"self":[{"href":"https:\/\/ecomuseu-corvo.cultura.azores.gov.pt\/en\/wp-json\/wp\/v2\/pages\/90","targetHints":{"allow":["GET"]}}],"collection":[{"href":"https:\/\/ecomuseu-corvo.cultura.azores.gov.pt\/en\/wp-json\/wp\/v2\/pages"}],"about":[{"href":"https:\/\/ecomuseu-corvo.cultura.azores.gov.pt\/en\/wp-json\/wp\/v2\/types\/page"}],"author":[{"embeddable":true,"href":"https:\/\/ecomuseu-corvo.cultura.azores.gov.pt\/en\/wp-json\/wp\/v2\/users\/6"}],"replies":[{"embeddable":true,"href":"https:\/\/ecomuseu-corvo.cultura.azores.gov.pt\/en\/wp-json\/wp\/v2\/comments?post=90"}],"version-history":[{"count":16,"href":"https:\/\/ecomuseu-corvo.cultura.azores.gov.pt\/en\/wp-json\/wp\/v2\/pages\/90\/revisions"}],"predecessor-version":[{"id":991,"href":"https:\/\/ecomuseu-corvo.cultura.azores.gov.pt\/en\/wp-json\/wp\/v2\/pages\/90\/revisions\/991"}],"wp:attachment":[{"href":"https:\/\/ecomuseu-corvo.cultura.azores.gov.pt\/en\/wp-json\/wp\/v2\/media?parent=90"}],"curies":[{"name":"wp","href":"https:\/\/api.w.org\/{rel}","templated":true}]}}