{"id":843,"date":"2022-03-11T10:30:17","date_gmt":"2022-03-11T11:30:17","guid":{"rendered":"https:\/\/ecomuseu-corvo.cultura.azores.gov.pt\/?page_id=843"},"modified":"2022-03-15T09:37:46","modified_gmt":"2022-03-15T10:37:46","slug":"atafona-do-lourenco","status":"publish","type":"page","link":"https:\/\/ecomuseu-corvo.cultura.azores.gov.pt\/en\/atafona-do-lourenco\/","title":{"rendered":"Atafona do Louren\u00e7o"},"content":{"rendered":"<figure class=\"wp-block-image size-full\"><img loading=\"lazy\" decoding=\"async\" width=\"600\" height=\"450\" src=\"https:\/\/ecomuseu-corvo.cultura.azores.gov.pt\/wp-content\/uploads\/2022\/03\/Atafona.jpg\" alt=\"\" class=\"wp-image-694\" srcset=\"https:\/\/ecomuseu-corvo.cultura.azores.gov.pt\/wp-content\/uploads\/2022\/03\/Atafona.jpg 600w, https:\/\/ecomuseu-corvo.cultura.azores.gov.pt\/wp-content\/uploads\/2022\/03\/Atafona-300x225.jpg 300w, https:\/\/ecomuseu-corvo.cultura.azores.gov.pt\/wp-content\/uploads\/2022\/03\/Atafona-16x12.jpg 16w\" sizes=\"auto, (max-width: 600px) 100vw, 600px\" \/><\/figure>\n\n\n\n<figure class=\"wp-block-gallery has-nested-images columns-default is-cropped wp-block-gallery-1 is-layout-flex wp-block-gallery-is-layout-flex\">\n<figure class=\"wp-block-image size-large\"><img loading=\"lazy\" decoding=\"async\" width=\"600\" height=\"420\" data-id=\"897\" src=\"https:\/\/ecomuseu-corvo.cultura.azores.gov.pt\/wp-content\/uploads\/2022\/03\/Atafona-da-barroca-desenho-tecnico-Sofia-Cascais-2015_page-0001-1-1.jpg\" alt=\"\" class=\"wp-image-897\" srcset=\"https:\/\/ecomuseu-corvo.cultura.azores.gov.pt\/wp-content\/uploads\/2022\/03\/Atafona-da-barroca-desenho-tecnico-Sofia-Cascais-2015_page-0001-1-1.jpg 600w, https:\/\/ecomuseu-corvo.cultura.azores.gov.pt\/wp-content\/uploads\/2022\/03\/Atafona-da-barroca-desenho-tecnico-Sofia-Cascais-2015_page-0001-1-1-300x210.jpg 300w, https:\/\/ecomuseu-corvo.cultura.azores.gov.pt\/wp-content\/uploads\/2022\/03\/Atafona-da-barroca-desenho-tecnico-Sofia-Cascais-2015_page-0001-1-1-18x12.jpg 18w\" sizes=\"auto, (max-width: 600px) 100vw, 600px\" \/><figcaption>Desenho de Sofia Cascais<\/figcaption><\/figure>\n\n\n\n<figure class=\"wp-block-image size-large\"><img loading=\"lazy\" decoding=\"async\" width=\"600\" height=\"420\" data-id=\"896\" src=\"https:\/\/ecomuseu-corvo.cultura.azores.gov.pt\/wp-content\/uploads\/2022\/03\/Atafona-da-barroca-desenho-tecnico-Sofia-Cascais-2015_page-0004.jpg\" alt=\"\" class=\"wp-image-896\" srcset=\"https:\/\/ecomuseu-corvo.cultura.azores.gov.pt\/wp-content\/uploads\/2022\/03\/Atafona-da-barroca-desenho-tecnico-Sofia-Cascais-2015_page-0004.jpg 600w, https:\/\/ecomuseu-corvo.cultura.azores.gov.pt\/wp-content\/uploads\/2022\/03\/Atafona-da-barroca-desenho-tecnico-Sofia-Cascais-2015_page-0004-300x210.jpg 300w, https:\/\/ecomuseu-corvo.cultura.azores.gov.pt\/wp-content\/uploads\/2022\/03\/Atafona-da-barroca-desenho-tecnico-Sofia-Cascais-2015_page-0004-18x12.jpg 18w\" sizes=\"auto, (max-width: 600px) 100vw, 600px\" \/><figcaption>Desenho de Sofia Cascais<\/figcaption><\/figure>\n<\/figure>\n\n\n\n<p class=\"has-drop-cap\">A atafona do Louren\u00e7o, assim designada no Corvo, \u00e9 o \u00fanico exemplar sobrevivente das 5 atafonas que existiram, que se constitui como um testemunho da atividade cereal\u00edfera na ilha do Corvo, que durante s\u00e9culos garantiu a sobreviv\u00eancia da comunidade corvina e o pagamento dos impostos a que estavam sujeitos.<\/p>\n\n\n\n<p>Trata-se de um engenho r\u00fastico ou moinho de cereais movido por um animal, quase sempre bovino. &nbsp;&nbsp;<\/p>\n\n\n\n<p>Este ter\u00e1 sido o primeiro e o mais utilizado no processo de moagem, cujo funcionamento n\u00e3o dependia da dire\u00e7\u00e3o e intensidade do vento.<\/p>\n\n\n\n<figure class=\"wp-block-gallery has-nested-images columns-default is-cropped wp-block-gallery-2 is-layout-flex wp-block-gallery-is-layout-flex\">\n<figure class=\"wp-block-image size-large\"><img loading=\"lazy\" decoding=\"async\" width=\"600\" height=\"400\" data-id=\"845\" src=\"https:\/\/ecomuseu-corvo.cultura.azores.gov.pt\/wp-content\/uploads\/2022\/03\/Corvo-um-dos-povos-mais-isolados-do-mundo_Num-Postal-31.jpg\" alt=\"\" class=\"wp-image-845\" srcset=\"https:\/\/ecomuseu-corvo.cultura.azores.gov.pt\/wp-content\/uploads\/2022\/03\/Corvo-um-dos-povos-mais-isolados-do-mundo_Num-Postal-31.jpg 600w, https:\/\/ecomuseu-corvo.cultura.azores.gov.pt\/wp-content\/uploads\/2022\/03\/Corvo-um-dos-povos-mais-isolados-do-mundo_Num-Postal-31-300x200.jpg 300w, https:\/\/ecomuseu-corvo.cultura.azores.gov.pt\/wp-content\/uploads\/2022\/03\/Corvo-um-dos-povos-mais-isolados-do-mundo_Num-Postal-31-18x12.jpg 18w\" sizes=\"auto, (max-width: 600px) 100vw, 600px\" \/><\/figure>\n\n\n\n<figure class=\"wp-block-image size-large\"><img loading=\"lazy\" decoding=\"async\" width=\"599\" height=\"399\" data-id=\"844\" src=\"https:\/\/ecomuseu-corvo.cultura.azores.gov.pt\/wp-content\/uploads\/2022\/03\/dscf5386.jpg\" alt=\"\" class=\"wp-image-844\" srcset=\"https:\/\/ecomuseu-corvo.cultura.azores.gov.pt\/wp-content\/uploads\/2022\/03\/dscf5386.jpg 599w, https:\/\/ecomuseu-corvo.cultura.azores.gov.pt\/wp-content\/uploads\/2022\/03\/dscf5386-300x200.jpg 300w, https:\/\/ecomuseu-corvo.cultura.azores.gov.pt\/wp-content\/uploads\/2022\/03\/dscf5386-18x12.jpg 18w\" sizes=\"auto, (max-width: 599px) 100vw, 599px\" \/><\/figure>\n<\/figure>\n\n\n\n<p>Canada do Graciosa, s\/n<br>9980-031 Vila do Corvo \u2013 A\u00e7ores<br><a href=\"https:\/\/goo.gl\/maps\/sioAJw6Wgt6o8QKt5\">Coordenadas<\/a><br>Lat. 39.673723<br>Long. -31.111721<\/p>","protected":false},"excerpt":{"rendered":"<p>A atafona do Louren\u00e7o, assim designada no Corvo, \u00e9 o \u00fanico exemplar sobrevivente das 5 atafonas que existiram, que se constitui como um testemunho da atividade cereal\u00edfera na ilha do [&hellip;]<\/p>\n","protected":false},"author":3,"featured_media":0,"parent":0,"menu_order":0,"comment_status":"closed","ping_status":"closed","template":"","meta":{"footnotes":""},"class_list":["post-843","page","type-page","status-publish","hentry"],"_links":{"self":[{"href":"https:\/\/ecomuseu-corvo.cultura.azores.gov.pt\/en\/wp-json\/wp\/v2\/pages\/843","targetHints":{"allow":["GET"]}}],"collection":[{"href":"https:\/\/ecomuseu-corvo.cultura.azores.gov.pt\/en\/wp-json\/wp\/v2\/pages"}],"about":[{"href":"https:\/\/ecomuseu-corvo.cultura.azores.gov.pt\/en\/wp-json\/wp\/v2\/types\/page"}],"author":[{"embeddable":true,"href":"https:\/\/ecomuseu-corvo.cultura.azores.gov.pt\/en\/wp-json\/wp\/v2\/users\/3"}],"replies":[{"embeddable":true,"href":"https:\/\/ecomuseu-corvo.cultura.azores.gov.pt\/en\/wp-json\/wp\/v2\/comments?post=843"}],"version-history":[{"count":3,"href":"https:\/\/ecomuseu-corvo.cultura.azores.gov.pt\/en\/wp-json\/wp\/v2\/pages\/843\/revisions"}],"predecessor-version":[{"id":898,"href":"https:\/\/ecomuseu-corvo.cultura.azores.gov.pt\/en\/wp-json\/wp\/v2\/pages\/843\/revisions\/898"}],"wp:attachment":[{"href":"https:\/\/ecomuseu-corvo.cultura.azores.gov.pt\/en\/wp-json\/wp\/v2\/media?parent=843"}],"curies":[{"name":"wp","href":"https:\/\/api.w.org\/{rel}","templated":true}]}}