{"id":838,"date":"2022-03-11T10:25:07","date_gmt":"2022-03-11T11:25:07","guid":{"rendered":"https:\/\/ecomuseu-corvo.cultura.azores.gov.pt\/?page_id=838"},"modified":"2024-05-10T17:58:48","modified_gmt":"2024-05-10T17:58:48","slug":"espaco-cultural-multiusos","status":"publish","type":"page","link":"https:\/\/ecomuseu-corvo.cultura.azores.gov.pt\/en\/espaco-cultural-multiusos\/","title":{"rendered":"Pavilh\u00e3o  Multiusos"},"content":{"rendered":"<figure class=\"wp-block-image size-full is-resized\"><img loading=\"lazy\" decoding=\"async\" width=\"600\" height=\"450\" src=\"https:\/\/ecomuseu-corvo.cultura.azores.gov.pt\/wp-content\/uploads\/2022\/03\/multiusos-do-Corvo_exterior-1024x768-1.jpg\" alt=\"\" class=\"wp-image-693\" style=\"width:543px;height:407px\" srcset=\"https:\/\/ecomuseu-corvo.cultura.azores.gov.pt\/wp-content\/uploads\/2022\/03\/multiusos-do-Corvo_exterior-1024x768-1.jpg 600w, https:\/\/ecomuseu-corvo.cultura.azores.gov.pt\/wp-content\/uploads\/2022\/03\/multiusos-do-Corvo_exterior-1024x768-1-300x225.jpg 300w, https:\/\/ecomuseu-corvo.cultura.azores.gov.pt\/wp-content\/uploads\/2022\/03\/multiusos-do-Corvo_exterior-1024x768-1-16x12.jpg 16w\" sizes=\"auto, (max-width: 600px) 100vw, 600px\" \/><\/figure>\n\n\n\n<p class=\"has-drop-cap\">Este edif\u00edcio, inaugurado em 2011, localiza-se num dos pontos mais elevados da Vila, evidenciando-se e marcando fortemente a paisagem. A n\u00edvel exterior o edif\u00edcio apresenta-se com simplicidade, revestido em \u201cdeck\u201d de madeira e rodeado por muros em basalto. O Pavilh\u00e3o Multiusos assume-se como uma estrutura f\u00edsica visit\u00e1vel do Ecomuseu do Corvo, que permitiu alargar a sua miss\u00e3o.<strong> <\/strong><\/p>\n\n\n\n<p>Neste edif\u00edcio s\u00e3o realizadas exposi\u00e7\u00f5es, cinema, teatro, palestras, congressos, semin\u00e1rios, col\u00f3quios, eventos musicais, dan\u00e7a e outros eventos socioculturais, permitindo uma nova din\u00e2mica cultural na ilha.<\/p>\n\n\n\n<p>Tamb\u00e9m neste espa\u00e7o funcionam os gabinetes de trabalho e de apoio t\u00e9cnico ao Ecomuseu do Corvo. <\/p>\n\n\n\n<figure class=\"wp-block-gallery has-nested-images columns-default is-cropped wp-block-gallery-1 is-layout-flex wp-block-gallery-is-layout-flex\">\n<figure class=\"wp-block-image size-large\"><img loading=\"lazy\" decoding=\"async\" width=\"600\" height=\"450\" data-id=\"841\" src=\"https:\/\/ecomuseu-corvo.cultura.azores.gov.pt\/wp-content\/uploads\/2022\/03\/IMG_0357.jpg\" alt=\"\" class=\"wp-image-841\" srcset=\"https:\/\/ecomuseu-corvo.cultura.azores.gov.pt\/wp-content\/uploads\/2022\/03\/IMG_0357.jpg 600w, https:\/\/ecomuseu-corvo.cultura.azores.gov.pt\/wp-content\/uploads\/2022\/03\/IMG_0357-300x225.jpg 300w, https:\/\/ecomuseu-corvo.cultura.azores.gov.pt\/wp-content\/uploads\/2022\/03\/IMG_0357-16x12.jpg 16w\" sizes=\"auto, (max-width: 600px) 100vw, 600px\" \/><\/figure>\n\n\n\n<figure class=\"wp-block-image size-large\"><img loading=\"lazy\" decoding=\"async\" width=\"600\" height=\"450\" data-id=\"839\" src=\"https:\/\/ecomuseu-corvo.cultura.azores.gov.pt\/wp-content\/uploads\/2022\/03\/IMG_0345.jpg\" alt=\"\" class=\"wp-image-839\" srcset=\"https:\/\/ecomuseu-corvo.cultura.azores.gov.pt\/wp-content\/uploads\/2022\/03\/IMG_0345.jpg 600w, https:\/\/ecomuseu-corvo.cultura.azores.gov.pt\/wp-content\/uploads\/2022\/03\/IMG_0345-300x225.jpg 300w, https:\/\/ecomuseu-corvo.cultura.azores.gov.pt\/wp-content\/uploads\/2022\/03\/IMG_0345-16x12.jpg 16w\" sizes=\"auto, (max-width: 600px) 100vw, 600px\" \/><\/figure>\n\n\n\n<figure class=\"wp-block-image size-large\"><img loading=\"lazy\" decoding=\"async\" width=\"600\" height=\"450\" data-id=\"840\" src=\"https:\/\/ecomuseu-corvo.cultura.azores.gov.pt\/wp-content\/uploads\/2022\/03\/IMG_0350.jpg\" alt=\"\" class=\"wp-image-840\" srcset=\"https:\/\/ecomuseu-corvo.cultura.azores.gov.pt\/wp-content\/uploads\/2022\/03\/IMG_0350.jpg 600w, https:\/\/ecomuseu-corvo.cultura.azores.gov.pt\/wp-content\/uploads\/2022\/03\/IMG_0350-300x225.jpg 300w, https:\/\/ecomuseu-corvo.cultura.azores.gov.pt\/wp-content\/uploads\/2022\/03\/IMG_0350-16x12.jpg 16w\" sizes=\"auto, (max-width: 600px) 100vw, 600px\" \/><\/figure>\n<\/figure>\n\n\n\n<p>Pavilh\u00e3o Multiusos<br>Rua Joaquim Pedro Coelho, s\/n<br>9980-037 Vila do Corvo \u2013 A\u00e7ores<br><a href=\"https:\/\/goo.gl\/maps\/mutFhsSV78jQEnTi8\">Coordenadas<\/a><br>Lat. 39.674358<br>Long. -31.114514<\/p>","protected":false},"excerpt":{"rendered":"<p>Este edif\u00edcio, inaugurado em 2011, localiza-se num dos pontos mais elevados da Vila, evidenciando-se e marcando fortemente a paisagem. A n\u00edvel exterior o edif\u00edcio apresenta-se com simplicidade, revestido em \u201cdeck\u201d [&hellip;]<\/p>\n","protected":false},"author":3,"featured_media":0,"parent":0,"menu_order":0,"comment_status":"closed","ping_status":"closed","template":"","meta":{"footnotes":""},"class_list":["post-838","page","type-page","status-publish","hentry"],"_links":{"self":[{"href":"https:\/\/ecomuseu-corvo.cultura.azores.gov.pt\/en\/wp-json\/wp\/v2\/pages\/838","targetHints":{"allow":["GET"]}}],"collection":[{"href":"https:\/\/ecomuseu-corvo.cultura.azores.gov.pt\/en\/wp-json\/wp\/v2\/pages"}],"about":[{"href":"https:\/\/ecomuseu-corvo.cultura.azores.gov.pt\/en\/wp-json\/wp\/v2\/types\/page"}],"author":[{"embeddable":true,"href":"https:\/\/ecomuseu-corvo.cultura.azores.gov.pt\/en\/wp-json\/wp\/v2\/users\/3"}],"replies":[{"embeddable":true,"href":"https:\/\/ecomuseu-corvo.cultura.azores.gov.pt\/en\/wp-json\/wp\/v2\/comments?post=838"}],"version-history":[{"count":4,"href":"https:\/\/ecomuseu-corvo.cultura.azores.gov.pt\/en\/wp-json\/wp\/v2\/pages\/838\/revisions"}],"predecessor-version":[{"id":3570,"href":"https:\/\/ecomuseu-corvo.cultura.azores.gov.pt\/en\/wp-json\/wp\/v2\/pages\/838\/revisions\/3570"}],"wp:attachment":[{"href":"https:\/\/ecomuseu-corvo.cultura.azores.gov.pt\/en\/wp-json\/wp\/v2\/media?parent=838"}],"curies":[{"name":"wp","href":"https:\/\/api.w.org\/{rel}","templated":true}]}}