{"id":699,"date":"2022-03-09T14:42:38","date_gmt":"2022-03-09T15:42:38","guid":{"rendered":"https:\/\/ecomuseu-corvo.cultura.azores.gov.pt\/?page_id=699"},"modified":"2026-01-14T11:33:25","modified_gmt":"2026-01-14T12:33:25","slug":"gabinete-de-apoio-tecnico","status":"publish","type":"page","link":"https:\/\/ecomuseu-corvo.cultura.azores.gov.pt\/en\/gabinete-de-apoio-tecnico\/","title":{"rendered":"Casa da Mem\u00f3ria"},"content":{"rendered":"<figure class=\"wp-block-image size-full\"><img loading=\"lazy\" decoding=\"async\" width=\"600\" height=\"450\" src=\"https:\/\/ecomuseu-corvo.cultura.azores.gov.pt\/wp-content\/uploads\/2022\/03\/Imagem1-1.png\" alt=\"\" class=\"wp-image-702\" srcset=\"https:\/\/ecomuseu-corvo.cultura.azores.gov.pt\/wp-content\/uploads\/2022\/03\/Imagem1-1.png 600w, https:\/\/ecomuseu-corvo.cultura.azores.gov.pt\/wp-content\/uploads\/2022\/03\/Imagem1-1-300x225.png 300w, https:\/\/ecomuseu-corvo.cultura.azores.gov.pt\/wp-content\/uploads\/2022\/03\/Imagem1-1-16x12.png 16w\" sizes=\"auto, (max-width: 600px) 100vw, 600px\" \/><\/figure>\n\n\n\n<p class=\"has-drop-cap\">Edif\u00edcio cuja refuncionaliza\u00e7\u00e3o data de 2007 e localiza-se no n\u00facleo antigo da Vila do Corvo. Destaca-se pela simplicidade da sua arquitetura, que mant\u00e9m o tra\u00e7ado da casa original, bem como a materialidade bas\u00e1ltica. <\/p>\n\n\n\n<p>\u00c9 uma estrutura f\u00edsica do Ecomuseu do Corvo onde, inicialmente funcionou o GAT (Gabinete de Apoio T\u00e9cnico) onde era feito o trabalho de planifica\u00e7\u00e3o, investiga\u00e7\u00e3o e de atendimento \u00e0 comunidade. Estes servi\u00e7os funcionam, atualmente, nos gabinetes de trabalho do Pavilh\u00e3o Multiusos. <\/p>\n\n\n\n<p>Atualmente est\u00e1 patente neste edif\u00edcio uma exposi\u00e7\u00e3o permanente, intitulada <strong>&#8220;<a href=\"https:\/\/www.360cities.net\/image\/acores-corvo-island-town-of-corvo-ecomuseum-1-by-peter-pook\" data-type=\"link\" data-id=\"https:\/\/www.360cities.net\/image\/acores-corvo-island-town-of-corvo-ecomuseum-1-by-peter-pook\" target=\"_blank\" rel=\"noreferrer noopener\">Ilha do Corvo &#8211; Marcas de um Passado<\/a>&#8221; <\/strong>que, atrav\u00e9s de v\u00e1rios objetos do patrim\u00f3nio m\u00f3vel &#8211; associados \u00e0 tecelagem, \u00e0 agricultura, ao quotidiano, \u00e0 carpintaria e marcenaria &#8211; preserva alguns dos aspectos mais relevantes da Hist\u00f3ria e da Mem\u00f3ria da comunidade corvina.<\/p>\n\n\n\n<p><a href=\"https:\/\/govraa-my.sharepoint.com\/:b:\/g\/personal\/de700829_azores_gov_pt\/IQA21XnxABtfTKpUeuPZY--KAVIKs9w1IALW_JHtsCjttIs?e=D0xkLB\" target=\"_blank\" rel=\"noreferrer noopener\">Cat\u00e1logo da exposi\u00e7\u00e3o de longa dura\u00e7\u00e3o<\/a><\/p>\n\n\n\n<p><\/p>\n\n\n\n<p>Casa da Mem\u00f3ria e Atafona do Louren\u00e7o<br>Canada do Graciosa, s\/n<br>9980-031 Vila do Corvo \u2013 A\u00e7ores<br><a href=\"https:\/\/goo.gl\/maps\/sioAJw6Wgt6o8QKt5\">Coordenadas<\/a><br>Lat. 39.673723<br>Long. -31.111721<\/p>","protected":false},"excerpt":{"rendered":"<p>Edif\u00edcio cuja refuncionaliza\u00e7\u00e3o data de 2007 e localiza-se no n\u00facleo antigo da Vila do Corvo. Destaca-se pela simplicidade da sua arquitetura, que mant\u00e9m o tra\u00e7ado da casa original, bem como [&hellip;]<\/p>\n","protected":false},"author":3,"featured_media":0,"parent":0,"menu_order":0,"comment_status":"closed","ping_status":"closed","template":"","meta":{"footnotes":""},"class_list":["post-699","page","type-page","status-publish","hentry"],"_links":{"self":[{"href":"https:\/\/ecomuseu-corvo.cultura.azores.gov.pt\/en\/wp-json\/wp\/v2\/pages\/699","targetHints":{"allow":["GET"]}}],"collection":[{"href":"https:\/\/ecomuseu-corvo.cultura.azores.gov.pt\/en\/wp-json\/wp\/v2\/pages"}],"about":[{"href":"https:\/\/ecomuseu-corvo.cultura.azores.gov.pt\/en\/wp-json\/wp\/v2\/types\/page"}],"author":[{"embeddable":true,"href":"https:\/\/ecomuseu-corvo.cultura.azores.gov.pt\/en\/wp-json\/wp\/v2\/users\/3"}],"replies":[{"embeddable":true,"href":"https:\/\/ecomuseu-corvo.cultura.azores.gov.pt\/en\/wp-json\/wp\/v2\/comments?post=699"}],"version-history":[{"count":11,"href":"https:\/\/ecomuseu-corvo.cultura.azores.gov.pt\/en\/wp-json\/wp\/v2\/pages\/699\/revisions"}],"predecessor-version":[{"id":5020,"href":"https:\/\/ecomuseu-corvo.cultura.azores.gov.pt\/en\/wp-json\/wp\/v2\/pages\/699\/revisions\/5020"}],"wp:attachment":[{"href":"https:\/\/ecomuseu-corvo.cultura.azores.gov.pt\/en\/wp-json\/wp\/v2\/media?parent=699"}],"curies":[{"name":"wp","href":"https:\/\/api.w.org\/{rel}","templated":true}]}}