{"id":441,"date":"2022-03-09T10:00:00","date_gmt":"2022-03-09T11:00:00","guid":{"rendered":"https:\/\/ecomuseu-corvo.cultura.azores.gov.pt\/?page_id=441"},"modified":"2022-09-28T12:33:14","modified_gmt":"2022-09-28T12:33:14","slug":"conheca","status":"publish","type":"page","link":"https:\/\/ecomuseu-corvo.cultura.azores.gov.pt\/en\/conheca\/","title":{"rendered":"Conhe\u00e7a"},"content":{"rendered":"<figure class=\"wp-block-image size-large\"><img loading=\"lazy\" decoding=\"async\" width=\"1024\" height=\"533\" src=\"https:\/\/ecomuseu-corvo.cultura.azores.gov.pt\/wp-content\/uploads\/2022\/09\/vila-1024x533.jpg\" alt=\"\" class=\"wp-image-2065\" srcset=\"https:\/\/ecomuseu-corvo.cultura.azores.gov.pt\/wp-content\/uploads\/2022\/09\/vila-1024x533.jpg 1024w, https:\/\/ecomuseu-corvo.cultura.azores.gov.pt\/wp-content\/uploads\/2022\/09\/vila-300x156.jpg 300w, https:\/\/ecomuseu-corvo.cultura.azores.gov.pt\/wp-content\/uploads\/2022\/09\/vila-768x400.jpg 768w, https:\/\/ecomuseu-corvo.cultura.azores.gov.pt\/wp-content\/uploads\/2022\/09\/vila-18x9.jpg 18w, https:\/\/ecomuseu-corvo.cultura.azores.gov.pt\/wp-content\/uploads\/2022\/09\/vila-1200x625.jpg 1200w, https:\/\/ecomuseu-corvo.cultura.azores.gov.pt\/wp-content\/uploads\/2022\/09\/vila.jpg 1229w\" sizes=\"auto, (max-width: 1024px) 100vw, 1024px\" \/><figcaption>Vila do Corvo &#8211; Foto Richard Kalocsi<\/figcaption><\/figure>\n\n\n\n<p class=\"has-text-align-left\">O Ecomuseu do Corvo nasceu em 2013 \u2013 por via da aprova\u00e7\u00e3o da Resolu\u00e7\u00e3o da Assembleia Legislativa da Regi\u00e3o Aut\u00f3noma dos A\u00e7ores n.\u00ba 11\/2013\/A, de 14 de junho \u2013 sendo este concebido, constru\u00eddo e posto em funcionamento, em 2015, pelo Governo Regional dos A\u00e7ores, em conjunto com a popula\u00e7\u00e3o local e as diversas institui\u00e7\u00f5es parceiras. Este \u00e9 um projeto, simultaneamente, museol\u00f3gico e de desenvolvimento que visa a salvaguarda e a afirma\u00e7\u00e3o do patrim\u00f3nio corvino, nas suas v\u00e1rias dimens\u00f5es e vertentes e, concomitantemente, a promo\u00e7\u00e3o do progresso local e a qualidade de vida da popula\u00e7\u00e3o. O Ecomuseu do Corvo \u00e9, fundamentalmente, um processo din\u00e2mico, atrav\u00e9s do qual a comunidade corvina protagoniza a preserva\u00e7\u00e3o, a interpreta\u00e7\u00e3o e gest\u00e3o do seu Patrim\u00f3nio, com vista ao desenvolvimento sustent\u00e1vel. Do ponto de vista museogr\u00e1fico, o Ecomuseu integra, tamb\u00e9m, uma rede f\u00edsica que abrange A Casa do Tempo, o Pavilh\u00e3o Multiusos, o Gabinete de Apoio T\u00e9cnico, assim como diversos polos, como a Atafona do Louren\u00e7o e outros recursos e complexos de valor patrimonial, que s\u00e3o geridos nos respetivos contextos ecol\u00f3gicos e de forma participada.<\/p>\n\n\n\n<p><br><br><\/p>","protected":false},"excerpt":{"rendered":"<p>O Ecomuseu do Corvo nasceu em 2013 \u2013 por via da aprova\u00e7\u00e3o da Resolu\u00e7\u00e3o da Assembleia Legislativa da Regi\u00e3o Aut\u00f3noma dos A\u00e7ores n.\u00ba 11\/2013\/A, de 14 de junho \u2013 sendo [&hellip;]<\/p>\n","protected":false},"author":6,"featured_media":0,"parent":0,"menu_order":0,"comment_status":"closed","ping_status":"closed","template":"","meta":{"footnotes":""},"class_list":["post-441","page","type-page","status-publish","hentry"],"_links":{"self":[{"href":"https:\/\/ecomuseu-corvo.cultura.azores.gov.pt\/en\/wp-json\/wp\/v2\/pages\/441","targetHints":{"allow":["GET"]}}],"collection":[{"href":"https:\/\/ecomuseu-corvo.cultura.azores.gov.pt\/en\/wp-json\/wp\/v2\/pages"}],"about":[{"href":"https:\/\/ecomuseu-corvo.cultura.azores.gov.pt\/en\/wp-json\/wp\/v2\/types\/page"}],"author":[{"embeddable":true,"href":"https:\/\/ecomuseu-corvo.cultura.azores.gov.pt\/en\/wp-json\/wp\/v2\/users\/6"}],"replies":[{"embeddable":true,"href":"https:\/\/ecomuseu-corvo.cultura.azores.gov.pt\/en\/wp-json\/wp\/v2\/comments?post=441"}],"version-history":[{"count":8,"href":"https:\/\/ecomuseu-corvo.cultura.azores.gov.pt\/en\/wp-json\/wp\/v2\/pages\/441\/revisions"}],"predecessor-version":[{"id":2070,"href":"https:\/\/ecomuseu-corvo.cultura.azores.gov.pt\/en\/wp-json\/wp\/v2\/pages\/441\/revisions\/2070"}],"wp:attachment":[{"href":"https:\/\/ecomuseu-corvo.cultura.azores.gov.pt\/en\/wp-json\/wp\/v2\/media?parent=441"}],"curies":[{"name":"wp","href":"https:\/\/api.w.org\/{rel}","templated":true}]}}