{"id":3837,"date":"2024-06-28T11:04:27","date_gmt":"2024-06-28T11:04:27","guid":{"rendered":"https:\/\/ecomuseu-corvo.cultura.azores.gov.pt\/?page_id=3837"},"modified":"2024-07-15T18:10:38","modified_gmt":"2024-07-15T18:10:38","slug":"casa-da-vegia","status":"publish","type":"page","link":"https:\/\/ecomuseu-corvo.cultura.azores.gov.pt\/en\/casa-da-vegia\/","title":{"rendered":"Casa da Vegia"},"content":{"rendered":"<p class=\"has-drop-cap\"><o-anim-typing>E<\/o-anim-typing>ste espa\u00e7o foi inaugurado a 27 de junho de 2024. <br>Constitui-se como uma zona de elei\u00e7\u00e3o para um primeiro olhar para o N\u00facleo Urbano Antigo da Vila do Corvo (NAVC), que se encontra classificado como conjunto de interesse p\u00fablico pela Resolu\u00e7\u00e3o n.\u00ba 69\/97, de 10 de abril.<br>Localiza-se sobre a arriba do porto da Casa e faz a liga\u00e7\u00e3o entre a Canada da Rocha e a rua da Matriz, atrav\u00e9s de uma \u00e1rea p\u00fablica onde se situam v\u00e1rias eiras.<\/p>\n\n\n\n<figure class=\"wp-block-gallery has-nested-images columns-default is-cropped wp-block-gallery-1 is-layout-flex wp-block-gallery-is-layout-flex\">\n<figure class=\"wp-block-image size-full\"><img loading=\"lazy\" decoding=\"async\" width=\"750\" height=\"1000\" data-id=\"3939\" src=\"https:\/\/ecomuseu-corvo.cultura.azores.gov.pt\/wp-content\/uploads\/2024\/07\/450933621_1164455128008382_1581855573778732750_n.jpg\" alt=\"\" class=\"wp-image-3939\" srcset=\"https:\/\/ecomuseu-corvo.cultura.azores.gov.pt\/wp-content\/uploads\/2024\/07\/450933621_1164455128008382_1581855573778732750_n.jpg 750w, https:\/\/ecomuseu-corvo.cultura.azores.gov.pt\/wp-content\/uploads\/2024\/07\/450933621_1164455128008382_1581855573778732750_n-225x300.jpg 225w, https:\/\/ecomuseu-corvo.cultura.azores.gov.pt\/wp-content\/uploads\/2024\/07\/450933621_1164455128008382_1581855573778732750_n-9x12.jpg 9w\" sizes=\"auto, (max-width: 750px) 100vw, 750px\" \/><\/figure>\n\n\n\n<figure class=\"wp-block-image size-full\"><img loading=\"lazy\" decoding=\"async\" width=\"750\" height=\"1000\" data-id=\"3938\" src=\"https:\/\/ecomuseu-corvo.cultura.azores.gov.pt\/wp-content\/uploads\/2024\/07\/450828358_478975911510117_6716246552351705924_n.jpg\" alt=\"\" class=\"wp-image-3938\" srcset=\"https:\/\/ecomuseu-corvo.cultura.azores.gov.pt\/wp-content\/uploads\/2024\/07\/450828358_478975911510117_6716246552351705924_n.jpg 750w, https:\/\/ecomuseu-corvo.cultura.azores.gov.pt\/wp-content\/uploads\/2024\/07\/450828358_478975911510117_6716246552351705924_n-225x300.jpg 225w, https:\/\/ecomuseu-corvo.cultura.azores.gov.pt\/wp-content\/uploads\/2024\/07\/450828358_478975911510117_6716246552351705924_n-9x12.jpg 9w\" sizes=\"auto, (max-width: 750px) 100vw, 750px\" \/><\/figure>\n\n\n\n<figure class=\"wp-block-image size-full\"><img loading=\"lazy\" decoding=\"async\" width=\"749\" height=\"890\" data-id=\"3937\" src=\"https:\/\/ecomuseu-corvo.cultura.azores.gov.pt\/wp-content\/uploads\/2024\/07\/450629638_2762594853895968_1548954843339821464_n.jpg\" alt=\"\" class=\"wp-image-3937\" srcset=\"https:\/\/ecomuseu-corvo.cultura.azores.gov.pt\/wp-content\/uploads\/2024\/07\/450629638_2762594853895968_1548954843339821464_n.jpg 749w, https:\/\/ecomuseu-corvo.cultura.azores.gov.pt\/wp-content\/uploads\/2024\/07\/450629638_2762594853895968_1548954843339821464_n-252x300.jpg 252w, https:\/\/ecomuseu-corvo.cultura.azores.gov.pt\/wp-content\/uploads\/2024\/07\/450629638_2762594853895968_1548954843339821464_n-10x12.jpg 10w\" sizes=\"auto, (max-width: 749px) 100vw, 749px\" \/><\/figure>\n<\/figure>\n\n\n\n<p class=\"has-drop-cap\">Daqui, pode-se contemplar a estrutura urbana, organizada sobre a fal\u00e9sia, subindo em cascata pela encosta do vulc\u00e3o.<br>Na Casa da Vegia existe uma maqueta do N\u00facleo Urbano Antigo, que introduz o visitante nos diferentes espa\u00e7os p\u00fablicos da vila do Corvo.<br>\u00c9 tamb\u00e9m, a partir deste espa\u00e7o, que o visitante \u00e9 encaminhado para a <a href=\"https:\/\/ecomuseu-corvo.cultura.azores.gov.pt\/en\/casa-do-tempo\/\">Casa do Tempo,<\/a> primeira estrutura f\u00edsica visit\u00e1vel do Ecomuseu do Corvo.<\/p>\n\n\n\n<div class=\"wp-block-columns is-layout-flex wp-container-core-columns-is-layout-9d6595d7 wp-block-columns-is-layout-flex\">\n<div class=\"wp-block-column is-layout-flow wp-block-column-is-layout-flow\" style=\"flex-basis:100%\">\n<figure class=\"wp-block-gallery has-nested-images columns-default is-cropped wp-block-gallery-2 is-layout-flex wp-block-gallery-is-layout-flex\">\n<figure class=\"wp-block-image size-large\"><img loading=\"lazy\" decoding=\"async\" width=\"768\" height=\"1024\" data-id=\"3827\" src=\"https:\/\/ecomuseu-corvo.cultura.azores.gov.pt\/wp-content\/uploads\/2024\/06\/3-1-768x1024.jpg\" alt=\"\" class=\"wp-image-3827\" srcset=\"https:\/\/ecomuseu-corvo.cultura.azores.gov.pt\/wp-content\/uploads\/2024\/06\/3-1-768x1024.jpg 768w, https:\/\/ecomuseu-corvo.cultura.azores.gov.pt\/wp-content\/uploads\/2024\/06\/3-1-225x300.jpg 225w, https:\/\/ecomuseu-corvo.cultura.azores.gov.pt\/wp-content\/uploads\/2024\/06\/3-1-1152x1536.jpg 1152w, https:\/\/ecomuseu-corvo.cultura.azores.gov.pt\/wp-content\/uploads\/2024\/06\/3-1-9x12.jpg 9w, https:\/\/ecomuseu-corvo.cultura.azores.gov.pt\/wp-content\/uploads\/2024\/06\/3-1-1200x1600.jpg 1200w, https:\/\/ecomuseu-corvo.cultura.azores.gov.pt\/wp-content\/uploads\/2024\/06\/3-1.jpg 1536w\" sizes=\"auto, (max-width: 768px) 100vw, 768px\" \/><\/figure>\n<\/figure>\n<\/div>\n<\/div>\n\n\n\n<figure class=\"wp-block-image size-large\"><img loading=\"lazy\" decoding=\"async\" width=\"1024\" height=\"768\" src=\"https:\/\/ecomuseu-corvo.cultura.azores.gov.pt\/wp-content\/uploads\/2024\/06\/Casa-V2-1024x768.jpg\" alt=\"\" class=\"wp-image-3860\" srcset=\"https:\/\/ecomuseu-corvo.cultura.azores.gov.pt\/wp-content\/uploads\/2024\/06\/Casa-V2-1024x768.jpg 1024w, https:\/\/ecomuseu-corvo.cultura.azores.gov.pt\/wp-content\/uploads\/2024\/06\/Casa-V2-300x225.jpg 300w, https:\/\/ecomuseu-corvo.cultura.azores.gov.pt\/wp-content\/uploads\/2024\/06\/Casa-V2-768x576.jpg 768w, https:\/\/ecomuseu-corvo.cultura.azores.gov.pt\/wp-content\/uploads\/2024\/06\/Casa-V2-1536x1152.jpg 1536w, https:\/\/ecomuseu-corvo.cultura.azores.gov.pt\/wp-content\/uploads\/2024\/06\/Casa-V2-2048x1536.jpg 2048w, https:\/\/ecomuseu-corvo.cultura.azores.gov.pt\/wp-content\/uploads\/2024\/06\/Casa-V2-16x12.jpg 16w, https:\/\/ecomuseu-corvo.cultura.azores.gov.pt\/wp-content\/uploads\/2024\/06\/Casa-V2-1200x900.jpg 1200w, https:\/\/ecomuseu-corvo.cultura.azores.gov.pt\/wp-content\/uploads\/2024\/06\/Casa-V2-1980x1485.jpg 1980w\" sizes=\"auto, (max-width: 1024px) 100vw, 1024px\" \/><\/figure>\n\n\n\n<p><strong>Casa da Vegia<\/strong><br>Vila do Corvo \u2013 A\u00e7ores<\/p>\n\n\n\n<p>Coordenadas: <\/p>\n\n\n\n<p>39\u00b040&#8217;18.2&#8243;N 31\u00b006&#8217;40.0&#8243;W<\/p>","protected":false},"excerpt":{"rendered":"<p>Este espa\u00e7o foi inaugurado a 27 de junho de 2024. Constitui-se como uma zona de elei\u00e7\u00e3o para um primeiro olhar para o N\u00facleo Urbano Antigo da Vila do Corvo (NAVC), [&hellip;]<\/p>\n","protected":false},"author":3,"featured_media":3839,"parent":0,"menu_order":0,"comment_status":"closed","ping_status":"closed","template":"","meta":{"footnotes":""},"class_list":["post-3837","page","type-page","status-publish","has-post-thumbnail","hentry"],"_links":{"self":[{"href":"https:\/\/ecomuseu-corvo.cultura.azores.gov.pt\/en\/wp-json\/wp\/v2\/pages\/3837","targetHints":{"allow":["GET"]}}],"collection":[{"href":"https:\/\/ecomuseu-corvo.cultura.azores.gov.pt\/en\/wp-json\/wp\/v2\/pages"}],"about":[{"href":"https:\/\/ecomuseu-corvo.cultura.azores.gov.pt\/en\/wp-json\/wp\/v2\/types\/page"}],"author":[{"embeddable":true,"href":"https:\/\/ecomuseu-corvo.cultura.azores.gov.pt\/en\/wp-json\/wp\/v2\/users\/3"}],"replies":[{"embeddable":true,"href":"https:\/\/ecomuseu-corvo.cultura.azores.gov.pt\/en\/wp-json\/wp\/v2\/comments?post=3837"}],"version-history":[{"count":20,"href":"https:\/\/ecomuseu-corvo.cultura.azores.gov.pt\/en\/wp-json\/wp\/v2\/pages\/3837\/revisions"}],"predecessor-version":[{"id":3941,"href":"https:\/\/ecomuseu-corvo.cultura.azores.gov.pt\/en\/wp-json\/wp\/v2\/pages\/3837\/revisions\/3941"}],"wp:featuredmedia":[{"embeddable":true,"href":"https:\/\/ecomuseu-corvo.cultura.azores.gov.pt\/en\/wp-json\/wp\/v2\/media\/3839"}],"wp:attachment":[{"href":"https:\/\/ecomuseu-corvo.cultura.azores.gov.pt\/en\/wp-json\/wp\/v2\/media?parent=3837"}],"curies":[{"name":"wp","href":"https:\/\/api.w.org\/{rel}","templated":true}]}}