{"id":338,"date":"2021-08-11T15:31:22","date_gmt":"2021-08-11T15:31:22","guid":{"rendered":"https:\/\/ecomuseu-corvo.cultura.azores.gov.pt\/community\/"},"modified":"2022-09-24T15:06:10","modified_gmt":"2022-09-24T15:06:10","slug":"community","status":"publish","type":"page","link":"https:\/\/ecomuseu-corvo.cultura.azores.gov.pt\/en\/community\/","title":{"rendered":"Participe"},"content":{"rendered":"<p>O Ecomuseu do Corvo  tem vindo a organizar uma rede de amigos e colaboradores. Para tal elabor\u00e1mos um formul\u00e1rio que nos facilite a organiza\u00e7\u00e3o desta rede. Caso esteja interessado em colaborar connosco (pode ser apenas com ideias e propostas de melhoria) ped\u00edamos que preenchesse o seguinte formul\u00e1rio. <a rel=\"noreferrer noopener\" href=\"https:\/\/forms.office.com\/r\/64jqpPxMZn?fbclid=IwAR1gF2nibH_p6ZjM4I3Xu-yhCEHNEE-iMQ2SzBLvvlAXk0L1JizngPZ-n2Q\" target=\"_blank\">https:\/\/forms.office.com\/r\/64jqpPxMZn<\/a><\/p>\n\n\n\n<p>Obrigada a todos os que j\u00e1 preencheram o formul\u00e1rio e partilharam connosco as suas ideias! As mesmas ser\u00e3o acolhidas, pois pretendemos recolher o m\u00e1ximo de contributos da comunidade. A todos o nosso bem-haja!<\/p>\n\n\n\n<figure class=\"wp-block-image size-large\"><a href=\"https:\/\/forms.office.com\/Pages\/ResponsePage.aspx?id=GHerFHE-GUCJClTtm5L5iptPax3ujQNMh6ZX6QrroxtUQjRPRkQySVpENVZOMDE5MUhURkg0STY4Ui4u\" target=\"_blank\" rel=\"noopener\"><img loading=\"lazy\" decoding=\"async\" width=\"1024\" height=\"588\" src=\"https:\/\/ecomuseu-corvo.cultura.azores.gov.pt\/wp-content\/uploads\/2022\/03\/ImagemA-1024x588.png\" alt=\"\" class=\"wp-image-1218\" srcset=\"https:\/\/ecomuseu-corvo.cultura.azores.gov.pt\/wp-content\/uploads\/2022\/03\/ImagemA-1024x588.png 1024w, https:\/\/ecomuseu-corvo.cultura.azores.gov.pt\/wp-content\/uploads\/2022\/03\/ImagemA-300x172.png 300w, https:\/\/ecomuseu-corvo.cultura.azores.gov.pt\/wp-content\/uploads\/2022\/03\/ImagemA-768x441.png 768w, https:\/\/ecomuseu-corvo.cultura.azores.gov.pt\/wp-content\/uploads\/2022\/03\/ImagemA-1536x882.png 1536w, https:\/\/ecomuseu-corvo.cultura.azores.gov.pt\/wp-content\/uploads\/2022\/03\/ImagemA-18x10.png 18w, https:\/\/ecomuseu-corvo.cultura.azores.gov.pt\/wp-content\/uploads\/2022\/03\/ImagemA-1200x689.png 1200w, https:\/\/ecomuseu-corvo.cultura.azores.gov.pt\/wp-content\/uploads\/2022\/03\/ImagemA-1980x1137.png 1980w, https:\/\/ecomuseu-corvo.cultura.azores.gov.pt\/wp-content\/uploads\/2022\/03\/ImagemA.png 2000w\" sizes=\"auto, (max-width: 1024px) 100vw, 1024px\" \/><\/a><\/figure>","protected":false},"excerpt":{"rendered":"<p>O Ecomuseu do Corvo tem vindo a organizar uma rede de amigos e colaboradores. Para tal elabor\u00e1mos um formul\u00e1rio que nos facilite a organiza\u00e7\u00e3o desta rede. Caso esteja interessado em [&hellip;]<\/p>\n","protected":false},"author":6,"featured_media":0,"parent":0,"menu_order":0,"comment_status":"closed","ping_status":"closed","template":"templates\/template-full-width.php","meta":{"footnotes":""},"class_list":["post-338","page","type-page","status-publish","hentry"],"_links":{"self":[{"href":"https:\/\/ecomuseu-corvo.cultura.azores.gov.pt\/en\/wp-json\/wp\/v2\/pages\/338","targetHints":{"allow":["GET"]}}],"collection":[{"href":"https:\/\/ecomuseu-corvo.cultura.azores.gov.pt\/en\/wp-json\/wp\/v2\/pages"}],"about":[{"href":"https:\/\/ecomuseu-corvo.cultura.azores.gov.pt\/en\/wp-json\/wp\/v2\/types\/page"}],"author":[{"embeddable":true,"href":"https:\/\/ecomuseu-corvo.cultura.azores.gov.pt\/en\/wp-json\/wp\/v2\/users\/6"}],"replies":[{"embeddable":true,"href":"https:\/\/ecomuseu-corvo.cultura.azores.gov.pt\/en\/wp-json\/wp\/v2\/comments?post=338"}],"version-history":[{"count":8,"href":"https:\/\/ecomuseu-corvo.cultura.azores.gov.pt\/en\/wp-json\/wp\/v2\/pages\/338\/revisions"}],"predecessor-version":[{"id":2062,"href":"https:\/\/ecomuseu-corvo.cultura.azores.gov.pt\/en\/wp-json\/wp\/v2\/pages\/338\/revisions\/2062"}],"wp:attachment":[{"href":"https:\/\/ecomuseu-corvo.cultura.azores.gov.pt\/en\/wp-json\/wp\/v2\/media?parent=338"}],"curies":[{"name":"wp","href":"https:\/\/api.w.org\/{rel}","templated":true}]}}