{"id":3088,"date":"2023-11-07T12:19:55","date_gmt":"2023-11-07T13:19:55","guid":{"rendered":"https:\/\/ecomuseu-corvo.cultura.azores.gov.pt\/?page_id=3088"},"modified":"2023-12-19T16:45:19","modified_gmt":"2023-12-19T17:45:19","slug":"moinho-do-caldeirao","status":"publish","type":"page","link":"https:\/\/ecomuseu-corvo.cultura.azores.gov.pt\/en\/moinho-do-caldeirao\/","title":{"rendered":"Moinho do Caldeir\u00e3o"},"content":{"rendered":"<div class=\"wp-block-image\">\n<figure class=\"aligncenter size-large is-resized\"><img loading=\"lazy\" decoding=\"async\" width=\"1024\" height=\"768\" src=\"https:\/\/ecomuseu-corvo.cultura.azores.gov.pt\/wp-content\/uploads\/2023\/11\/image-1-1024x768.png\" alt=\"\" class=\"wp-image-3089\" style=\"aspect-ratio:1.3333333333333333;width:412px;height:auto\" srcset=\"https:\/\/ecomuseu-corvo.cultura.azores.gov.pt\/wp-content\/uploads\/2023\/11\/image-1-1024x768.png 1024w, https:\/\/ecomuseu-corvo.cultura.azores.gov.pt\/wp-content\/uploads\/2023\/11\/image-1-300x225.png 300w, https:\/\/ecomuseu-corvo.cultura.azores.gov.pt\/wp-content\/uploads\/2023\/11\/image-1-768x576.png 768w, https:\/\/ecomuseu-corvo.cultura.azores.gov.pt\/wp-content\/uploads\/2023\/11\/image-1-16x12.png 16w, https:\/\/ecomuseu-corvo.cultura.azores.gov.pt\/wp-content\/uploads\/2023\/11\/image-1.png 1157w\" sizes=\"auto, (max-width: 1024px) 100vw, 1024px\" \/><\/figure>\n<\/div>\n\n\n<p>Localizado junto ao microtop\u00f3nimo de Entre os Montes, no cora\u00e7\u00e3o da cratera do Caldeir\u00e3o, encontram-se os escombros de um antigo moinho de mar\u00e9 (ou rod\u00edzio) cuja tipologia se distingue de todos os restantes (at\u00e9 ao presente) reconhecidos no Arquip\u00e9lago dos A\u00e7ores.<br>Trata-se de um im\u00f3vel de final do s\u00e9culo XIX ou come\u00e7o do XX, implantado entre as duas principais lagoas da cratera do Caldeir\u00e3o. De alvenaria tosca \u2013 pedra sobreposta ligada com argamassa de terra e argila \u2013 e com uma altura n\u00e3o superior a 2 metros.<br>Com uma levada de \u00e1gua, de constru\u00e7\u00e3o antr\u00f3pica, escavada debaixo do im\u00f3vel, esta serviria de liga\u00e7\u00e3o entre as duas lagoas, encontrando-se uma delas em posi\u00e7\u00e3o superior \u00e0 outra, ou seja, a liga\u00e7\u00e3o de \u00e1gua entre ambas funcionaria de forma gravitacional no engenho da moagem.<\/p>\n\n\n\n<figure class=\"wp-block-gallery has-nested-images columns-default is-cropped wp-block-gallery-1 is-layout-flex wp-block-gallery-is-layout-flex\">\n<figure class=\"wp-block-image size-large\"><img loading=\"lazy\" decoding=\"async\" width=\"423\" height=\"385\" data-id=\"3091\" src=\"https:\/\/ecomuseu-corvo.cultura.azores.gov.pt\/wp-content\/uploads\/2023\/11\/Imagem1-1-1.png\" alt=\"\" class=\"wp-image-3091\" srcset=\"https:\/\/ecomuseu-corvo.cultura.azores.gov.pt\/wp-content\/uploads\/2023\/11\/Imagem1-1-1.png 423w, https:\/\/ecomuseu-corvo.cultura.azores.gov.pt\/wp-content\/uploads\/2023\/11\/Imagem1-1-1-300x273.png 300w, https:\/\/ecomuseu-corvo.cultura.azores.gov.pt\/wp-content\/uploads\/2023\/11\/Imagem1-1-1-13x12.png 13w\" sizes=\"auto, (max-width: 423px) 100vw, 423px\" \/><figcaption class=\"wp-element-caption\">Representa\u00e7\u00e3o gr\u00e1fica do<br>moinho de mar\u00e9<\/figcaption><\/figure>\n\n\n\n<figure class=\"wp-block-image size-large\"><img loading=\"lazy\" decoding=\"async\" width=\"2560\" height=\"1920\" data-id=\"3094\" src=\"https:\/\/ecomuseu-corvo.cultura.azores.gov.pt\/wp-content\/uploads\/2023\/11\/IMG_4091-edited-scaled.jpg\" alt=\"\" class=\"wp-image-3094\" srcset=\"https:\/\/ecomuseu-corvo.cultura.azores.gov.pt\/wp-content\/uploads\/2023\/11\/IMG_4091-edited-scaled.jpg 2560w, https:\/\/ecomuseu-corvo.cultura.azores.gov.pt\/wp-content\/uploads\/2023\/11\/IMG_4091-edited-300x225.jpg 300w, https:\/\/ecomuseu-corvo.cultura.azores.gov.pt\/wp-content\/uploads\/2023\/11\/IMG_4091-edited-1024x768.jpg 1024w, https:\/\/ecomuseu-corvo.cultura.azores.gov.pt\/wp-content\/uploads\/2023\/11\/IMG_4091-edited-768x576.jpg 768w, https:\/\/ecomuseu-corvo.cultura.azores.gov.pt\/wp-content\/uploads\/2023\/11\/IMG_4091-edited-1536x1152.jpg 1536w, https:\/\/ecomuseu-corvo.cultura.azores.gov.pt\/wp-content\/uploads\/2023\/11\/IMG_4091-edited-2048x1536.jpg 2048w, https:\/\/ecomuseu-corvo.cultura.azores.gov.pt\/wp-content\/uploads\/2023\/11\/IMG_4091-edited-16x12.jpg 16w, https:\/\/ecomuseu-corvo.cultura.azores.gov.pt\/wp-content\/uploads\/2023\/11\/IMG_4091-edited-1200x900.jpg 1200w, https:\/\/ecomuseu-corvo.cultura.azores.gov.pt\/wp-content\/uploads\/2023\/11\/IMG_4091-edited-1980x1485.jpg 1980w\" sizes=\"auto, (max-width: 2560px) 100vw, 2560px\" \/><\/figure>\n<\/figure>\n\n\n\n<p>\u00c9 poss\u00edvel ver ainda uma levada secund\u00e1ria que serviria para drenar a \u00e1gua da lagoa superior a oriente, muito provavelmente em alturas de maior \u00edndice de precipita\u00e7\u00e3o, e para controlar a velocidade da \u00e1gua na levada principal.<\/p>\n\n\n\n<p>Recolhas junto da comunidade permitiram aferir que este moinho era utilizado todo o ano, exceto nas \u00e9pocas de maior pluviosidade, uma vez que impedia o funcionamento do rod\u00edzio. No Ver\u00e3o a moagem tornava-se igualmente dif\u00edcil devido ao fen\u00f3meno de dissipa\u00e7\u00e3o, o que por sua vez fazia baixar o n\u00edvel da \u00e1gua das lagoas.<\/p>\n\n\n\n<figure class=\"wp-block-gallery has-nested-images columns-default is-cropped wp-block-gallery-2 is-layout-flex wp-block-gallery-is-layout-flex\">\n<figure class=\"wp-block-image size-large\"><img loading=\"lazy\" decoding=\"async\" width=\"278\" height=\"237\" data-id=\"3096\" src=\"https:\/\/ecomuseu-corvo.cultura.azores.gov.pt\/wp-content\/uploads\/2023\/11\/Imagem2-1.jpg\" alt=\"\" class=\"wp-image-3096\" srcset=\"https:\/\/ecomuseu-corvo.cultura.azores.gov.pt\/wp-content\/uploads\/2023\/11\/Imagem2-1.jpg 278w, https:\/\/ecomuseu-corvo.cultura.azores.gov.pt\/wp-content\/uploads\/2023\/11\/Imagem2-1-14x12.jpg 14w\" sizes=\"auto, (max-width: 278px) 100vw, 278px\" \/><\/figure>\n\n\n\n<figure class=\"wp-block-image size-large\"><img loading=\"lazy\" decoding=\"async\" width=\"1024\" height=\"768\" data-id=\"3097\" src=\"https:\/\/ecomuseu-corvo.cultura.azores.gov.pt\/wp-content\/uploads\/2023\/11\/IMG_4080-1024x768.jpg\" alt=\"\" class=\"wp-image-3097\" srcset=\"https:\/\/ecomuseu-corvo.cultura.azores.gov.pt\/wp-content\/uploads\/2023\/11\/IMG_4080-1024x768.jpg 1024w, https:\/\/ecomuseu-corvo.cultura.azores.gov.pt\/wp-content\/uploads\/2023\/11\/IMG_4080-300x225.jpg 300w, https:\/\/ecomuseu-corvo.cultura.azores.gov.pt\/wp-content\/uploads\/2023\/11\/IMG_4080-768x576.jpg 768w, https:\/\/ecomuseu-corvo.cultura.azores.gov.pt\/wp-content\/uploads\/2023\/11\/IMG_4080-1536x1152.jpg 1536w, https:\/\/ecomuseu-corvo.cultura.azores.gov.pt\/wp-content\/uploads\/2023\/11\/IMG_4080-2048x1536.jpg 2048w, https:\/\/ecomuseu-corvo.cultura.azores.gov.pt\/wp-content\/uploads\/2023\/11\/IMG_4080-16x12.jpg 16w, https:\/\/ecomuseu-corvo.cultura.azores.gov.pt\/wp-content\/uploads\/2023\/11\/IMG_4080-1200x900.jpg 1200w, https:\/\/ecomuseu-corvo.cultura.azores.gov.pt\/wp-content\/uploads\/2023\/11\/IMG_4080-1980x1485.jpg 1980w\" sizes=\"auto, (max-width: 1024px) 100vw, 1024px\" \/><\/figure>\n<\/figure>\n\n\n\n<p>O Moinho do Caldeir\u00e3o pertencia a uma sociedade, com n\u00e3o mais de meia d\u00fazia de s\u00f3cios, e cada um tinha um dia espec\u00edfico da semana para fazer a sua moenda (medida de milho). Levavam o milho, num burro ou \u00e0s costas, e traziam de volta 2 a 3 alqueires de farinha.<br>Referem, ainda, os antigos que o engenho funcionava de forma aut\u00f3noma, \u201cPodia-se deixar o milho a moer, ir ver dos animais e voltar mais tarde.\u201d, uma vez que criaram um mecanismo de madeira- tramela &#8211; que batia de forma constante na moenda (componente com o milho) levando a que os gr\u00e3os ca\u00edssem lentamente no olho da m\u00f3.<\/p>\n\n\n\n<figure class=\"wp-block-gallery has-nested-images columns-default is-cropped wp-block-gallery-3 is-layout-flex wp-block-gallery-is-layout-flex\">\n<figure class=\"wp-block-image size-large\"><img loading=\"lazy\" decoding=\"async\" width=\"580\" height=\"355\" data-id=\"3099\" src=\"https:\/\/ecomuseu-corvo.cultura.azores.gov.pt\/wp-content\/uploads\/2023\/11\/Imagem2-1.png\" alt=\"\" class=\"wp-image-3099\" srcset=\"https:\/\/ecomuseu-corvo.cultura.azores.gov.pt\/wp-content\/uploads\/2023\/11\/Imagem2-1.png 580w, https:\/\/ecomuseu-corvo.cultura.azores.gov.pt\/wp-content\/uploads\/2023\/11\/Imagem2-1-300x184.png 300w, https:\/\/ecomuseu-corvo.cultura.azores.gov.pt\/wp-content\/uploads\/2023\/11\/Imagem2-1-18x12.png 18w\" sizes=\"auto, (max-width: 580px) 100vw, 580px\" \/><figcaption class=\"wp-element-caption\">Exemplar de tramela , instrumento que fazia o milho cair devagar.<\/figcaption><\/figure>\n\n\n\n<figure class=\"wp-block-image size-large\"><img loading=\"lazy\" decoding=\"async\" width=\"1024\" height=\"969\" data-id=\"3100\" src=\"https:\/\/ecomuseu-corvo.cultura.azores.gov.pt\/wp-content\/uploads\/2023\/11\/moinho_rodizio_1-1024x969.jpg\" alt=\"\" class=\"wp-image-3100\" srcset=\"https:\/\/ecomuseu-corvo.cultura.azores.gov.pt\/wp-content\/uploads\/2023\/11\/moinho_rodizio_1-1024x969.jpg 1024w, https:\/\/ecomuseu-corvo.cultura.azores.gov.pt\/wp-content\/uploads\/2023\/11\/moinho_rodizio_1-300x284.jpg 300w, https:\/\/ecomuseu-corvo.cultura.azores.gov.pt\/wp-content\/uploads\/2023\/11\/moinho_rodizio_1-768x726.jpg 768w, https:\/\/ecomuseu-corvo.cultura.azores.gov.pt\/wp-content\/uploads\/2023\/11\/moinho_rodizio_1-1536x1453.jpg 1536w, https:\/\/ecomuseu-corvo.cultura.azores.gov.pt\/wp-content\/uploads\/2023\/11\/moinho_rodizio_1-13x12.jpg 13w, https:\/\/ecomuseu-corvo.cultura.azores.gov.pt\/wp-content\/uploads\/2023\/11\/moinho_rodizio_1-1200x1135.jpg 1200w, https:\/\/ecomuseu-corvo.cultura.azores.gov.pt\/wp-content\/uploads\/2023\/11\/moinho_rodizio_1.jpg 1794w\" sizes=\"auto, (max-width: 1024px) 100vw, 1024px\" \/><\/figure>\n<\/figure>\n\n\n\n<p><\/p>\n\n\n\n<div class=\"wp-block-group is-nowrap is-layout-flex wp-container-core-group-is-layout-ad2f72ca wp-block-group-is-layout-flex\">\n<figure class=\"wp-block-image size-large\"><img loading=\"lazy\" decoding=\"async\" width=\"1024\" height=\"700\" src=\"https:\/\/ecomuseu-corvo.cultura.azores.gov.pt\/wp-content\/uploads\/2023\/11\/Imagem3-1-1024x700.png\" alt=\"\" class=\"wp-image-3103\" srcset=\"https:\/\/ecomuseu-corvo.cultura.azores.gov.pt\/wp-content\/uploads\/2023\/11\/Imagem3-1-1024x700.png 1024w, https:\/\/ecomuseu-corvo.cultura.azores.gov.pt\/wp-content\/uploads\/2023\/11\/Imagem3-1-300x205.png 300w, https:\/\/ecomuseu-corvo.cultura.azores.gov.pt\/wp-content\/uploads\/2023\/11\/Imagem3-1-768x525.png 768w, https:\/\/ecomuseu-corvo.cultura.azores.gov.pt\/wp-content\/uploads\/2023\/11\/Imagem3-1-18x12.png 18w, https:\/\/ecomuseu-corvo.cultura.azores.gov.pt\/wp-content\/uploads\/2023\/11\/Imagem3-1-1200x821.png 1200w, https:\/\/ecomuseu-corvo.cultura.azores.gov.pt\/wp-content\/uploads\/2023\/11\/Imagem3-1.png 1522w\" sizes=\"auto, (max-width: 1024px) 100vw, 1024px\" \/><\/figure>\n<\/div>\n\n\n\n<figure class=\"wp-block-image size-large\"><img loading=\"lazy\" decoding=\"async\" width=\"1024\" height=\"725\" src=\"https:\/\/ecomuseu-corvo.cultura.azores.gov.pt\/wp-content\/uploads\/2023\/11\/prc_02_cor_-_caldeirao_page-0001-1-1024x725.jpg\" alt=\"\" class=\"wp-image-3104\" srcset=\"https:\/\/ecomuseu-corvo.cultura.azores.gov.pt\/wp-content\/uploads\/2023\/11\/prc_02_cor_-_caldeirao_page-0001-1-1024x725.jpg 1024w, https:\/\/ecomuseu-corvo.cultura.azores.gov.pt\/wp-content\/uploads\/2023\/11\/prc_02_cor_-_caldeirao_page-0001-1-300x212.jpg 300w, https:\/\/ecomuseu-corvo.cultura.azores.gov.pt\/wp-content\/uploads\/2023\/11\/prc_02_cor_-_caldeirao_page-0001-1-768x543.jpg 768w, https:\/\/ecomuseu-corvo.cultura.azores.gov.pt\/wp-content\/uploads\/2023\/11\/prc_02_cor_-_caldeirao_page-0001-1-1536x1087.jpg 1536w, https:\/\/ecomuseu-corvo.cultura.azores.gov.pt\/wp-content\/uploads\/2023\/11\/prc_02_cor_-_caldeirao_page-0001-1-18x12.jpg 18w, https:\/\/ecomuseu-corvo.cultura.azores.gov.pt\/wp-content\/uploads\/2023\/11\/prc_02_cor_-_caldeirao_page-0001-1-1200x849.jpg 1200w, https:\/\/ecomuseu-corvo.cultura.azores.gov.pt\/wp-content\/uploads\/2023\/11\/prc_02_cor_-_caldeirao_page-0001-1.jpg 1754w\" sizes=\"auto, (max-width: 1024px) 100vw, 1024px\" \/><\/figure>","protected":false},"excerpt":{"rendered":"<p>Localizado junto ao microtop\u00f3nimo de Entre os Montes, no cora\u00e7\u00e3o da cratera do Caldeir\u00e3o, encontram-se os escombros de um antigo moinho de mar\u00e9 (ou rod\u00edzio) cuja tipologia se distingue de [&hellip;]<\/p>\n","protected":false},"author":3,"featured_media":3106,"parent":0,"menu_order":0,"comment_status":"closed","ping_status":"closed","template":"","meta":{"footnotes":""},"class_list":["post-3088","page","type-page","status-publish","has-post-thumbnail","hentry"],"_links":{"self":[{"href":"https:\/\/ecomuseu-corvo.cultura.azores.gov.pt\/en\/wp-json\/wp\/v2\/pages\/3088","targetHints":{"allow":["GET"]}}],"collection":[{"href":"https:\/\/ecomuseu-corvo.cultura.azores.gov.pt\/en\/wp-json\/wp\/v2\/pages"}],"about":[{"href":"https:\/\/ecomuseu-corvo.cultura.azores.gov.pt\/en\/wp-json\/wp\/v2\/types\/page"}],"author":[{"embeddable":true,"href":"https:\/\/ecomuseu-corvo.cultura.azores.gov.pt\/en\/wp-json\/wp\/v2\/users\/3"}],"replies":[{"embeddable":true,"href":"https:\/\/ecomuseu-corvo.cultura.azores.gov.pt\/en\/wp-json\/wp\/v2\/comments?post=3088"}],"version-history":[{"count":3,"href":"https:\/\/ecomuseu-corvo.cultura.azores.gov.pt\/en\/wp-json\/wp\/v2\/pages\/3088\/revisions"}],"predecessor-version":[{"id":3263,"href":"https:\/\/ecomuseu-corvo.cultura.azores.gov.pt\/en\/wp-json\/wp\/v2\/pages\/3088\/revisions\/3263"}],"wp:featuredmedia":[{"embeddable":true,"href":"https:\/\/ecomuseu-corvo.cultura.azores.gov.pt\/en\/wp-json\/wp\/v2\/media\/3106"}],"wp:attachment":[{"href":"https:\/\/ecomuseu-corvo.cultura.azores.gov.pt\/en\/wp-json\/wp\/v2\/media?parent=3088"}],"curies":[{"name":"wp","href":"https:\/\/api.w.org\/{rel}","templated":true}]}}