{"id":3,"date":"2021-07-16T12:03:13","date_gmt":"2021-07-16T12:03:13","guid":{"rendered":"https:\/\/ecomuseu-corvo.cultura.azores.gov.pt\/?page_id=3"},"modified":"2021-09-21T13:58:37","modified_gmt":"2021-09-21T13:58:37","slug":"privacy-policy","status":"publish","type":"page","link":"https:\/\/ecomuseu-corvo.cultura.azores.gov.pt\/en\/privacy-policy\/","title":{"rendered":"Pol\u00edtica de privacidade"},"content":{"rendered":"<p class=\"has-text-align-left\">A Dire\u00e7\u00e3o Regional da Cultura e o Ecomuseu do Corvo comprometem-se a respeitar a legisla\u00e7\u00e3o em vigor sobre prote\u00e7\u00e3o de dados pessoais, de acordo com os princ\u00edpios e regras decorrentes da legisla\u00e7\u00e3o europeia e nacional sobre prote\u00e7\u00e3o de dados pessoais, em especial do Regulamento (UE) 2016\/679, do Parlamento Europeu e do Conselho, de 27 de abril de 2016 &#8211; <a href=\"\/wp-content\/uploads\/2021\/08\/regulamento-geral-proteccao-dados.pdf\" data-type=\"URL\" data-id=\"\/wp-content\/uploads\/2021\/08\/regulamento-geral-proteccao-dados.pdf\">RGPD &#8211; Regulamento Geral da Prote\u00e7\u00e3o de Dados<\/a>.<\/p>\n\n\n\n<p>A Dire\u00e7\u00e3o Regional da Cultura compromete-se em manter a confidencialidade dos dados pessoais dos seus utilizadores.<\/p>\n\n\n\n<p>N\u00e3o recolhemos quaisquer informa\u00e7\u00f5es pessoais. A informa\u00e7\u00e3o recebida depende da navega\u00e7\u00e3o realizada. Ao enviar-nos um e-mail com informa\u00e7\u00e3o pessoal (ex. endere\u00e7o eletr\u00f3nico), os seus dados ser\u00e3o utilizados apenas para responder a pedidos de informa\u00e7\u00e3o ou registos. \u00c9 poss\u00edvel, tamb\u00e9m, que o seu e-mail seja reencaminhado (forward) para outras entidades\/organismos que lhe possam proporcionar uma resposta mais adequada.<\/p>\n\n\n\n<p>Por motivos de seguran\u00e7a e para que o servi\u00e7o esteja dispon\u00edvel para todos os utilizadores, s\u00e3o ainda utilizados programas inform\u00e1ticos que monitorizam o tr\u00e1fego de utilizadores, com o objetivo de detetar tentativas ilegais de altera\u00e7\u00e3o de dados\/informa\u00e7\u00e3o ou outros meios de danifica\u00e7\u00e3o dos nossos servi\u00e7os. Estes dados tamb\u00e9m s\u00e3o recolhidos para efeitos estat\u00edsticos.<\/p>","protected":false},"excerpt":{"rendered":"<p>A Dire\u00e7\u00e3o Regional da Cultura e o Ecomuseu do Corvo comprometem-se a respeitar a legisla\u00e7\u00e3o em vigor sobre prote\u00e7\u00e3o de dados pessoais, de acordo com os princ\u00edpios e regras decorrentes [&hellip;]<\/p>\n","protected":false},"author":6,"featured_media":0,"parent":0,"menu_order":0,"comment_status":"closed","ping_status":"open","template":"templates\/template-full-width.php","meta":{"footnotes":""},"class_list":["post-3","page","type-page","status-publish","hentry"],"_links":{"self":[{"href":"https:\/\/ecomuseu-corvo.cultura.azores.gov.pt\/en\/wp-json\/wp\/v2\/pages\/3","targetHints":{"allow":["GET"]}}],"collection":[{"href":"https:\/\/ecomuseu-corvo.cultura.azores.gov.pt\/en\/wp-json\/wp\/v2\/pages"}],"about":[{"href":"https:\/\/ecomuseu-corvo.cultura.azores.gov.pt\/en\/wp-json\/wp\/v2\/types\/page"}],"author":[{"embeddable":true,"href":"https:\/\/ecomuseu-corvo.cultura.azores.gov.pt\/en\/wp-json\/wp\/v2\/users\/6"}],"replies":[{"embeddable":true,"href":"https:\/\/ecomuseu-corvo.cultura.azores.gov.pt\/en\/wp-json\/wp\/v2\/comments?post=3"}],"version-history":[{"count":5,"href":"https:\/\/ecomuseu-corvo.cultura.azores.gov.pt\/en\/wp-json\/wp\/v2\/pages\/3\/revisions"}],"predecessor-version":[{"id":505,"href":"https:\/\/ecomuseu-corvo.cultura.azores.gov.pt\/en\/wp-json\/wp\/v2\/pages\/3\/revisions\/505"}],"wp:attachment":[{"href":"https:\/\/ecomuseu-corvo.cultura.azores.gov.pt\/en\/wp-json\/wp\/v2\/media?parent=3"}],"curies":[{"name":"wp","href":"https:\/\/api.w.org\/{rel}","templated":true}]}}