{"id":259,"date":"2021-08-04T17:17:04","date_gmt":"2021-08-04T17:17:04","guid":{"rendered":"https:\/\/ecomuseu-corvo.cultura.azores.gov.pt\/?page_id=259"},"modified":"2021-09-21T13:59:58","modified_gmt":"2021-09-21T13:59:58","slug":"terms-and-conditions","status":"publish","type":"page","link":"https:\/\/ecomuseu-corvo.cultura.azores.gov.pt\/en\/terms-and-conditions\/","title":{"rendered":"Termos e condi\u00e7\u00f5es"},"content":{"rendered":"<p>Este s\u00edtio web \u00e9 considerado pela Dire\u00e7\u00e3o Regional da Cultura como servi\u00e7o p\u00fablico, sendo tamb\u00e9m considerada p\u00fablica a informa\u00e7\u00e3o nele contida.<\/p>\n\n\n\n<p>Quaisquer tentativas de altera\u00e7\u00e3o, carregamento de informa\u00e7\u00e3o, ou qualquer outra ac\u00e7\u00e3o que possa causar dano e p\u00f4r em risco a integridade do sistema, s\u00e3o estritamente proibidas e podem ser punidas de acordo com a legisla\u00e7\u00e3o em vigor.<\/p>\n\n\n\n<p>\u00c9 objectivo deste s\u00edtio minimizar os inconvenientes causados por erros t\u00e9cnicos. Todavia, determinados dados ou informa\u00e7\u00e3o aqui contidos podem ter sido criados ou estruturados em ficheiros ou formatos n\u00e3o isentos de erros, com a consequ\u00eancia de n\u00e3o se poder garantir a n\u00e3o interrup\u00e7\u00e3o ou a n\u00e3o perturba\u00e7\u00e3o do servi\u00e7o por causa de tais problemas. O Governo Regional dos A\u00e7ores, e em particular a Dire\u00e7\u00e3o Regional da Cultura e o Ecomuseu do Corvo, n\u00e3o assumem qualquer responsabilidade por problemas que surjam na sequ\u00eancia da consulta deste s\u00edtio ou de quaisquer s\u00edtios externos a ele ligados.<\/p>\n\n\n\n<h2 class=\"wp-block-heading\">Direitos de Autor e de Propriedade Industrial<\/h2>\n\n\n\n<p>O conte\u00fado deste s\u00edtio \u00e9 alvo de Direitos de Autor e Direitos Conexos e de Direitos de Propriedade Industrial, n\u00e3o podendo ser utilizado fora das condi\u00e7\u00f5es admitidas.<\/p>\n\n\n\n<p>O utilizador pode copiar, importar ou utilizar gratuitamente informa\u00e7\u00f5es ou s\u00edmbolos nacionais aqui existentes para uso pessoal, desde que n\u00e3o tenha finalidades lucrativas ou ofensivas. O utente deve contudo referir sempre a fonte de informa\u00e7\u00e3o.<\/p>\n\n\n\n<p>No que respeita aos s\u00edtios para que este portal faz liga\u00e7\u00e3o dever\u00e1 ser obtida a autoriza\u00e7\u00e3o dos autores desse material ou referida a fonte, conforme as respectivas informa\u00e7\u00f5es sobre direitos de autor.<\/p>\n\n\n\n<h2 class=\"wp-block-heading\">Liga\u00e7\u00f5es a outros s\u00edtios<\/h2>\n\n\n\n<p>Esta p\u00e1gina web cont\u00e9m liga\u00e7\u00f5es para outros s\u00edtios na Internet. A Dire\u00e7\u00e3o Regional da Cultura e o Ecomuseu do Corvo n\u00e3o se responsabilizam pela pol\u00edtica de seguran\u00e7a e privacidade, forma, conte\u00fado ou pr\u00e1ticas desses mesmos s\u00edtios.<\/p>\n\n\n\n<h2 class=\"wp-block-heading\">Informa\u00e7\u00e3o Disponibilizada<\/h2>\n\n\n\n<p>A informa\u00e7\u00e3o existente no presente s\u00edtio \u00e9 assegurada pela Dire\u00e7\u00e3o Regional da Cultura e pelo Ecomuseu do Corvo.<\/p>","protected":false},"excerpt":{"rendered":"<p>Este s\u00edtio web \u00e9 considerado pela Dire\u00e7\u00e3o Regional da Cultura como servi\u00e7o p\u00fablico, sendo tamb\u00e9m considerada p\u00fablica a informa\u00e7\u00e3o nele contida. Quaisquer tentativas de altera\u00e7\u00e3o, carregamento de informa\u00e7\u00e3o, ou qualquer [&hellip;]<\/p>\n","protected":false},"author":6,"featured_media":0,"parent":0,"menu_order":0,"comment_status":"closed","ping_status":"closed","template":"templates\/template-full-width.php","meta":{"footnotes":""},"class_list":["post-259","page","type-page","status-publish","hentry"],"_links":{"self":[{"href":"https:\/\/ecomuseu-corvo.cultura.azores.gov.pt\/en\/wp-json\/wp\/v2\/pages\/259","targetHints":{"allow":["GET"]}}],"collection":[{"href":"https:\/\/ecomuseu-corvo.cultura.azores.gov.pt\/en\/wp-json\/wp\/v2\/pages"}],"about":[{"href":"https:\/\/ecomuseu-corvo.cultura.azores.gov.pt\/en\/wp-json\/wp\/v2\/types\/page"}],"author":[{"embeddable":true,"href":"https:\/\/ecomuseu-corvo.cultura.azores.gov.pt\/en\/wp-json\/wp\/v2\/users\/6"}],"replies":[{"embeddable":true,"href":"https:\/\/ecomuseu-corvo.cultura.azores.gov.pt\/en\/wp-json\/wp\/v2\/comments?post=259"}],"version-history":[{"count":3,"href":"https:\/\/ecomuseu-corvo.cultura.azores.gov.pt\/en\/wp-json\/wp\/v2\/pages\/259\/revisions"}],"predecessor-version":[{"id":506,"href":"https:\/\/ecomuseu-corvo.cultura.azores.gov.pt\/en\/wp-json\/wp\/v2\/pages\/259\/revisions\/506"}],"wp:attachment":[{"href":"https:\/\/ecomuseu-corvo.cultura.azores.gov.pt\/en\/wp-json\/wp\/v2\/media?parent=259"}],"curies":[{"name":"wp","href":"https:\/\/api.w.org\/{rel}","templated":true}]}}