{"id":256,"date":"2021-08-04T17:15:36","date_gmt":"2021-08-04T17:15:36","guid":{"rendered":"https:\/\/ecomuseu-corvo.cultura.azores.gov.pt\/?page_id=256"},"modified":"2021-09-21T15:06:09","modified_gmt":"2021-09-21T15:06:09","slug":"cookie-policy","status":"publish","type":"page","link":"https:\/\/ecomuseu-corvo.cultura.azores.gov.pt\/en\/cookie-policy\/","title":{"rendered":"Pol\u00edtica de cookies"},"content":{"rendered":"<h2>O que s\u00e3o cookies?<\/h2>\n\n\n\n<p>Cookies s\u00e3o ficheiros guardados no seu telefone, tablet ou computador quando visita um website. O website do Ecomuseu do Corvo usa cookies para guardar informa\u00e7\u00e3o sobre os modos de utiliza\u00e7\u00e3o dos visitantes, tais como as p\u00e1ginas que visita.<\/p>\n\n\n\n<h2>Cookies utilizados<\/h2>\n\n\n\n<ul class=\"wp-block-list\"><li>Lembrar notifica\u00e7\u00f5es que j\u00e1 tenha visto para que n\u00e3o sejam mostradas novamente.<\/li><li>Lembrar o seu progresso ao longo de um formul\u00e1rio (por exemplo, o formul\u00e1rio de contacto).<\/li><li>Lembrar as suas prefer\u00eancias e escolhas que faz ao longo da navega\u00e7\u00e3o, para personalizar a sua experi\u00eancia de utiliza\u00e7\u00e3o.<\/li><li>Usamos o Google Analytics para medir como os cidad\u00e3os e visitantes usam o nosso website de maneira a melhorar com base nas prefer\u00eancias dos utilizadores. N\u00e3o permitimos que a Google utilize ou partilhe com terceiros os dados de utiliza\u00e7\u00e3o deste website.<\/li><\/ul>","protected":false},"excerpt":{"rendered":"<p>O que s\u00e3o cookies? Cookies s\u00e3o ficheiros guardados no seu telefone, tablet ou computador quando visita um website. O website do Ecomuseu do Corvo usa cookies para guardar informa\u00e7\u00e3o sobre [&hellip;]<\/p>\n","protected":false},"author":6,"featured_media":0,"parent":0,"menu_order":0,"comment_status":"closed","ping_status":"closed","template":"templates\/template-full-width.php","meta":{"footnotes":""},"class_list":["post-256","page","type-page","status-publish","hentry"],"_links":{"self":[{"href":"https:\/\/ecomuseu-corvo.cultura.azores.gov.pt\/en\/wp-json\/wp\/v2\/pages\/256","targetHints":{"allow":["GET"]}}],"collection":[{"href":"https:\/\/ecomuseu-corvo.cultura.azores.gov.pt\/en\/wp-json\/wp\/v2\/pages"}],"about":[{"href":"https:\/\/ecomuseu-corvo.cultura.azores.gov.pt\/en\/wp-json\/wp\/v2\/types\/page"}],"author":[{"embeddable":true,"href":"https:\/\/ecomuseu-corvo.cultura.azores.gov.pt\/en\/wp-json\/wp\/v2\/users\/6"}],"replies":[{"embeddable":true,"href":"https:\/\/ecomuseu-corvo.cultura.azores.gov.pt\/en\/wp-json\/wp\/v2\/comments?post=256"}],"version-history":[{"count":7,"href":"https:\/\/ecomuseu-corvo.cultura.azores.gov.pt\/en\/wp-json\/wp\/v2\/pages\/256\/revisions"}],"predecessor-version":[{"id":507,"href":"https:\/\/ecomuseu-corvo.cultura.azores.gov.pt\/en\/wp-json\/wp\/v2\/pages\/256\/revisions\/507"}],"wp:attachment":[{"href":"https:\/\/ecomuseu-corvo.cultura.azores.gov.pt\/en\/wp-json\/wp\/v2\/media?parent=256"}],"curies":[{"name":"wp","href":"https:\/\/api.w.org\/{rel}","templated":true}]}}