{"id":215,"date":"2021-07-30T16:33:11","date_gmt":"2021-07-30T16:33:11","guid":{"rendered":"https:\/\/ecomuseu-corvo.cultura.azores.gov.pt\/?page_id=215"},"modified":"2022-09-24T14:32:15","modified_gmt":"2022-09-24T14:32:15","slug":"videos","status":"publish","type":"page","link":"https:\/\/ecomuseu-corvo.cultura.azores.gov.pt\/en\/videos\/","title":{"rendered":"V\u00eddeos"},"content":{"rendered":"<div class=\"wp-block-columns alignwide is-layout-flex wp-container-core-columns-is-layout-9d6595d7 wp-block-columns-is-layout-flex\">\n<div class=\"wp-block-column is-vertically-aligned-center is-layout-flow wp-block-column-is-layout-flow\">\n<figure class=\"wp-block-embed is-type-video is-provider-youtube wp-block-embed-youtube wp-embed-aspect-16-9 wp-has-aspect-ratio\"><div class=\"wp-block-embed__wrapper\">\n<iframe loading=\"lazy\" title=\"Document\u00e1rio sobre Ecomuseu da ilha do Corvo | Documentary about Corvo&#039;s island Ecomuseum\" width=\"580\" height=\"326\" src=\"https:\/\/www.youtube.com\/embed\/MnX64KkGmXY?list=PLSxhrfiNtYXZNxI69Nrq-dM8GwzLngtpg\" frameborder=\"0\" allow=\"accelerometer; autoplay; clipboard-write; encrypted-media; gyroscope; picture-in-picture; web-share\" referrerpolicy=\"strict-origin-when-cross-origin\" allowfullscreen><\/iframe>\n<\/div><figcaption>Document\u00e1rio sobre Ecomuseu da ilha do Corvo | Documentary about Corvo\u2019s island Ecomuseum<\/figcaption><\/figure>\n<\/div>\n\n\n\n<div class=\"wp-block-column is-layout-flow wp-block-column-is-layout-flow\">\n<figure class=\"wp-block-embed is-type-video is-provider-youtube wp-block-embed-youtube wp-embed-aspect-16-9 wp-has-aspect-ratio\"><div class=\"wp-block-embed__wrapper\">\n<iframe loading=\"lazy\" title=\"Video promo: a ilha do Corvo e o seu Ecomuseu | Promotional video: Corvo&#039;s island and its Ecomuseum\" width=\"580\" height=\"326\" src=\"https:\/\/www.youtube.com\/embed\/jSJ_wdXaPTE?list=PLSxhrfiNtYXZNxI69Nrq-dM8GwzLngtpg\" frameborder=\"0\" allow=\"accelerometer; autoplay; clipboard-write; encrypted-media; gyroscope; picture-in-picture; web-share\" referrerpolicy=\"strict-origin-when-cross-origin\" allowfullscreen><\/iframe>\n<\/div><figcaption>Video promo: a ilha do Corvo e o seu Ecomuseu | Promotional video: Corvo&#8217;s island and its Ecomuseum<\/figcaption><\/figure>\n<\/div>\n<\/div>\n\n\n\n<div class=\"wp-block-columns alignwide is-layout-flex wp-container-core-columns-is-layout-9d6595d7 wp-block-columns-is-layout-flex\">\n<div class=\"wp-block-column is-layout-flow wp-block-column-is-layout-flow\">\n<figure class=\"wp-block-embed is-type-video is-provider-youtube wp-block-embed-youtube wp-embed-aspect-16-9 wp-has-aspect-ratio\"><div class=\"wp-block-embed__wrapper\">\n<iframe loading=\"lazy\" title=\"#TASTE. Epis\u00f3dio 26. Mem\u00f3rias e viv\u00eancias da alimenta\u00e7\u00e3o na ilha do Corvo. #azores\" width=\"580\" height=\"326\" src=\"https:\/\/www.youtube.com\/embed\/UKtA04Ehe9o?feature=oembed\" frameborder=\"0\" allow=\"accelerometer; autoplay; clipboard-write; encrypted-media; gyroscope; picture-in-picture; web-share\" referrerpolicy=\"strict-origin-when-cross-origin\" allowfullscreen><\/iframe>\n<\/div><figcaption><a href=\"https:\/\/www.youtube.com\/hashtag\/taste\">#TASTE<\/a>. Epis\u00f3dio 26. Mem\u00f3rias e viv\u00eancias da alimenta\u00e7\u00e3o na ilha do Corvo.<\/figcaption><\/figure>\n<\/div>\n\n\n\n<div class=\"wp-block-column is-layout-flow wp-block-column-is-layout-flow\">\n<figure class=\"wp-block-embed is-type-video is-provider-youtube wp-block-embed-youtube wp-embed-aspect-16-9 wp-has-aspect-ratio\"><div class=\"wp-block-embed__wrapper\">\n<iframe loading=\"lazy\" title=\"#TASTE \u2014 Epis\u00f3dio 41. As Couves da Bar\u00e7a. Uma tradi\u00e7\u00e3o da gastronomia na ilha do Corvo. #Azores\" width=\"580\" height=\"326\" src=\"https:\/\/www.youtube.com\/embed\/v42OPpeli54?feature=oembed\" frameborder=\"0\" allow=\"accelerometer; autoplay; clipboard-write; encrypted-media; gyroscope; picture-in-picture; web-share\" referrerpolicy=\"strict-origin-when-cross-origin\" allowfullscreen><\/iframe>\n<\/div><figcaption><a href=\"https:\/\/www.youtube.com\/hashtag\/taste\">#TASTE<\/a>&nbsp;\u2014 Epis\u00f3dio 41. As Couves da Bar\u00e7a. Uma tradi\u00e7\u00e3o da gastronomia na ilha do Corvo.<\/figcaption><\/figure>\n<\/div>\n<\/div>\n\n\n\n<div class=\"wp-block-columns alignwide is-layout-flex wp-container-core-columns-is-layout-9d6595d7 wp-block-columns-is-layout-flex\">\n<div class=\"wp-block-column is-layout-flow wp-block-column-is-layout-flow\">\n<figure class=\"wp-block-embed is-type-video is-provider-youtube wp-block-embed-youtube wp-embed-aspect-16-9 wp-has-aspect-ratio\"><div class=\"wp-block-embed__wrapper\">\n<iframe loading=\"lazy\" title=\"#TASTE \u2014 Epis\u00f3dio 62. As filhoses do Entrudo na ilha do Corvo. #Azores\" width=\"580\" height=\"326\" src=\"https:\/\/www.youtube.com\/embed\/VIGIBWxLyGE?feature=oembed\" frameborder=\"0\" allow=\"accelerometer; autoplay; clipboard-write; encrypted-media; gyroscope; picture-in-picture; web-share\" referrerpolicy=\"strict-origin-when-cross-origin\" allowfullscreen><\/iframe>\n<\/div><figcaption><a href=\"https:\/\/www.youtube.com\/hashtag\/taste\">#TASTE<\/a>&nbsp;\u2014 Epis\u00f3dio 62. As filhoses do Entrudo na ilha do Corvo.<\/figcaption><\/figure>\n<\/div>\n\n\n\n<div class=\"wp-block-column is-layout-flow wp-block-column-is-layout-flow\">\n<figure class=\"wp-block-embed is-type-video is-provider-youtube wp-block-embed-youtube wp-embed-aspect-16-9 wp-has-aspect-ratio\"><div class=\"wp-block-embed__wrapper\">\n<iframe loading=\"lazy\" title=\"#TASTE. Epis\u00f3dio 66. A confe\u00e7\u00e3o do p\u00e3o de milho na ilha do Corvo: mem\u00f3rias e viv\u00eancias. #Azores\" width=\"580\" height=\"326\" src=\"https:\/\/www.youtube.com\/embed\/G7HHSGpB4kY?feature=oembed\" frameborder=\"0\" allow=\"accelerometer; autoplay; clipboard-write; encrypted-media; gyroscope; picture-in-picture; web-share\" referrerpolicy=\"strict-origin-when-cross-origin\" allowfullscreen><\/iframe>\n<\/div><figcaption><a href=\"https:\/\/www.youtube.com\/hashtag\/taste\">#TASTE<\/a>. Epis\u00f3dio 66. A confe\u00e7\u00e3o do p\u00e3o de milho na ilha do Corvo: mem\u00f3rias e viv\u00eancias.<\/figcaption><\/figure>\n<\/div>\n<\/div>\n\n\n\n<div class=\"wp-block-columns alignwide is-layout-flex wp-container-core-columns-is-layout-9d6595d7 wp-block-columns-is-layout-flex\">\n<div class=\"wp-block-column is-layout-flow wp-block-column-is-layout-flow\">\n<figure class=\"wp-block-embed is-type-video is-provider-youtube wp-block-embed-youtube wp-embed-aspect-16-9 wp-has-aspect-ratio\"><div class=\"wp-block-embed__wrapper\">\n<iframe loading=\"lazy\" title=\"#TASTE. Epis\u00f3dio 75. As tortas de erva patinha na ilha do Corvo. #Azores\" width=\"580\" height=\"326\" src=\"https:\/\/www.youtube.com\/embed\/-8whrcWJCFU?feature=oembed\" frameborder=\"0\" allow=\"accelerometer; autoplay; clipboard-write; encrypted-media; gyroscope; picture-in-picture; web-share\" referrerpolicy=\"strict-origin-when-cross-origin\" allowfullscreen><\/iframe>\n<\/div><figcaption><a href=\"https:\/\/www.youtube.com\/hashtag\/taste\">#TASTE<\/a>. Epis\u00f3dio 75. As tortas de erva patinha na ilha do Corvo.<\/figcaption><\/figure>\n<\/div>\n\n\n\n<div class=\"wp-block-column is-layout-flow wp-block-column-is-layout-flow\">\n<figure class=\"wp-block-embed is-type-video is-provider-youtube wp-block-embed-youtube wp-embed-aspect-16-9 wp-has-aspect-ratio\"><div class=\"wp-block-embed__wrapper\">\n<iframe loading=\"lazy\" title=\"#TASTE. Epis\u00f3dio 87. A produ\u00e7\u00e3o do queijo artesanal na ilha do Corvo. #azoresislands\" width=\"580\" height=\"326\" src=\"https:\/\/www.youtube.com\/embed\/olT8fF0wjp0?feature=oembed\" frameborder=\"0\" allow=\"accelerometer; autoplay; clipboard-write; encrypted-media; gyroscope; picture-in-picture; web-share\" referrerpolicy=\"strict-origin-when-cross-origin\" allowfullscreen><\/iframe>\n<\/div><figcaption><a href=\"https:\/\/www.youtube.com\/hashtag\/taste\">#TASTE<\/a>. Epis\u00f3dio 87. A produ\u00e7\u00e3o do queijo artesanal na ilha do Corvo.<\/figcaption><\/figure>\n<\/div>\n<\/div>\n\n\n\n<div class=\"wp-block-group\"><div class=\"wp-block-group__inner-container is-layout-flow wp-block-group-is-layout-flow\">\n<div class=\"wp-block-columns is-layout-flex wp-container-core-columns-is-layout-9d6595d7 wp-block-columns-is-layout-flex\">\n<div class=\"wp-block-column is-layout-flow wp-block-column-is-layout-flow\" style=\"flex-basis:100%\">\n<figure class=\"wp-block-image size-full is-resized\"><a href=\"https:\/\/www.rtp.pt\/play\/p5799\/e584685\/culturaacores\" target=\"_blank\" rel=\"noopener\"><img loading=\"lazy\" decoding=\"async\" src=\"https:\/\/ecomuseu-corvo.cultura.azores.gov.pt\/wp-content\/uploads\/2022\/03\/Imagem12-1.png\" alt=\"\" class=\"wp-image-874\" width=\"612\" height=\"370\" srcset=\"https:\/\/ecomuseu-corvo.cultura.azores.gov.pt\/wp-content\/uploads\/2022\/03\/Imagem12-1.png 808w, https:\/\/ecomuseu-corvo.cultura.azores.gov.pt\/wp-content\/uploads\/2022\/03\/Imagem12-1-300x182.png 300w, https:\/\/ecomuseu-corvo.cultura.azores.gov.pt\/wp-content\/uploads\/2022\/03\/Imagem12-1-768x465.png 768w, https:\/\/ecomuseu-corvo.cultura.azores.gov.pt\/wp-content\/uploads\/2022\/03\/Imagem12-1-18x12.png 18w\" sizes=\"auto, (max-width: 612px) 100vw, 612px\" \/><\/a><figcaption><a href=\"https:\/\/www.rtp.pt\/play\/p5799\/e584685\/culturaacores\">Cultura A\u00e7ores &#8211; 08 Dez. 2021 | temporada 1<\/a><\/figcaption><\/figure>\n<\/div>\n<\/div>\n<\/div><\/div>","protected":false},"excerpt":{"rendered":"","protected":false},"author":6,"featured_media":0,"parent":0,"menu_order":0,"comment_status":"closed","ping_status":"closed","template":"templates\/template-full-width.php","meta":{"footnotes":""},"class_list":["post-215","page","type-page","status-publish","hentry"],"_links":{"self":[{"href":"https:\/\/ecomuseu-corvo.cultura.azores.gov.pt\/en\/wp-json\/wp\/v2\/pages\/215","targetHints":{"allow":["GET"]}}],"collection":[{"href":"https:\/\/ecomuseu-corvo.cultura.azores.gov.pt\/en\/wp-json\/wp\/v2\/pages"}],"about":[{"href":"https:\/\/ecomuseu-corvo.cultura.azores.gov.pt\/en\/wp-json\/wp\/v2\/types\/page"}],"author":[{"embeddable":true,"href":"https:\/\/ecomuseu-corvo.cultura.azores.gov.pt\/en\/wp-json\/wp\/v2\/users\/6"}],"replies":[{"embeddable":true,"href":"https:\/\/ecomuseu-corvo.cultura.azores.gov.pt\/en\/wp-json\/wp\/v2\/comments?post=215"}],"version-history":[{"count":24,"href":"https:\/\/ecomuseu-corvo.cultura.azores.gov.pt\/en\/wp-json\/wp\/v2\/pages\/215\/revisions"}],"predecessor-version":[{"id":2045,"href":"https:\/\/ecomuseu-corvo.cultura.azores.gov.pt\/en\/wp-json\/wp\/v2\/pages\/215\/revisions\/2045"}],"wp:attachment":[{"href":"https:\/\/ecomuseu-corvo.cultura.azores.gov.pt\/en\/wp-json\/wp\/v2\/media?parent=215"}],"curies":[{"name":"wp","href":"https:\/\/api.w.org\/{rel}","templated":true}]}}