{"id":128,"date":"2021-07-23T11:06:42","date_gmt":"2021-07-23T11:06:42","guid":{"rendered":"https:\/\/ecomuseu-corvo.cultura.azores.gov.pt\/?page_id=128"},"modified":"2022-08-02T11:25:57","modified_gmt":"2022-08-02T11:25:57","slug":"useful-links","status":"publish","type":"page","link":"https:\/\/ecomuseu-corvo.cultura.azores.gov.pt\/en\/useful-links\/","title":{"rendered":"Links \u00fateis"},"content":{"rendered":"<p><strong>Ecomuseus e Ecomuseologia<\/strong><\/p>\n\n\n\n<div class=\"wp-block-columns is-layout-flex wp-container-core-columns-is-layout-9d6595d7 wp-block-columns-is-layout-flex\">\n<div class=\"wp-block-column is-layout-flow wp-block-column-is-layout-flow\" style=\"flex-basis:100%\">\n<div class=\"wp-block-columns is-layout-flex wp-container-core-columns-is-layout-9d6595d7 wp-block-columns-is-layout-flex\">\n<div class=\"wp-block-column is-layout-flow wp-block-column-is-layout-flow\">\n<figure class=\"wp-block-image size-full\"><a href=\"https:\/\/ecoheritage.eu\/\" target=\"_blank\" rel=\"noreferrer noopener\"><img loading=\"lazy\" decoding=\"async\" width=\"300\" height=\"300\" src=\"https:\/\/ecomuseu-corvo.cultura.azores.gov.pt\/wp-content\/uploads\/2022\/08\/EcoHeritage.png\" alt=\"\" class=\"wp-image-1720\" srcset=\"https:\/\/ecomuseu-corvo.cultura.azores.gov.pt\/wp-content\/uploads\/2022\/08\/EcoHeritage.png 300w, https:\/\/ecomuseu-corvo.cultura.azores.gov.pt\/wp-content\/uploads\/2022\/08\/EcoHeritage-150x150.png 150w, https:\/\/ecomuseu-corvo.cultura.azores.gov.pt\/wp-content\/uploads\/2022\/08\/EcoHeritage-12x12.png 12w\" sizes=\"auto, (max-width: 300px) 100vw, 300px\" \/><\/a><figcaption><strong><br>Ecomuseums as a collaborative approach to recognition, management and protection of cultural and natural heritage<\/strong><\/figcaption><\/figure>\n<\/div>\n\n\n\n<div class=\"wp-block-column is-layout-flow wp-block-column-is-layout-flow\">\n<figure class=\"wp-block-image size-large\"><img loading=\"lazy\" decoding=\"async\" width=\"1024\" height=\"395\" src=\"https:\/\/ecomuseu-corvo.cultura.azores.gov.pt\/wp-content\/uploads\/2022\/08\/Imagem1-1024x395.png\" alt=\"\" class=\"wp-image-1726\" srcset=\"https:\/\/ecomuseu-corvo.cultura.azores.gov.pt\/wp-content\/uploads\/2022\/08\/Imagem1-1024x395.png 1024w, https:\/\/ecomuseu-corvo.cultura.azores.gov.pt\/wp-content\/uploads\/2022\/08\/Imagem1-300x116.png 300w, https:\/\/ecomuseu-corvo.cultura.azores.gov.pt\/wp-content\/uploads\/2022\/08\/Imagem1-768x296.png 768w, https:\/\/ecomuseu-corvo.cultura.azores.gov.pt\/wp-content\/uploads\/2022\/08\/Imagem1-18x7.png 18w, https:\/\/ecomuseu-corvo.cultura.azores.gov.pt\/wp-content\/uploads\/2022\/08\/Imagem1.png 1152w\" sizes=\"auto, (max-width: 1024px) 100vw, 1024px\" \/><\/figure>\n\n\n\n<div class=\"wp-block-group has-small-font-size is-vertical is-layout-flex wp-container-core-group-is-layout-8cf370e7 wp-block-group-is-layout-flex\">\n<p>UJA &#8211; Universidade Ja\u00e9n<\/p>\n\n\n\n<p>On Projects Advising SL<\/p>\n\n\n\n<p>Universidad de Alcal\u00e1<\/p>\n\n\n\n<p>MINOM &#8211; International Movement for a New Museology<\/p>\n\n\n\n<p>Lus\u00f3fona University \u2013 ULHT<\/p>\n\n\n\n<p>Universit\u00e0 degli Studi di Milano-Bicocca<\/p>\n\n\n\n<p>Ecomuseo del Paesaggio di Parabiago &#8211; Comune di Parabiago<\/p>\n\n\n\n<p>Fundacja Miejsc i Ludzi Aktywnych \u2013 MILA<\/p>\n<\/div>\n<\/div>\n<\/div>\n<\/div>\n<\/div>\n\n\n\n<div class=\"wp-block-columns is-layout-flex wp-container-core-columns-is-layout-9d6595d7 wp-block-columns-is-layout-flex\">\n<div class=\"wp-block-column is-layout-flow wp-block-column-is-layout-flow\">\n<figure class=\"wp-block-image size-full\"><a href=\"https:\/\/www.exploresaojorge.com\/mapa-interativo\/local\/ecomuseu-casa-do-parque-de-s-jorge\/\" target=\"_blank\" rel=\"noopener\"><img decoding=\"async\" src=\"https:\/\/ecomuseu-corvo.cultura.azores.gov.pt\/wp-content\/uploads\/2022\/03\/ECOMUSEU-CASA-DO-PARQUE-DE-S.-JORGE-7-1.jpeg\" alt=\"\" class=\"wp-image-1178\"\/><\/a><figcaption><a href=\"https:\/\/www.exploresaojorge.com\/mapa-interativo\/local\/ecomuseu-casa-do-parque-de-s-jorge\/\" target=\"_blank\" rel=\"noreferrer noopener\">Ecomuseu Casa do Parque de S\u00e3o Jorge<\/a><\/figcaption><\/figure>\n<\/div>\n\n\n\n<div class=\"wp-block-column is-layout-flow wp-block-column-is-layout-flow\">\n<figure class=\"wp-block-image size-full\"><a href=\"https:\/\/www.ecomuseu.org\/index\/pt-pt\" target=\"_blank\" rel=\"noopener\"><img loading=\"lazy\" decoding=\"async\" width=\"600\" height=\"352\" src=\"https:\/\/ecomuseu-corvo.cultura.azores.gov.pt\/wp-content\/uploads\/2022\/03\/284094-1.jpg\" alt=\"\" class=\"wp-image-1177\" srcset=\"https:\/\/ecomuseu-corvo.cultura.azores.gov.pt\/wp-content\/uploads\/2022\/03\/284094-1.jpg 600w, https:\/\/ecomuseu-corvo.cultura.azores.gov.pt\/wp-content\/uploads\/2022\/03\/284094-1-300x176.jpg 300w, https:\/\/ecomuseu-corvo.cultura.azores.gov.pt\/wp-content\/uploads\/2022\/03\/284094-1-18x12.jpg 18w\" sizes=\"auto, (max-width: 600px) 100vw, 600px\" \/><\/a><figcaption><a href=\"https:\/\/www.ecomuseu.org\/index\/pt-pt\" target=\"_blank\" rel=\"noreferrer noopener\">Ecomuseu de Barroso<\/a><\/figcaption><\/figure>\n<\/div>\n\n\n\n<div class=\"wp-block-column is-layout-flow wp-block-column-is-layout-flow\">\n<figure class=\"wp-block-image size-full\"><a href=\"https:\/\/cm-belmonte.com\/q_node\/88\/\" target=\"_blank\" rel=\"noopener\"><img decoding=\"async\" src=\"https:\/\/ecomuseu-corvo.cultura.azores.gov.pt\/wp-content\/uploads\/2022\/03\/rascunho-automatico-649-1.jpg\" alt=\"\" class=\"wp-image-1179\"\/><\/a><figcaption><a href=\"https:\/\/cm-belmonte.com\/q_node\/88\/\" target=\"_blank\" rel=\"noreferrer noopener\">Ecomuseu do Z\u00eazere<\/a><\/figcaption><\/figure>\n<\/div>\n<\/div>\n\n\n\n<div class=\"wp-block-columns is-layout-flex wp-container-core-columns-is-layout-9d6595d7 wp-block-columns-is-layout-flex\">\n<div class=\"wp-block-column is-layout-flow wp-block-column-is-layout-flow\">\n<figure class=\"wp-block-image size-full\"><img loading=\"lazy\" decoding=\"async\" width=\"480\" height=\"320\" src=\"https:\/\/ecomuseu-corvo.cultura.azores.gov.pt\/wp-content\/uploads\/2022\/08\/mundet_2.jpg\" alt=\"\" class=\"wp-image-1712\" srcset=\"https:\/\/ecomuseu-corvo.cultura.azores.gov.pt\/wp-content\/uploads\/2022\/08\/mundet_2.jpg 480w, https:\/\/ecomuseu-corvo.cultura.azores.gov.pt\/wp-content\/uploads\/2022\/08\/mundet_2-300x200.jpg 300w, https:\/\/ecomuseu-corvo.cultura.azores.gov.pt\/wp-content\/uploads\/2022\/08\/mundet_2-18x12.jpg 18w\" sizes=\"auto, (max-width: 480px) 100vw, 480px\" \/><figcaption><a href=\"https:\/\/www.cm-seixal.pt\/ecomuseu-municipal\/ecomuseu-municipal-do-seixal\" target=\"_blank\" rel=\"noreferrer noopener\">Ecomuseu Municipal do Seixal<\/a><\/figcaption><\/figure>\n<\/div>\n\n\n\n<div class=\"wp-block-column is-layout-flow wp-block-column-is-layout-flow\">\n<figure class=\"wp-block-image size-full is-resized\"><a href=\"https:\/\/aldeiasdoxisto.pt\/poi\/45\" target=\"_blank\" rel=\"noopener\"><img loading=\"lazy\" decoding=\"async\" src=\"https:\/\/ecomuseu-corvo.cultura.azores.gov.pt\/wp-content\/uploads\/2022\/03\/transferir-2.jpg\" alt=\"\" class=\"wp-image-1181\" width=\"179\" height=\"119\" srcset=\"https:\/\/ecomuseu-corvo.cultura.azores.gov.pt\/wp-content\/uploads\/2022\/03\/transferir-2.jpg 275w, https:\/\/ecomuseu-corvo.cultura.azores.gov.pt\/wp-content\/uploads\/2022\/03\/transferir-2-18x12.jpg 18w\" sizes=\"auto, (max-width: 179px) 100vw, 179px\" \/><\/a><figcaption><a href=\"https:\/\/aldeiasdoxisto.pt\/poi\/45\" target=\"_blank\" rel=\"noreferrer noopener\">Ecomuseu das Tradi\u00e7\u00f5es do Xisto<\/a><\/figcaption><\/figure>\n<\/div>\n\n\n\n<div class=\"wp-block-column is-layout-flow wp-block-column-is-layout-flow\">\n<figure class=\"wp-block-image size-full is-resized\"><a href=\"https:\/\/www.cm-pvarzim.pt\/territorio\/visite-povoa-de-varzim\/ponto-de-interesse\/ecomuseu-de-s-pedro-de-rates-itinerarios-da-agua-e-do-pao\/\" target=\"_blank\" rel=\"noopener\"><img loading=\"lazy\" decoding=\"async\" src=\"https:\/\/ecomuseu-corvo.cultura.azores.gov.pt\/wp-content\/uploads\/2022\/03\/ecomuseu-de-s-pedro-de-rates-itinerarios-da-agua-e-do-pao-4-1.jpg\" alt=\"\" class=\"wp-image-1182\" width=\"182\" height=\"117\" srcset=\"https:\/\/ecomuseu-corvo.cultura.azores.gov.pt\/wp-content\/uploads\/2022\/03\/ecomuseu-de-s-pedro-de-rates-itinerarios-da-agua-e-do-pao-4-1.jpg 600w, https:\/\/ecomuseu-corvo.cultura.azores.gov.pt\/wp-content\/uploads\/2022\/03\/ecomuseu-de-s-pedro-de-rates-itinerarios-da-agua-e-do-pao-4-1-300x194.jpg 300w, https:\/\/ecomuseu-corvo.cultura.azores.gov.pt\/wp-content\/uploads\/2022\/03\/ecomuseu-de-s-pedro-de-rates-itinerarios-da-agua-e-do-pao-4-1-18x12.jpg 18w\" sizes=\"auto, (max-width: 182px) 100vw, 182px\" \/><\/a><figcaption><a href=\"https:\/\/www.cm-pvarzim.pt\/territorio\/visite-povoa-de-varzim\/ponto-de-interesse\/ecomuseu-de-s-pedro-de-rates-itinerarios-da-agua-e-do-pao\/\">Ecomuseu de S. Pedro de Rates<\/a><\/figcaption><\/figure>\n<\/div>\n<\/div>\n\n\n\n<p><a href=\"https:\/\/ecomuseus.wordpress.com\/processos-museologicos-participativos-em-portugal\/ecomuseus-em-portugal\/\" target=\"_blank\" rel=\"noreferrer noopener\">Outros Ecomuseus<\/a><\/p>\n\n\n\n<p><strong>A\u00e7ores<\/strong><\/p>\n\n\n\n<div class=\"wp-block-columns is-layout-flex wp-container-core-columns-is-layout-9d6595d7 wp-block-columns-is-layout-flex\">\n<div class=\"wp-block-column is-layout-flow wp-block-column-is-layout-flow\">\n<figure class=\"wp-block-image size-full\"><a href=\"https:\/\/portal.azores.gov.pt\/web\/drcultura\/museus\" target=\"_blank\" rel=\"noopener\"><img loading=\"lazy\" decoding=\"async\" width=\"600\" height=\"346\" src=\"https:\/\/ecomuseu-corvo.cultura.azores.gov.pt\/wp-content\/uploads\/2022\/03\/Imagem1-1-1.png\" alt=\"\" class=\"wp-image-1183\" srcset=\"https:\/\/ecomuseu-corvo.cultura.azores.gov.pt\/wp-content\/uploads\/2022\/03\/Imagem1-1-1.png 600w, https:\/\/ecomuseu-corvo.cultura.azores.gov.pt\/wp-content\/uploads\/2022\/03\/Imagem1-1-1-300x173.png 300w, https:\/\/ecomuseu-corvo.cultura.azores.gov.pt\/wp-content\/uploads\/2022\/03\/Imagem1-1-1-18x10.png 18w\" sizes=\"auto, (max-width: 600px) 100vw, 600px\" \/><\/a><figcaption><a href=\"https:\/\/portal.azores.gov.pt\/web\/drcultura\/museus\" target=\"_blank\" rel=\"noreferrer noopener\">Museus &#8211; Dire\u00e7\u00e3o Regional da Cultura<\/a><\/figcaption><\/figure>\n<\/div>\n\n\n\n<div class=\"wp-block-column is-layout-flow wp-block-column-is-layout-flow\">\n<figure class=\"wp-block-image size-full\"><img loading=\"lazy\" decoding=\"async\" width=\"298\" height=\"220\" src=\"https:\/\/ecomuseu-corvo.cultura.azores.gov.pt\/wp-content\/uploads\/2022\/08\/CulturaAcores1-1-1-1.jpg\" alt=\"\" class=\"wp-image-1714\" srcset=\"https:\/\/ecomuseu-corvo.cultura.azores.gov.pt\/wp-content\/uploads\/2022\/08\/CulturaAcores1-1-1-1.jpg 298w, https:\/\/ecomuseu-corvo.cultura.azores.gov.pt\/wp-content\/uploads\/2022\/08\/CulturaAcores1-1-1-1-16x12.jpg 16w\" sizes=\"auto, (max-width: 298px) 100vw, 298px\" \/><figcaption><a href=\"http:\/\/www.culturacores.azores.gov.pt\/cca\/\">Centro de Conhecimento dos A\u00e7ores<\/a><\/figcaption><\/figure>\n<\/div>\n\n\n\n<div class=\"wp-block-column is-layout-flow wp-block-column-is-layout-flow\">\n<figure class=\"wp-block-image size-full\"><a href=\"https:\/\/ccmuseus.azores.gov.pt\/index.php\" target=\"_blank\" rel=\"noopener\"><img loading=\"lazy\" decoding=\"async\" width=\"572\" height=\"335\" src=\"https:\/\/ecomuseu-corvo.cultura.azores.gov.pt\/wp-content\/uploads\/2022\/03\/Imagem2-1.png\" alt=\"\" class=\"wp-image-1187\" srcset=\"https:\/\/ecomuseu-corvo.cultura.azores.gov.pt\/wp-content\/uploads\/2022\/03\/Imagem2-1.png 572w, https:\/\/ecomuseu-corvo.cultura.azores.gov.pt\/wp-content\/uploads\/2022\/03\/Imagem2-1-300x176.png 300w, https:\/\/ecomuseu-corvo.cultura.azores.gov.pt\/wp-content\/uploads\/2022\/03\/Imagem2-1-18x12.png 18w\" sizes=\"auto, (max-width: 572px) 100vw, 572px\" \/><\/a><figcaption><a href=\"https:\/\/ccmuseus.azores.gov.pt\/index.php\">Cat\u00e1logo Coletivo Museus<\/a><\/figcaption><\/figure>\n<\/div>\n<\/div>\n\n\n\n<div class=\"wp-block-columns is-layout-flex wp-container-core-columns-is-layout-9d6595d7 wp-block-columns-is-layout-flex\">\n<div class=\"wp-block-column is-layout-flow wp-block-column-is-layout-flow\">\n<figure class=\"wp-block-image size-full is-resized\"><a href=\"http:\/\/www.redemuseuscolecoesvisitaveisacores.pt\/\" target=\"_blank\" rel=\"noopener\"><img loading=\"lazy\" decoding=\"async\" src=\"https:\/\/ecomuseu-corvo.cultura.azores.gov.pt\/wp-content\/uploads\/2022\/03\/logo-header-black-2-1.png\" alt=\"\" class=\"wp-image-1189\" width=\"179\" height=\"74\" srcset=\"https:\/\/ecomuseu-corvo.cultura.azores.gov.pt\/wp-content\/uploads\/2022\/03\/logo-header-black-2-1.png 600w, https:\/\/ecomuseu-corvo.cultura.azores.gov.pt\/wp-content\/uploads\/2022\/03\/logo-header-black-2-1-300x125.png 300w, https:\/\/ecomuseu-corvo.cultura.azores.gov.pt\/wp-content\/uploads\/2022\/03\/logo-header-black-2-1-18x8.png 18w\" sizes=\"auto, (max-width: 179px) 100vw, 179px\" \/><\/a><figcaption><a href=\"http:\/\/www.redemuseuscolecoesvisitaveisacores.pt\/\" target=\"_blank\" rel=\"noreferrer noopener\">Rede de Museus e Cole\u00e7\u00f5es Visit\u00e1veis dos A\u00e7ores<\/a><\/figcaption><\/figure>\n<\/div>\n\n\n\n<div class=\"wp-block-column is-layout-flow wp-block-column-is-layout-flow\">\n<figure class=\"wp-block-image size-full\"><img loading=\"lazy\" decoding=\"async\" width=\"350\" height=\"126\" src=\"https:\/\/ecomuseu-corvo.cultura.azores.gov.pt\/wp-content\/uploads\/2022\/08\/13.gif\" alt=\"\" class=\"wp-image-1716\"\/><figcaption><a href=\"https:\/\/www.iac-azores.org\/iac2018\/projetos\/IPIA\/index.html\" target=\"_blank\" rel=\"noreferrer noopener\">Invent\u00e1rio do Patrim\u00f3nio Im\u00f3vel dos A\u00e7ores<\/a><\/figcaption><\/figure>\n<\/div>\n\n\n\n<div class=\"wp-block-column is-layout-flow wp-block-column-is-layout-flow\">\n<figure class=\"wp-block-image size-full\"><img loading=\"lazy\" decoding=\"async\" width=\"255\" height=\"150\" src=\"https:\/\/ecomuseu-corvo.cultura.azores.gov.pt\/wp-content\/uploads\/2022\/08\/transferir-1.png\" alt=\"\" class=\"wp-image-1718\" srcset=\"https:\/\/ecomuseu-corvo.cultura.azores.gov.pt\/wp-content\/uploads\/2022\/08\/transferir-1.png 255w, https:\/\/ecomuseu-corvo.cultura.azores.gov.pt\/wp-content\/uploads\/2022\/08\/transferir-1-18x12.png 18w\" sizes=\"auto, (max-width: 255px) 100vw, 255px\" \/><figcaption><a href=\"http:\/\/www.culturacores.azores.gov.pt\/ea\/Default.aspx\" target=\"_blank\" rel=\"noreferrer noopener\">Enciclop\u00e9dia A\u00e7oriana<\/a><\/figcaption><\/figure>\n<\/div>\n<\/div>\n\n\n\n<p><strong>Reservas da Biosfera<\/strong><\/p>\n\n\n\n<div class=\"wp-block-columns is-layout-flex wp-container-core-columns-is-layout-9d6595d7 wp-block-columns-is-layout-flex\">\n<div class=\"wp-block-column is-layout-flow wp-block-column-is-layout-flow\">\n<figure class=\"wp-block-image size-full is-resized\"><a href=\"http:\/\/siaram.azores.gov.pt\/reservas-biosfera\/_intro.html\" target=\"_blank\" rel=\"noopener\"><img loading=\"lazy\" decoding=\"async\" src=\"https:\/\/ecomuseu-corvo.cultura.azores.gov.pt\/wp-content\/uploads\/2022\/03\/bio_acores-1.jpg\" alt=\"\" class=\"wp-image-1192\" width=\"179\" height=\"119\" srcset=\"https:\/\/ecomuseu-corvo.cultura.azores.gov.pt\/wp-content\/uploads\/2022\/03\/bio_acores-1.jpg 600w, https:\/\/ecomuseu-corvo.cultura.azores.gov.pt\/wp-content\/uploads\/2022\/03\/bio_acores-1-300x201.jpg 300w, https:\/\/ecomuseu-corvo.cultura.azores.gov.pt\/wp-content\/uploads\/2022\/03\/bio_acores-1-18x12.jpg 18w\" sizes=\"auto, (max-width: 179px) 100vw, 179px\" \/><\/a><figcaption><a href=\"http:\/\/siaram.azores.gov.pt\/reservas-biosfera\/_intro.html\" target=\"_blank\" rel=\"noreferrer noopener\">Reservas da Biosfera dos A\u00e7ores<\/a><\/figcaption><\/figure>\n<\/div>\n\n\n\n<div class=\"wp-block-column is-layout-flow wp-block-column-is-layout-flow\">\n<figure class=\"wp-block-image size-full\"><a href=\"https:\/\/unescoportugal.mne.gov.pt\/pt\/redes-unesco\/reservas-da-biosfera-da-unesco\" target=\"_blank\" rel=\"noopener\"><img loading=\"lazy\" decoding=\"async\" width=\"600\" height=\"340\" src=\"https:\/\/ecomuseu-corvo.cultura.azores.gov.pt\/wp-content\/uploads\/2022\/03\/reservas_de_biosfera_logotipo-1.jpg\" alt=\"\" class=\"wp-image-1193\" srcset=\"https:\/\/ecomuseu-corvo.cultura.azores.gov.pt\/wp-content\/uploads\/2022\/03\/reservas_de_biosfera_logotipo-1.jpg 600w, https:\/\/ecomuseu-corvo.cultura.azores.gov.pt\/wp-content\/uploads\/2022\/03\/reservas_de_biosfera_logotipo-1-300x170.jpg 300w, https:\/\/ecomuseu-corvo.cultura.azores.gov.pt\/wp-content\/uploads\/2022\/03\/reservas_de_biosfera_logotipo-1-18x10.jpg 18w\" sizes=\"auto, (max-width: 600px) 100vw, 600px\" \/><\/a><figcaption><a href=\"https:\/\/unescoportugal.mne.gov.pt\/pt\/redes-unesco\/reservas-da-biosfera-da-unesco\">Reservas da Biosfera da UNESCO<\/a><\/figcaption><\/figure>\n<\/div>\n\n\n\n<div class=\"wp-block-column is-layout-flow wp-block-column-is-layout-flow\">\n<figure class=\"wp-block-image size-full\"><a href=\"https:\/\/www.reservasdabiosfera.pt\/\" target=\"_blank\" rel=\"noopener\"><img loading=\"lazy\" decoding=\"async\" width=\"369\" height=\"136\" src=\"https:\/\/ecomuseu-corvo.cultura.azores.gov.pt\/wp-content\/uploads\/2022\/03\/transferir-1.png\" alt=\"\" class=\"wp-image-1194\" srcset=\"https:\/\/ecomuseu-corvo.cultura.azores.gov.pt\/wp-content\/uploads\/2022\/03\/transferir-1.png 369w, https:\/\/ecomuseu-corvo.cultura.azores.gov.pt\/wp-content\/uploads\/2022\/03\/transferir-1-300x111.png 300w, https:\/\/ecomuseu-corvo.cultura.azores.gov.pt\/wp-content\/uploads\/2022\/03\/transferir-1-18x7.png 18w\" sizes=\"auto, (max-width: 369px) 100vw, 369px\" \/><\/a><figcaption><a href=\"https:\/\/www.reservasdabiosfera.pt\/\">Reservas da Biosfera<br>Territ\u00f3rios sustent\u00e1veis, comunidades resilientes<\/a><\/figcaption><\/figure>\n<\/div>\n<\/div>\n\n\n\n<p><strong>Parceiros<\/strong><\/p>\n\n\n\n<div class=\"wp-block-columns is-layout-flex wp-container-core-columns-is-layout-9d6595d7 wp-block-columns-is-layout-flex\">\n<div class=\"wp-block-column is-layout-flow wp-block-column-is-layout-flow\">\n<figure class=\"wp-block-image size-full\"><a href=\"https:\/\/www.europeana.eu\/pt\" target=\"_blank\" rel=\"noopener\"><img loading=\"lazy\" decoding=\"async\" width=\"395\" height=\"128\" src=\"https:\/\/ecomuseu-corvo.cultura.azores.gov.pt\/wp-content\/uploads\/2022\/03\/transferir-3.png\" alt=\"\" class=\"wp-image-1195\" srcset=\"https:\/\/ecomuseu-corvo.cultura.azores.gov.pt\/wp-content\/uploads\/2022\/03\/transferir-3.png 395w, https:\/\/ecomuseu-corvo.cultura.azores.gov.pt\/wp-content\/uploads\/2022\/03\/transferir-3-300x97.png 300w, https:\/\/ecomuseu-corvo.cultura.azores.gov.pt\/wp-content\/uploads\/2022\/03\/transferir-3-18x6.png 18w\" sizes=\"auto, (max-width: 395px) 100vw, 395px\" \/><\/a><figcaption><a href=\"https:\/\/www.europeana.eu\/pt\">Europeana Collections<\/a><\/figcaption><\/figure>\n<\/div>\n\n\n\n<div class=\"wp-block-column is-layout-flow wp-block-column-is-layout-flow\">\n<figure class=\"wp-block-image size-full\"><a href=\"http:\/\/www.patrimoniocultural.gov.pt\/pt\/\" target=\"_blank\" rel=\"noopener\"><img loading=\"lazy\" decoding=\"async\" width=\"383\" height=\"132\" src=\"https:\/\/ecomuseu-corvo.cultura.azores.gov.pt\/wp-content\/uploads\/2022\/03\/transferir-2.png\" alt=\"\" class=\"wp-image-1197\" srcset=\"https:\/\/ecomuseu-corvo.cultura.azores.gov.pt\/wp-content\/uploads\/2022\/03\/transferir-2.png 383w, https:\/\/ecomuseu-corvo.cultura.azores.gov.pt\/wp-content\/uploads\/2022\/03\/transferir-2-300x103.png 300w, https:\/\/ecomuseu-corvo.cultura.azores.gov.pt\/wp-content\/uploads\/2022\/03\/transferir-2-18x6.png 18w\" sizes=\"auto, (max-width: 383px) 100vw, 383px\" \/><\/a><\/figure>\n<\/div>\n<\/div>\n\n\n\n<div class=\"wp-block-columns is-layout-flex wp-container-core-columns-is-layout-9d6595d7 wp-block-columns-is-layout-flex\">\n<div class=\"wp-block-column is-layout-flow wp-block-column-is-layout-flow\">\n<figure class=\"wp-block-image size-full is-resized\"><a href=\"http:\/\/www.icpd.pt\/\" target=\"_blank\" rel=\"noopener\"><img loading=\"lazy\" decoding=\"async\" src=\"https:\/\/ecomuseu-corvo.cultura.azores.gov.pt\/wp-content\/uploads\/2022\/03\/transferir.jpg\" alt=\"\" class=\"wp-image-1198\" width=\"179\" height=\"179\"\/><\/a><figcaption><a href=\"http:\/\/www.icpd.pt\/\">Instituto Cultural de Ponta Delgada<\/a><\/figcaption><\/figure>\n<\/div>\n\n\n\n<div class=\"wp-block-column is-layout-flow wp-block-column-is-layout-flow\">\n<figure class=\"wp-block-image size-full is-resized\"><a href=\"https:\/\/ihit.pt\/pt\" target=\"_blank\" rel=\"noopener\"><img loading=\"lazy\" decoding=\"async\" src=\"https:\/\/ecomuseu-corvo.cultura.azores.gov.pt\/wp-content\/uploads\/2022\/03\/images.png\" alt=\"\" class=\"wp-image-1199\" width=\"140\" height=\"143\" srcset=\"https:\/\/ecomuseu-corvo.cultura.azores.gov.pt\/wp-content\/uploads\/2022\/03\/images.png 140w, https:\/\/ecomuseu-corvo.cultura.azores.gov.pt\/wp-content\/uploads\/2022\/03\/images-12x12.png 12w\" sizes=\"auto, (max-width: 140px) 100vw, 140px\" \/><\/a><figcaption><a href=\"https:\/\/ihit.pt\/pt\">Instituto Hist\u00f3rico da Ilha Terceira<\/a><\/figcaption><\/figure>\n<\/div>\n\n\n\n<div class=\"wp-block-column is-layout-flow wp-block-column-is-layout-flow\">\n<figure class=\"wp-block-image size-full\"><a href=\"https:\/\/nch.pt\/\" target=\"_blank\" rel=\"noopener\"><img decoding=\"async\" src=\"https:\/\/ecomuseu-corvo.cultura.azores.gov.pt\/wp-content\/uploads\/2022\/03\/transferir.png\" alt=\"\" class=\"wp-image-1200\"\/><\/a><figcaption><a href=\"https:\/\/nch.pt\/\">N\u00facleo Cultural da Horta<\/a><\/figcaption><\/figure>\n<\/div>\n<\/div>","protected":false},"excerpt":{"rendered":"<p>Ecomuseus e Ecomuseologia UJA &#8211; Universidade Ja\u00e9n On Projects Advising SL Universidad de Alcal\u00e1 MINOM &#8211; International Movement for a New Museology Lus\u00f3fona University \u2013 ULHT Universit\u00e0 degli Studi di [&hellip;]<\/p>\n","protected":false},"author":6,"featured_media":0,"parent":0,"menu_order":0,"comment_status":"closed","ping_status":"closed","template":"templates\/template-full-width.php","meta":{"footnotes":""},"class_list":["post-128","page","type-page","status-publish","hentry"],"_links":{"self":[{"href":"https:\/\/ecomuseu-corvo.cultura.azores.gov.pt\/en\/wp-json\/wp\/v2\/pages\/128","targetHints":{"allow":["GET"]}}],"collection":[{"href":"https:\/\/ecomuseu-corvo.cultura.azores.gov.pt\/en\/wp-json\/wp\/v2\/pages"}],"about":[{"href":"https:\/\/ecomuseu-corvo.cultura.azores.gov.pt\/en\/wp-json\/wp\/v2\/types\/page"}],"author":[{"embeddable":true,"href":"https:\/\/ecomuseu-corvo.cultura.azores.gov.pt\/en\/wp-json\/wp\/v2\/users\/6"}],"replies":[{"embeddable":true,"href":"https:\/\/ecomuseu-corvo.cultura.azores.gov.pt\/en\/wp-json\/wp\/v2\/comments?post=128"}],"version-history":[{"count":11,"href":"https:\/\/ecomuseu-corvo.cultura.azores.gov.pt\/en\/wp-json\/wp\/v2\/pages\/128\/revisions"}],"predecessor-version":[{"id":1727,"href":"https:\/\/ecomuseu-corvo.cultura.azores.gov.pt\/en\/wp-json\/wp\/v2\/pages\/128\/revisions\/1727"}],"wp:attachment":[{"href":"https:\/\/ecomuseu-corvo.cultura.azores.gov.pt\/en\/wp-json\/wp\/v2\/media?parent=128"}],"curies":[{"name":"wp","href":"https:\/\/api.w.org\/{rel}","templated":true}]}}