{"id":1202,"date":"2022-03-21T15:50:55","date_gmt":"2022-03-21T16:50:55","guid":{"rendered":"https:\/\/ecomuseu-corvo.cultura.azores.gov.pt\/?page_id=1202"},"modified":"2023-12-19T18:15:33","modified_gmt":"2023-12-19T19:15:33","slug":"boina-de-la-do-corvo","status":"publish","type":"page","link":"https:\/\/ecomuseu-corvo.cultura.azores.gov.pt\/en\/boina-de-la-do-corvo\/","title":{"rendered":"Barreta de L\u00e3 do Corvo"},"content":{"rendered":"<p class=\"has-text-align-left\">A barreta do Corvo \u00e9 o resultado de uma necessidade que se aliou \u00e0 capacidade de cria\u00e7\u00e3o de um povo que, desde cedo, se viu entregue a si pr\u00f3prio.<br>Sendo a l\u00e3 a \u00fanica mat\u00e9ria-prima na ilha que permitia a confe\u00e7\u00e3o do vestu\u00e1rio, tamb\u00e9m a barreta era feita naquele material, agasalho perfeito para combater o frio nos Invernos rigorosos.<\/p>\n\n\n\n<div class=\"wp-block-media-text alignwide is-stacked-on-mobile\"><figure class=\"wp-block-media-text__media\"><a href=\"http:\/\/artesanato.azores.gov.pt\/artesanato\/boina-do-corvo\/\" target=\"_blank\" rel=\"noopener\"><img loading=\"lazy\" decoding=\"async\" width=\"600\" height=\"445\" src=\"https:\/\/ecomuseu-corvo.cultura.azores.gov.pt\/wp-content\/uploads\/2022\/03\/Boina-do-Corvo-02-1024x759-1.jpg\" alt=\"\" class=\"wp-image-1203 size-full\" srcset=\"https:\/\/ecomuseu-corvo.cultura.azores.gov.pt\/wp-content\/uploads\/2022\/03\/Boina-do-Corvo-02-1024x759-1.jpg 600w, https:\/\/ecomuseu-corvo.cultura.azores.gov.pt\/wp-content\/uploads\/2022\/03\/Boina-do-Corvo-02-1024x759-1-300x223.jpg 300w, https:\/\/ecomuseu-corvo.cultura.azores.gov.pt\/wp-content\/uploads\/2022\/03\/Boina-do-Corvo-02-1024x759-1-16x12.jpg 16w\" sizes=\"auto, (max-width: 600px) 100vw, 600px\" \/><\/a><\/figure><div class=\"wp-block-media-text__content\">\n<div class=\"wp-block-columns are-vertically-aligned-bottom is-layout-flex wp-container-core-columns-is-layout-9d6595d7 wp-block-columns-is-layout-flex\">\n<div class=\"wp-block-column is-vertically-aligned-bottom is-layout-flow wp-block-column-is-layout-flow\" style=\"flex-basis:100%\">\n<p class=\"has-large-font-size\">A sua cor azul anil, \u00e0 semelhan\u00e7a de outras pe\u00e7as de vestu\u00e1rio, deve-se \u00e0 utiliza\u00e7\u00e3o do anil enquanto corante t\u00eaxtil. Apresenta ainda, a toda a volta, um padr\u00e3o em l\u00e3 branca, localmente designado por grega e um pompom no topo.<\/p>\n<\/div>\n<\/div>\n<\/div><\/div>\n\n\n\n<p class=\"has-text-align-center\">A aplica\u00e7\u00e3o do pompom permanece um mist\u00e9rio, pois este n\u00e3o tem uma utilidade aparente, a n\u00e3o ser de oferecer maior prote\u00e7\u00e3o \u00e0 cabe\u00e7a no interior das baleeiras cujo p\u00e9-direito era reduzido em diversos compartimentos.<\/p>\n\n\n\n<p><strong>Feita em tricot com um conjunto de 5 agulhas, e uma barra estreita (grega),<\/strong> <strong>trabalhada com o tradicional branco natural.<\/strong><\/p>\n\n\n\n<div class=\"wp-block-media-text alignwide has-media-on-the-right is-stacked-on-mobile\"><div class=\"wp-block-media-text__content\">\n<p class=\"has-large-font-size\">O modelo e a t\u00e9cnica de confe\u00e7\u00e3o ter\u00e3o sido transmitidos aos corvinos a bordo das baleeiras americanas que desde o s\u00e9culo XIX cruzavam os mares dos A\u00e7ores e aportavam \u00e0 ilha para fazer a aguada e recrutar homens para as tripula\u00e7\u00f5es. Durante as longas viagens no mar alto, estes homens ter\u00e3o aprendido a tricotar e, uma vez regressados, ter\u00e3o transmitido a t\u00e9cnica \u00e0s suas esposas que passaram a ser as respons\u00e1veis pela produ\u00e7\u00e3o das barretas.<\/p>\n<\/div><figure class=\"wp-block-media-text__media\"><a href=\"http:\/\/artesanato.azores.gov.pt\/artesanato\/boina-do-corvo\/\" target=\"_blank\" rel=\"noopener\"><img loading=\"lazy\" decoding=\"async\" width=\"600\" height=\"450\" src=\"https:\/\/ecomuseu-corvo.cultura.azores.gov.pt\/wp-content\/uploads\/2022\/03\/Boina-do-Corvo-01-1024x768-1.jpg\" alt=\"\" class=\"wp-image-1204 size-full\" srcset=\"https:\/\/ecomuseu-corvo.cultura.azores.gov.pt\/wp-content\/uploads\/2022\/03\/Boina-do-Corvo-01-1024x768-1.jpg 600w, https:\/\/ecomuseu-corvo.cultura.azores.gov.pt\/wp-content\/uploads\/2022\/03\/Boina-do-Corvo-01-1024x768-1-300x225.jpg 300w, https:\/\/ecomuseu-corvo.cultura.azores.gov.pt\/wp-content\/uploads\/2022\/03\/Boina-do-Corvo-01-1024x768-1-16x12.jpg 16w\" sizes=\"auto, (max-width: 600px) 100vw, 600px\" \/><\/a><\/figure><\/div>\n\n\n\n<p>Refer\u00eancia de pesquisa: <a href=\"http:\/\/artesanato.azores.gov.pt\/artesanato\/boina-do-corvo\/\">Centro de Artesanato e <\/a><a rel=\"noreferrer noopener\" href=\"http:\/\/artesanato.azores.gov.pt\/artesanato\/boina-do-corvo\/\" target=\"_blank\">Design <\/a><a href=\"http:\/\/artesanato.azores.gov.pt\/artesanato\/boina-do-corvo\/\">dos A\u00e7ores<\/a><\/p>\n\n\n\n<p>As barretas do Corvo est\u00e3o reconhecidas como marca coletiva de certifica\u00e7\u00e3o \u201cArtesanato dos A\u00e7ores\u201d, pois trata-se de um bem patrimonial  tradicionalmente <strong>manufaturado<\/strong> na ilha do Corvo.<\/p>\n\n\n\n<p>Esta certifica\u00e7\u00e3o de origem e qualidade, visa contribuir  para a sua valoriza\u00e7\u00e3o cultural e para a sua distin\u00e7\u00e3o no mercado.<\/p>\n\n\n\n<p>\u00c9 ao  <a rel=\"noreferrer noopener\" href=\"http:\/\/artesanato.azores.gov.pt\/\" data-type=\"URL\" data-id=\"http:\/\/artesanato.azores.gov.pt\/\" target=\"_blank\">Centro de Artesanato e Design dos A\u00e7ores<\/a> (CADA) que compete garantir a certifica\u00e7\u00e3o de origem e qualidade dos produtos artesanais. <\/p>\n\n\n\n<p><a rel=\"noreferrer noopener\" href=\"http:\/\/artesanato.azores.gov.pt\/wp-content\/uploads\/2021\/10\/boina-do-corvo-certificacao.pdf\" data-type=\"URL\" data-id=\"http:\/\/artesanato.azores.gov.pt\/wp-content\/uploads\/2021\/10\/boina-do-corvo-certificacao.pdf\" target=\"_blank\">Certifica\u00e7\u00e3o e Prote\u00e7\u00e3o dos Produtos Artesanais<\/a><\/p>\n\n\n\n<p><a rel=\"noreferrer noopener\" href=\"https:\/\/jo.azores.gov.pt\/api\/public\/jornal\/pdfOriginal?numeroJornal=175&amp;ano=2021&amp;serieId=ec6ff6d5-7709-4517-8d3c-b9b92c443c8a&amp;suplemento=0\" target=\"_blank\">Condi\u00e7\u00f5es para a certifica\u00e7\u00e3o<\/a><\/p>\n\n\n\n<p><\/p>\n\n\n\n<figure class=\"wp-block-image size-full is-resized\"><a href=\"http:\/\/artesanato.azores.gov.pt\/artesao\/certificacao-de-produtos\/\"><img loading=\"lazy\" decoding=\"async\" width=\"960\" height=\"243\" src=\"https:\/\/ecomuseu-corvo.cultura.azores.gov.pt\/wp-content\/uploads\/2023\/06\/logo-cada-2021-01.png\" alt=\"\" class=\"wp-image-2571\" style=\"width:196px;height:49px\" srcset=\"https:\/\/ecomuseu-corvo.cultura.azores.gov.pt\/wp-content\/uploads\/2023\/06\/logo-cada-2021-01.png 960w, https:\/\/ecomuseu-corvo.cultura.azores.gov.pt\/wp-content\/uploads\/2023\/06\/logo-cada-2021-01-300x76.png 300w, https:\/\/ecomuseu-corvo.cultura.azores.gov.pt\/wp-content\/uploads\/2023\/06\/logo-cada-2021-01-768x194.png 768w, https:\/\/ecomuseu-corvo.cultura.azores.gov.pt\/wp-content\/uploads\/2023\/06\/logo-cada-2021-01-18x5.png 18w\" sizes=\"auto, (max-width: 960px) 100vw, 960px\" \/><\/a><\/figure>","protected":false},"excerpt":{"rendered":"<p>A barreta do Corvo \u00e9 o resultado de uma necessidade que se aliou \u00e0 capacidade de cria\u00e7\u00e3o de um povo que, desde cedo, se viu entregue a si pr\u00f3prio.Sendo a [&hellip;]<\/p>\n","protected":false},"author":3,"featured_media":0,"parent":0,"menu_order":0,"comment_status":"closed","ping_status":"closed","template":"","meta":{"footnotes":""},"class_list":["post-1202","page","type-page","status-publish","hentry"],"_links":{"self":[{"href":"https:\/\/ecomuseu-corvo.cultura.azores.gov.pt\/en\/wp-json\/wp\/v2\/pages\/1202","targetHints":{"allow":["GET"]}}],"collection":[{"href":"https:\/\/ecomuseu-corvo.cultura.azores.gov.pt\/en\/wp-json\/wp\/v2\/pages"}],"about":[{"href":"https:\/\/ecomuseu-corvo.cultura.azores.gov.pt\/en\/wp-json\/wp\/v2\/types\/page"}],"author":[{"embeddable":true,"href":"https:\/\/ecomuseu-corvo.cultura.azores.gov.pt\/en\/wp-json\/wp\/v2\/users\/3"}],"replies":[{"embeddable":true,"href":"https:\/\/ecomuseu-corvo.cultura.azores.gov.pt\/en\/wp-json\/wp\/v2\/comments?post=1202"}],"version-history":[{"count":20,"href":"https:\/\/ecomuseu-corvo.cultura.azores.gov.pt\/en\/wp-json\/wp\/v2\/pages\/1202\/revisions"}],"predecessor-version":[{"id":3284,"href":"https:\/\/ecomuseu-corvo.cultura.azores.gov.pt\/en\/wp-json\/wp\/v2\/pages\/1202\/revisions\/3284"}],"wp:attachment":[{"href":"https:\/\/ecomuseu-corvo.cultura.azores.gov.pt\/en\/wp-json\/wp\/v2\/media?parent=1202"}],"curies":[{"name":"wp","href":"https:\/\/api.w.org\/{rel}","templated":true}]}}