{"id":109,"date":"2021-07-23T10:59:34","date_gmt":"2021-07-23T10:59:34","guid":{"rendered":"https:\/\/ecomuseu-corvo.cultura.azores.gov.pt\/?page_id=109"},"modified":"2025-08-06T16:00:20","modified_gmt":"2025-08-06T16:00:20","slug":"physical-structures","status":"publish","type":"page","link":"https:\/\/ecomuseu-corvo.cultura.azores.gov.pt\/en\/physical-structures\/","title":{"rendered":"Estruturas F\u00edsicas"},"content":{"rendered":"<figure class=\"wp-block-gallery has-nested-images columns-default is-cropped wp-block-gallery-1 is-layout-flex wp-block-gallery-is-layout-flex\">\n<figure class=\"wp-block-image size-large\"><a href=\"https:\/\/ecomuseu-corvo.cultura.azores.gov.pt\/en\/casa-da-vegia\/\"><img loading=\"lazy\" decoding=\"async\" width=\"1024\" height=\"650\" data-id=\"3839\" src=\"https:\/\/ecomuseu-corvo.cultura.azores.gov.pt\/wp-content\/uploads\/2024\/06\/1000020192-1024x650.jpg\" alt=\"\" class=\"wp-image-3839\"\/><\/a><figcaption class=\"wp-element-caption\"><a href=\"https:\/\/ecomuseu-corvo.cultura.azores.gov.pt\/en\/casa-da-vegia\/\" data-type=\"page\" data-id=\"3837\">Casa da Vegia<\/a><\/figcaption><\/figure>\n\n\n\n<figure class=\"wp-block-image size-large\"><a href=\"https:\/\/ecomuseu-corvo.cultura.azores.gov.pt\/en\/casa-do-tempo\/\" target=\"_blank\" rel=\"noopener\"><img loading=\"lazy\" decoding=\"async\" width=\"600\" height=\"450\" data-id=\"692\" src=\"https:\/\/ecomuseu-corvo.cultura.azores.gov.pt\/wp-content\/uploads\/2022\/03\/Casa-do-Tempo.jpg\" alt=\"\" class=\"wp-image-692\" srcset=\"https:\/\/ecomuseu-corvo.cultura.azores.gov.pt\/wp-content\/uploads\/2022\/03\/Casa-do-Tempo.jpg 600w, https:\/\/ecomuseu-corvo.cultura.azores.gov.pt\/wp-content\/uploads\/2022\/03\/Casa-do-Tempo-300x225.jpg 300w, https:\/\/ecomuseu-corvo.cultura.azores.gov.pt\/wp-content\/uploads\/2022\/03\/Casa-do-Tempo-16x12.jpg 16w\" sizes=\"auto, (max-width: 600px) 100vw, 600px\" \/><\/a><figcaption class=\"wp-element-caption\"><a href=\"https:\/\/ecomuseu-corvo.cultura.azores.gov.pt\/en\/casa-do-tempo\/\" data-type=\"page\" data-id=\"714\">Casa do Tempo<\/a><\/figcaption><\/figure>\n\n\n\n<figure class=\"wp-block-image size-large\"><a href=\"https:\/\/ecomuseu-corvo.cultura.azores.gov.pt\/en\/gabinete-de-apoio-tecnico\/\" target=\"_blank\" rel=\"noopener\"><img loading=\"lazy\" decoding=\"async\" width=\"600\" height=\"450\" data-id=\"702\" src=\"https:\/\/ecomuseu-corvo.cultura.azores.gov.pt\/wp-content\/uploads\/2022\/03\/Imagem1-1.png\" alt=\"\" class=\"wp-image-702\" srcset=\"https:\/\/ecomuseu-corvo.cultura.azores.gov.pt\/wp-content\/uploads\/2022\/03\/Imagem1-1.png 600w, https:\/\/ecomuseu-corvo.cultura.azores.gov.pt\/wp-content\/uploads\/2022\/03\/Imagem1-1-300x225.png 300w, https:\/\/ecomuseu-corvo.cultura.azores.gov.pt\/wp-content\/uploads\/2022\/03\/Imagem1-1-16x12.png 16w\" sizes=\"auto, (max-width: 600px) 100vw, 600px\" \/><\/a><figcaption class=\"wp-element-caption\"><a href=\"https:\/\/ecomuseu-corvo.cultura.azores.gov.pt\/en\/gabinete-de-apoio-tecnico\/\" data-type=\"page\" data-id=\"699\">Casa da Mem\u00f3ria<\/a><\/figcaption><\/figure>\n\n\n\n<figure class=\"wp-block-image size-large\"><a href=\"https:\/\/ecomuseu-corvo.cultura.azores.gov.pt\/en\/atafona-do-lourenco\/\" target=\"_blank\" rel=\"noopener\"><img loading=\"lazy\" decoding=\"async\" width=\"600\" height=\"450\" data-id=\"694\" src=\"https:\/\/ecomuseu-corvo.cultura.azores.gov.pt\/wp-content\/uploads\/2022\/03\/Atafona.jpg\" alt=\"\" class=\"wp-image-694\" srcset=\"https:\/\/ecomuseu-corvo.cultura.azores.gov.pt\/wp-content\/uploads\/2022\/03\/Atafona.jpg 600w, https:\/\/ecomuseu-corvo.cultura.azores.gov.pt\/wp-content\/uploads\/2022\/03\/Atafona-300x225.jpg 300w, https:\/\/ecomuseu-corvo.cultura.azores.gov.pt\/wp-content\/uploads\/2022\/03\/Atafona-16x12.jpg 16w\" sizes=\"auto, (max-width: 600px) 100vw, 600px\" \/><\/a><figcaption class=\"wp-element-caption\"><a href=\"https:\/\/ecomuseu-corvo.cultura.azores.gov.pt\/en\/atafona-do-lourenco\/\" target=\"_blank\" rel=\"noreferrer noopener\">Atafona do Louren\u00e7o<\/a> <\/figcaption><\/figure>\n\n\n\n<figure class=\"wp-block-image size-large\"><a href=\"https:\/\/ecomuseu-corvo.cultura.azores.gov.pt\/en\/espaco-cultural-multiusos\/\" target=\"_blank\" rel=\"noopener\"><img loading=\"lazy\" decoding=\"async\" width=\"600\" height=\"450\" data-id=\"693\" src=\"https:\/\/ecomuseu-corvo.cultura.azores.gov.pt\/wp-content\/uploads\/2022\/03\/multiusos-do-Corvo_exterior-1024x768-1.jpg\" alt=\"\" class=\"wp-image-693\" srcset=\"https:\/\/ecomuseu-corvo.cultura.azores.gov.pt\/wp-content\/uploads\/2022\/03\/multiusos-do-Corvo_exterior-1024x768-1.jpg 600w, https:\/\/ecomuseu-corvo.cultura.azores.gov.pt\/wp-content\/uploads\/2022\/03\/multiusos-do-Corvo_exterior-1024x768-1-300x225.jpg 300w, https:\/\/ecomuseu-corvo.cultura.azores.gov.pt\/wp-content\/uploads\/2022\/03\/multiusos-do-Corvo_exterior-1024x768-1-16x12.jpg 16w\" sizes=\"auto, (max-width: 600px) 100vw, 600px\" \/><\/a><figcaption class=\"wp-element-caption\"><a href=\"https:\/\/ecomuseu-corvo.cultura.azores.gov.pt\/en\/espaco-cultural-multiusos\/\" data-type=\"page\" data-id=\"838\">Pavilh\u00e3o  Multiusos<\/a><\/figcaption><\/figure>\n\n\n\n<figure class=\"wp-block-image size-full\"><a class=\"https:\/\/www.360cities.net\/image\/acores-corvo-island-town-of-corvo-4-by-peter-pook\" href=\"https:\/\/www.360cities.net\/image\/acores-corvo-island-town-of-corvo-4-by-peter-pook\" rel=\"Vila do Corvo\"><img loading=\"lazy\" decoding=\"async\" width=\"1000\" height=\"750\" data-id=\"1290\" src=\"https:\/\/ecomuseu-corvo.cultura.azores.gov.pt\/wp-content\/uploads\/2022\/03\/20150511_193901.jpg\" alt=\"\" class=\"wp-image-1290\" srcset=\"https:\/\/ecomuseu-corvo.cultura.azores.gov.pt\/wp-content\/uploads\/2022\/03\/20150511_193901.jpg 1000w, https:\/\/ecomuseu-corvo.cultura.azores.gov.pt\/wp-content\/uploads\/2022\/03\/20150511_193901-300x225.jpg 300w, https:\/\/ecomuseu-corvo.cultura.azores.gov.pt\/wp-content\/uploads\/2022\/03\/20150511_193901-768x576.jpg 768w, https:\/\/ecomuseu-corvo.cultura.azores.gov.pt\/wp-content\/uploads\/2022\/03\/20150511_193901-16x12.jpg 16w\" sizes=\"auto, (max-width: 1000px) 100vw, 1000px\" \/><\/a><figcaption class=\"wp-element-caption\"><a href=\"https:\/\/www.360cities.net\/image\/acores-corvo-island-town-of-corvo-4-by-peter-pook\" data-type=\"link\" data-id=\"https:\/\/www.360cities.net\/image\/acores-corvo-island-town-of-corvo-4-by-peter-pook\" target=\"_blank\" rel=\"noreferrer noopener\">Vila do Corvo<\/a><\/figcaption><\/figure>\n<\/figure>\n\n\n\n<p class=\"has-drop-cap\">O Ecomuseu do Corvo \u00e9 um sistema de redes multirrelacionais que articula polos, recursos e complexos de valor patrimonial, geridos nos respetivos contextos ecol\u00f3gicos e numa perspetiva de desenvolvimento social e local.<\/p>\n\n\n\n<p>A rede f\u00edsica do Ecomuseu do Corvo abrange atualmente cinco polos que sustentam o planeamento das a\u00e7\u00f5es: a Casa da Vegia, onde se inicia o circuito interpretativo da vila do Corvo; a Casa da Mem\u00f3ria, uma infraestrutura adjacente ao Centro de Interpreta\u00e7\u00e3o de Aves Selvagens do Corvo; a Casa do Tempo, um edif\u00edcio reabilitado dentro do n\u00facleo antigo da vila, situado na Rua das Pedras, que mant\u00e9m a tra\u00e7a original e onde se conta a Hist\u00f3ria da Ilha do Corvo; a Atafona do Louren\u00e7o, \u00fanico exemplar sobrevivente das 5 atafonas que existiram, que se constitui como um testemunho da atividade cereal\u00edfera na ilha do Corvo e o Pavilh\u00e3o Multiusos, localizado num dos pontos mais elevados da Vila, evidenciando-se e marcando fortemente a paisagem.<\/p>\n\n\n\n<p>Note-se que, com a exce\u00e7\u00e3o destes im\u00f3veis, os que n\u00e3o s\u00e3o propriedade do Ecomuseu do Corvo, est\u00e3o integrados mediante acordos ou protocolos na tal rede multirrelacional, que permitir\u00e1 aceder \u00e0 realidade da viv\u00eancia corvina.<\/p>\n\n\n\n<p>Consulte o nosso Panfleto:<\/p>\n\n\n\n<div data-wp-interactive=\"core\/file\" class=\"wp-block-file\"><object data-wp-bind--hidden=\"!state.hasPdfPreview\" hidden class=\"wp-block-file__embed\" data=\"https:\/\/ecomuseu-corvo.cultura.azores.gov.pt\/wp-content\/uploads\/2025\/08\/Panfleto_EcomuseudoCorvo2024_v3.pdf\" type=\"application\/pdf\" style=\"width:100%;height:600px\" aria-label=\"Embed of Panfleto_EcomuseudoCorvo2024_v3.\"><\/object><a id=\"wp-block-file--media-a80a4778-891d-4d84-8ea5-c61169004999\" href=\"https:\/\/ecomuseu-corvo.cultura.azores.gov.pt\/wp-content\/uploads\/2025\/08\/Panfleto_EcomuseudoCorvo2024_v3.pdf\">Panfleto_EcomuseudoCorvo2024_v3<\/a><a href=\"https:\/\/ecomuseu-corvo.cultura.azores.gov.pt\/wp-content\/uploads\/2025\/08\/Panfleto_EcomuseudoCorvo2024_v3.pdf\" class=\"wp-block-file__button wp-element-button\" download aria-describedby=\"wp-block-file--media-a80a4778-891d-4d84-8ea5-c61169004999\">Descarregar<\/a><\/div>","protected":false},"excerpt":{"rendered":"<p>O Ecomuseu do Corvo \u00e9 um sistema de redes multirrelacionais que articula polos, recursos e complexos de valor patrimonial, geridos nos respetivos contextos ecol\u00f3gicos e numa perspetiva de desenvolvimento social [&hellip;]<\/p>\n","protected":false},"author":6,"featured_media":0,"parent":0,"menu_order":0,"comment_status":"closed","ping_status":"closed","template":"templates\/template-full-width.php","meta":{"footnotes":""},"class_list":["post-109","page","type-page","status-publish","hentry"],"_links":{"self":[{"href":"https:\/\/ecomuseu-corvo.cultura.azores.gov.pt\/en\/wp-json\/wp\/v2\/pages\/109","targetHints":{"allow":["GET"]}}],"collection":[{"href":"https:\/\/ecomuseu-corvo.cultura.azores.gov.pt\/en\/wp-json\/wp\/v2\/pages"}],"about":[{"href":"https:\/\/ecomuseu-corvo.cultura.azores.gov.pt\/en\/wp-json\/wp\/v2\/types\/page"}],"author":[{"embeddable":true,"href":"https:\/\/ecomuseu-corvo.cultura.azores.gov.pt\/en\/wp-json\/wp\/v2\/users\/6"}],"replies":[{"embeddable":true,"href":"https:\/\/ecomuseu-corvo.cultura.azores.gov.pt\/en\/wp-json\/wp\/v2\/comments?post=109"}],"version-history":[{"count":27,"href":"https:\/\/ecomuseu-corvo.cultura.azores.gov.pt\/en\/wp-json\/wp\/v2\/pages\/109\/revisions"}],"predecessor-version":[{"id":4728,"href":"https:\/\/ecomuseu-corvo.cultura.azores.gov.pt\/en\/wp-json\/wp\/v2\/pages\/109\/revisions\/4728"}],"wp:attachment":[{"href":"https:\/\/ecomuseu-corvo.cultura.azores.gov.pt\/en\/wp-json\/wp\/v2\/media?parent=109"}],"curies":[{"name":"wp","href":"https:\/\/api.w.org\/{rel}","templated":true}]}}